{"id":1417,"date":"2025-11-20T13:16:27","date_gmt":"2025-11-20T13:16:27","guid":{"rendered":"https:\/\/lootzinocasino.org\/app-2\/"},"modified":"2025-11-21T07:11:12","modified_gmt":"2025-11-21T07:11:12","slug":"app","status":"publish","type":"page","link":"https:\/\/lootzinocasino.org\/de\/app\/","title":{"rendered":"App"},"content":{"rendered":"<h1>Lootzino Mobile Plattform<\/h1>\n<p>Die Lootzino App der neuen Generation bietet leichtes, installationsfreies mobiles Gaming auf verschiedenen Plattformen. Wir haben sie mit den modernsten Spitzentechnologien ausgestattet und sie verf\u00fcgt \u00fcber ein benutzerfreundliches Design. Sie funktioniert sowohl auf Mobilger\u00e4ten als auch auf Desktop-Computern einwandfrei.<\/p>\n<p>Lootzino Casino garantiert, dass unsere Spieler aus einer gro\u00dfen Auswahl an Online Slots, Live Casino und Tischspielen w\u00e4hlen k\u00f6nnen und dabei von hervorragender Grafik und sicheren Transaktionen profitieren. Die Anwendbarkeit und Zuverl\u00e4ssigkeit unserer App sorgen daf\u00fcr, dass sie sich als eine der beliebtesten Anwendungen hervorhebt, die ein Spieler bevorzugen w\u00fcrde, ohne dabei Abstriche bei der Leistung machen zu m\u00fcssen.<\/p>\n<div class=\"banner-wrap\" aria-label=\"Banner\"><img src=\"https:\/\/lootzinocasino.org\/wp-content\/uploads\/2025\/11\/Lootzino-banner-carousel-800\u0445400.webp\" class=\"w-100 d-none d-lg-block img-pc main-banner-img\" alt=\"Lootzino banner desktop\" fetchpriority=\"high\" decoding=\"async\"><img src=\"https:\/\/lootzinocasino.org\/wp-content\/uploads\/2025\/12\/Group-25.webp\" class=\"w-100 d-none d-md-block d-lg-none main-banner-img\" alt=\"Lootzino banner mobile\" fetchpriority=\"high\" decoding=\"async\"><img src=\"https:\/\/lootzinocasino.org\/wp-content\/uploads\/2025\/12\/Group-25.webp\" class=\"w-100 d-md-none\" alt=\"Lootzino banner mobile\" fetchpriority=\"high\" decoding=\"async\"><div class=\"banner-description\">\n<div class=\"banner-title\">Willkommensboni<\/div>\n<p class=\"banner-header-title\">1500 \u20ac<\/p>\n<div class=\"banner-header-AdditionalText\">+ 250 Freispiele<\/div>\n<button data-item=\"homepage_banner_link\" class=\"goto m-button m-gradient-border m-button--primary m-button--large banner-button btn-orange\">\n            <div class=\"m-button-content\">\n                <span>Jetzt anmelden<\/span>\n                <span><\/span>\n            <\/div>\n        <\/button>\n<\/div>\n<div class=\"WelcomePack\">\n<p><img loading=\"lazy\" decoding=\"async\" class=\"alignnone size-full wp-image-1338\" src=\"https:\/\/lootzinocasino.org\/wp-content\/uploads\/2025\/11\/welcome-crown.svg\" alt=\"crown\" width=\"25\" height=\"26\" \/><\/p>\n<div class=\"WelcomePack-Info\">W\u00f6chentlicher Cashback von bis zu 25 %<\/div>\n<p><img loading=\"lazy\" decoding=\"async\" class=\"alignnone size-full wp-image-1338\" src=\"https:\/\/lootzinocasino.org\/wp-content\/uploads\/2025\/11\/welcome-crown.svg\" alt=\"crown\" width=\"25\" height=\"26\" \/><\/p>\n<\/div>\n<\/div>\n<h2>Verwendung der Lootzino App auf Mobilger\u00e4ten<\/h2>\n<p>Die hochmoderne, fortschrittliche Lootzino App wird das Erlebnis von Casinospielen auf dem Smartphone revolutionieren, da sie optimal f\u00fcr mobile Ger\u00e4te optimiert ist und ein mobiles Erlebnis bietet. Sie ist mit allen g\u00e4ngigen Ger\u00e4ten kompatibel, l\u00e4uft schnell und bietet eine hervorragende Grafik und hohe Geschwindigkeit.<\/p>\n<p>Mit unserer Lootzino App k\u00f6nnen Spieler ihre Lieblingsspiele \u00fcberall genie\u00dfen, egal ob auf dem Weg zur Arbeit, in der Pause oder bequem von zu Hause aus. Die benutzerfreundliche Oberfl\u00e4che macht das Spielen einfach, und h\u00f6chste Sicherheitsstandards garantieren den Schutz von Transaktionen und pers\u00f6nlichen Daten.<\/p>\n<p>Das Lootzino Mobile Casino ist im Gegensatz zum Spielen auf einem Desktop auch mobil, sodass Sie mit Smartphones und Tablets ein ununterbrochenes Spielerlebnis genie\u00dfen k\u00f6nnen, ohne Kompromisse bei der Grafik eingehen zu m\u00fcssen. Wir bieten Ihnen die gesamte Spielvielfalt in Echtzeit.<\/p>\n<p><div style=\"clear: both\"><\/div><div class=\"d-flex justify-content-center\"><button data-item=\"decouvrez_link\" data-group=\"website_links\" class=\"goto fw-bold rounded-pill btn btn-orange\" aria-label=\"Laden Sie die Lootzino Casino App herunter\" >Laden Sie die Lootzino Casino App herunter<\/button><\/div><div class=\"scrollable-content-wrap my-5\"><div class=\"scrollable-content-inner\"><h2>Loot Zino Android-App<\/h2>\n<p>Die Android-App Loot Zino ist jetzt als Progressive Web Application (PWA) verf\u00fcgbar. Dabei handelt es sich um unseren sicheren und einfachen Ansatz, das Casino ohne das Herunterladen von APK-Paketen zu \u00f6ffnen. Dies verbessert die Sicherheit, und es m\u00fcssen keine gro\u00dfen Dateien mehr installiert werden, die den Akku belasten.<\/p>\n<p>PWA hat den Installationsprozess vereinfacht und daf\u00fcr gesorgt, dass neue Funktionen und Spiele automatisch aktualisiert werden, ohne dass Sie etwas tun m\u00fcssen. Wir sagen, dass der Installationsprozess einfach ist, weil unser Lootzino Casino-Benutzer nur auf die angegebene Schaltfl\u00e4che auf der mobilen Website tippen muss, wodurch ein Symbol auf der Startseite platziert wird, auf das leicht zugegriffen werden kann.<\/p>\n<p>Die Android-Version verliert nichts an Funktionalit\u00e4t, da sie Transaktionen mit echtem Geld durchf\u00fchren, Benachrichtigungen \u00fcber neue Angebote empfangen und auf die gesamte Spielebibliothek zugreifen kann, darunter Online Slots, Live Casino und Tischspiele. Sie \u00e4hnelt den Funktionen der Desktop-Plattform und ist daher leicht zu navigieren und zu verstehen.<\/p>\n<p>Aber was sind die Hauptmerkmale unserer Lootzino App? Lassen Sie uns diese kurz aufz\u00e4hlen:<\/p>\n<ul>\n<li>100 % responsive Benutzeroberfl\u00e4che, die sich jeder Bildschirmgr\u00f6\u00dfe anpasst.<\/li>\n<li>Schnelles und rasantes Gameplay, selbst wenn der Verkehr am st\u00e4rksten ist.<\/li>\n<li>Geringe Zugangsbeschr\u00e4nkungen f\u00fcr Online Slots, Live Casino und Crash-Spiele.<\/li>\n<li>Sichere Transaktionen dank Verschl\u00fcsselungstechnologie.<\/li>\n<li>Unterst\u00fctzung von Android- und iOS-Ger\u00e4ten.<\/li>\n<li>Zugriff ohne lange Downloads und Installationen.<\/li>\n<\/ul>\n<p>Wir hoffen, dass Sie nun klar erkennen k\u00f6nnen, wie gro\u00dfartig die Entscheidung ist, unsere Lootzino App auszuprobieren.<\/p>\n<h3>Lootzino Casino PWA und APK<\/h3>\n<p>Bei Lootzino Casino versuchen wir, mit den weltweit fortschrittlichsten Trends Schritt zu halten. Die Umstellung auf eine webbasierte Anwendung war f\u00fcr uns eine selbstverst\u00e4ndliche Entscheidung. Wir beabsichtigen, die traditionellen APK-Dateien vollst\u00e4ndig zu entfernen, damit Ihre Sicherheitsbedenken hinsichtlich unbekannter Downloads minimiert werden.<\/p>\n<p>Unsere PWA-Version garantiert ein schnelles Laden. Sie ist au\u00dferdem mit allen aktuellen Android-Ger\u00e4ten kompatibel. Die Lootzino App kann im Browser der Spieler installiert werden und wird automatisch aktualisiert, sodass man ohne manuellen Aufwand neue Funktionen und Sicherheitsupdates erh\u00e4lt. Ein solches System sorgt f\u00fcr ein nahtloses Spielerlebnis ohne Software-Updates oder Kompatibilit\u00e4tsprobleme w\u00e4hrend des Spiels.<\/p>\n<p>Warum ist PWA besser?<\/p>\n<table>\n<tbody>\n<tr>\n<td>Lootzino Casino bietet<\/td>\n<td>PWA<\/td>\n<td>APK<\/td>\n<\/tr>\n<tr>\n<td>Sicherheit<\/td>\n<td>Bessere Sicherheit. Keine unbekannten Orte.<\/td>\n<td>Risiko, sich Malware einzufangen.<\/td>\n<\/tr>\n<tr>\n<td>Installationsanleitung<\/td>\n<td>Direkt \u00fcber einen Webbrowser installiert.<\/td>\n<td>Manuell heruntergeladen und installiert.<\/td>\n<\/tr>\n<tr>\n<td>Aktualisierungen<\/td>\n<td>Automatisch im Browser.<\/td>\n<td>Aktualisieren Sie die App manuell.<\/td>\n<\/tr>\n<tr>\n<td>Kompatibilit\u00e4t<\/td>\n<td>Funktioniert mit jedem modernen Android-Smartphone und Browser.<\/td>\n<td>Probleme mit verschiedenen Ger\u00e4ten oder Betriebssystem-Updates.<\/td>\n<\/tr>\n<tr>\n<td>Ladegeschwindigkeit<\/td>\n<td>L\u00e4dt sehr schnell, was f\u00fcr ein fl\u00fcssiges Erlebnis sorgt.<\/td>\n<td>Die Ladegeschwindigkeit kann je nach Ger\u00e4t und App-Version variieren.<\/td>\n<\/tr>\n<tr>\n<td>Wartung und Aktualisierungen:<\/td>\n<td>Keine manuellen Updates erforderlich. Es wird immer die neueste Version ausgef\u00fchrt.<\/td>\n<td>Muss manuell aktualisiert werden.<\/td>\n<\/tr>\n<tr>\n<td>Benutzererfahrung:<\/td>\n<td>Bieten Sie ein reibungsloses Gaming- oder App-Erlebnis, da es keine Software-Updates oder Kompatibilit\u00e4tsprobleme gibt.<\/td>\n<td>Updates k\u00f6nnen zu St\u00f6rungen f\u00fchren.<\/td>\n<\/tr>\n<tr>\n<td>Verteilung:<\/td>\n<td>PWAs m\u00fcssen nicht \u00fcber Stores laufen, sondern direkt \u00fcber einen Browser.<\/td>\n<td>In App-Stores mit Regeln oder Genehmigungsprozessen.<\/td>\n<\/tr>\n<\/tbody>\n<\/table>\n<p><img loading=\"lazy\" decoding=\"async\" src=\"https:\/\/lootzinocasino.org\/wp-content\/uploads\/2025\/11\/Lootzino-Android-App.webp\" alt=\"Lootzino Android App\" width=\"1248\" height=\"536\" \/><\/p>\n<\/div><\/div><div style=\"clear: both\"><\/div><div class=\"d-flex justify-content-center\"><button data-item=\"decouvrez_link\" data-group=\"website_links\" class=\"goto fw-bold rounded-pill btn btn-orange\" aria-label=\"Lootzino herunterladen\" >Lootzino herunterladen<\/button><\/div><div class=\"scrollable-content-wrap my-5\"><div class=\"scrollable-content-inner\"><h2>Lootzino Casino iOS Mobile App<\/h2>\n<p>Lootzino Casino hat einen speziellen PWA-Link f\u00fcr den Startbildschirm von iPhone- und iPad-Nutzern. Die Einrichtung ist ganz einfach: Sie m\u00fcssen nur im Safari-Men\u00fc auf \u201eZum Startbildschirm hinzuf\u00fcgen\u201d tippen. Die Lootzino App kann heruntergeladen werden und bietet nach der Installation sofortigen Zugriff auf alle Online Slots, Live Casinos und Tischspiele, die alle f\u00fcr Apple-Ger\u00e4te optimiert sind.<\/p>\n<p>Das Design ist leistungsorientiert und es gibt keine Verz\u00f6gerungen oder Pufferungen beim Spielen. Die iOS-Grafiken und -Animationen sind individuell angepasst und die visuelle Qualit\u00e4t ist hoch. Jede einzelne Transaktion ist verschl\u00fcsselt und die \u00dcberpr\u00fcfung sowohl von Ein- als auch Auszahlungen erfolgt mit einem hohen Ma\u00df an Sicherheit, was die Spielumgebung sicher und gesch\u00fctzt macht.<\/p>\n<p><img loading=\"lazy\" decoding=\"async\" src=\"https:\/\/lootzinocasino.org\/wp-content\/uploads\/2025\/11\/Lootzino-iOS-App.webp\" alt=\"Lootzino iOS App\" width=\"1248\" height=\"536\" \/><\/p>\n<\/div><\/div><div style=\"clear: both\"><\/div><div class=\"d-flex justify-content-center\"><button data-item=\"decouvrez_link\" data-group=\"website_links\" class=\"goto fw-bold rounded-pill btn btn-orange\" aria-label=\"Laden Sie die Lootzino Casino App herunter\" >Laden Sie die Lootzino Casino App herunter<\/button><\/div><div class=\"scrollable-content-wrap my-5\"><div class=\"scrollable-content-inner\"><h2>Windows- und macOS-Anwendungen<\/h2>\n<p>Lootzino Casino wird neben der mobilen L\u00f6sung auch von einer Desktop-Version f\u00fcr Windows und macOS unterst\u00fctzt. Unsere Desktop Lootzino App verf\u00fcgt \u00fcber eine hervorragende Grafik, hochaufl\u00f6sende Bildschirme und eine vereinfachte Benutzeroberfl\u00e4che, um die Verwaltung von Konten und das Spielen zu erleichtern.<\/p>\n<p>Spieler haben Zugang zum gesamten Serviceangebot mit Online Slots, Live Casino, Baccarat und Pokerspielen und profitieren von einer schnellen Transaktionsabwicklung. Sie k\u00f6nnen auch Verkn\u00fcpfungen auf dem Desktop erstellen, um sofort darauf zugreifen zu k\u00f6nnen, was den Komfort zus\u00e4tzlich erh\u00f6ht. Unsere Desktop-Version verf\u00fcgt \u00fcber die gleichen Sicherheitsmerkmale und Funktionen wie die mobilen Anwendungen, beispielsweise die Verf\u00fcgbarkeit des Support Teams im Live Chat, das Ihnen sofortige Hilfe bietet.<\/p>\n<p><img loading=\"lazy\" decoding=\"async\" src=\"https:\/\/lootzinocasino.org\/wp-content\/uploads\/2025\/11\/Lootzino-Desktop.webp\" alt=\"Lootzino Desktop\" width=\"1248\" height=\"536\" \/><\/p>\n<\/div><\/div><div style=\"clear: both\"><\/div><div class=\"d-flex justify-content-center\"><button data-item=\"decouvrez_link\" data-group=\"website_links\" class=\"goto fw-bold rounded-pill btn btn-orange\" aria-label=\"Lootzino herunterladen\" >Lootzino herunterladen<\/button><\/div><div class=\"scrollable-content-wrap my-5\"><div class=\"scrollable-content-inner\"><h2>Beute Zino FAQ<\/h2>\n<h3>Ist f\u00fcr die Nutzung der Loot Zino App die Erstellung eines Kontos erforderlich?<\/h3>\n<p>Um alle Funktionen der Website nutzen zu k\u00f6nnen, wie z. B. Echtgeldtransaktionen, Gameplay und den Verifizierungsprozess, ist ein registriertes Konto erforderlich. Die Lootzino App ist schnell und einfach zu registrieren und bietet ein individuelles Spielerlebnis auf allen Ger\u00e4ten.<\/p>\n<h3>Bietet die App \u201eLoot Zino Casino\u201c Kundensupport?<\/h3>\n<p>Wir sind immer f\u00fcr Sie da \u2013 rund um die Uhr. Wir bieten Ihnen einen Vollzeit-Support \u00fcber Live Chat, E-Mail und die Loot Zino FAQ. Das Support Team hilft Ihnen bei technischen Problemen, der Einrichtung Ihres Kontos und Fragen zu Transaktionen, damit Sie ein reibungsloses Spielerlebnis genie\u00dfen k\u00f6nnen.<\/p>\n<h3>Wie kann ich die Lootzino Casino App aktualisieren?<\/h3>\n<p>An unsere Loot Zino-Mobilnutzer: Die Anwendung wird automatisch \u00fcber die Web-App oder eine PWA aktualisiert, ohne dass manuelle Ma\u00dfnahmen erforderlich sind. Sie bleiben stets \u00fcber alle neuen Funktionen und Sicherheitsverbesserungen auf dem Laufenden.<\/p>\n<\/div><\/div><\/p>\n","protected":false},"excerpt":{"rendered":"<p>Lootzino Mobile Plattform Die Lootzino App der neuen Generation bietet leichtes, installationsfreies mobiles Gaming auf verschiedenen Plattformen. Wir haben sie mit den modernsten Spitzentechnologien ausgestattet und sie verf\u00fcgt \u00fcber ein benutzerfreundliches Design. Sie funktioniert sowohl auf Mobilger\u00e4ten als auch auf Desktop-Computern einwandfrei. Lootzino Casino garantiert, dass unsere Spieler aus einer gro\u00dfen Auswahl an Online Slots, [&hellip;]<\/p>\n","protected":false},"author":1,"featured_media":0,"parent":0,"menu_order":0,"comment_status":"closed","ping_status":"closed","template":"template-builder.php","meta":{"_acf_changed":false,"inline_featured_image":false,"footnotes":""},"class_list":["post-1417","page","type-page","status-publish","hentry"],"acf":[],"yoast_head":"<!-- This site is optimized with the Yoast SEO plugin v27.3 - https:\/\/yoast.com\/product\/yoast-seo-wordpress\/ -->\n<title>Lootzino App | iOS- und Android-Plattformen<\/title>\n<meta name=\"description\" content=\"Die Lootzino-App bietet reibungsloses Casino-Gaming auf Android, iOS, Windows und macOS mit synchronisierten Konten, regelm\u00e4\u00dfigen Updates und integriertem Kundensupport f\u00fcr ein stressfreies Erlebnis.\" \/>\n<meta name=\"robots\" content=\"index, follow, max-snippet:-1, max-image-preview:large, max-video-preview:-1\" \/>\n<link rel=\"canonical\" href=\"https:\/\/lootzinocasino.org\/de\/app\/\" \/>\n<meta property=\"og:locale\" content=\"de_DE\" \/>\n<meta property=\"og:type\" content=\"article\" \/>\n<meta property=\"og:title\" content=\"Lootzino App | iOS- und Android-Plattformen\" \/>\n<meta property=\"og:description\" content=\"Die Lootzino-App bietet reibungsloses Casino-Gaming auf Android, iOS, Windows und macOS mit synchronisierten Konten, regelm\u00e4\u00dfigen Updates und integriertem Kundensupport f\u00fcr ein stressfreies Erlebnis.\" \/>\n<meta property=\"og:url\" content=\"https:\/\/lootzinocasino.org\/de\/app\/\" \/>\n<meta property=\"og:site_name\" content=\"lootzino\" \/>\n<meta property=\"article:modified_time\" content=\"2025-11-21T07:11:12+00:00\" \/>\n<meta name=\"twitter:card\" content=\"summary_large_image\" \/>\n<meta name=\"twitter:label1\" content=\"Gesch\u00e4tzte Lesezeit\" \/>\n\t<meta name=\"twitter:data1\" content=\"2\u00a0Minuten\" \/>\n<script type=\"application\/ld+json\" class=\"yoast-schema-graph\">{\"@context\":\"https:\\\/\\\/schema.org\",\"@graph\":[{\"@type\":\"WebPage\",\"@id\":\"https:\\\/\\\/lootzinocasino.org\\\/de\\\/app\\\/\",\"url\":\"https:\\\/\\\/lootzinocasino.org\\\/de\\\/app\\\/\",\"name\":\"Lootzino App | iOS- und Android-Plattformen\",\"isPartOf\":{\"@id\":\"https:\\\/\\\/lootzinocasino.org\\\/de\\\/#website\"},\"datePublished\":\"2025-11-20T13:16:27+00:00\",\"dateModified\":\"2025-11-21T07:11:12+00:00\",\"description\":\"Die Lootzino-App bietet reibungsloses Casino-Gaming auf Android, iOS, Windows und macOS mit synchronisierten Konten, regelm\u00e4\u00dfigen Updates und integriertem Kundensupport f\u00fcr ein stressfreies Erlebnis.\",\"breadcrumb\":{\"@id\":\"https:\\\/\\\/lootzinocasino.org\\\/de\\\/app\\\/#breadcrumb\"},\"inLanguage\":\"de\",\"potentialAction\":[{\"@type\":\"ReadAction\",\"target\":[\"https:\\\/\\\/lootzinocasino.org\\\/de\\\/app\\\/\"]}]},{\"@type\":\"BreadcrumbList\",\"@id\":\"https:\\\/\\\/lootzinocasino.org\\\/de\\\/app\\\/#breadcrumb\",\"itemListElement\":[{\"@type\":\"ListItem\",\"position\":1,\"name\":\"Lootzino\",\"item\":\"https:\\\/\\\/lootzinocasino.org\\\/de\\\/\"},{\"@type\":\"ListItem\",\"position\":2,\"name\":\"App\"}]},{\"@type\":\"WebSite\",\"@id\":\"https:\\\/\\\/lootzinocasino.org\\\/de\\\/#website\",\"url\":\"https:\\\/\\\/lootzinocasino.org\\\/de\\\/\",\"name\":\"Lootzino\",\"description\":\"\",\"publisher\":{\"@id\":\"https:\\\/\\\/lootzinocasino.org\\\/de\\\/#organization\"},\"potentialAction\":[{\"@type\":\"SearchAction\",\"target\":{\"@type\":\"EntryPoint\",\"urlTemplate\":\"https:\\\/\\\/lootzinocasino.org\\\/de\\\/?s={search_term_string}\"},\"query-input\":{\"@type\":\"PropertyValueSpecification\",\"valueRequired\":true,\"valueName\":\"search_term_string\"}}],\"inLanguage\":\"de\"},{\"@type\":\"Organization\",\"@id\":\"https:\\\/\\\/lootzinocasino.org\\\/de\\\/#organization\",\"name\":\"Lootzino\",\"url\":\"https:\\\/\\\/lootzinocasino.org\\\/de\\\/\",\"logo\":{\"@type\":\"ImageObject\",\"inLanguage\":\"de\",\"@id\":\"https:\\\/\\\/lootzinocasino.org\\\/de\\\/#\\\/schema\\\/logo\\\/image\\\/\",\"url\":\"https:\\\/\\\/lootzinocasino.org\\\/wp-content\\\/uploads\\\/2025\\\/11\\\/lootzino.svg\",\"contentUrl\":\"https:\\\/\\\/lootzinocasino.org\\\/wp-content\\\/uploads\\\/2025\\\/11\\\/lootzino.svg\",\"width\":16,\"height\":20,\"caption\":\"Lootzino\"},\"image\":{\"@id\":\"https:\\\/\\\/lootzinocasino.org\\\/de\\\/#\\\/schema\\\/logo\\\/image\\\/\"}}]}<\/script>\n<!-- \/ Yoast SEO plugin. -->","yoast_head_json":{"title":"Lootzino App | iOS- und Android-Plattformen","description":"Die Lootzino-App bietet reibungsloses Casino-Gaming auf Android, iOS, Windows und macOS mit synchronisierten Konten, regelm\u00e4\u00dfigen Updates und integriertem Kundensupport f\u00fcr ein stressfreies Erlebnis.","robots":{"index":"index","follow":"follow","max-snippet":"max-snippet:-1","max-image-preview":"max-image-preview:large","max-video-preview":"max-video-preview:-1"},"canonical":"https:\/\/lootzinocasino.org\/de\/app\/","og_locale":"de_DE","og_type":"article","og_title":"Lootzino App | iOS- und Android-Plattformen","og_description":"Die Lootzino-App bietet reibungsloses Casino-Gaming auf Android, iOS, Windows und macOS mit synchronisierten Konten, regelm\u00e4\u00dfigen Updates und integriertem Kundensupport f\u00fcr ein stressfreies Erlebnis.","og_url":"https:\/\/lootzinocasino.org\/de\/app\/","og_site_name":"lootzino","article_modified_time":"2025-11-21T07:11:12+00:00","twitter_card":"summary_large_image","twitter_misc":{"Gesch\u00e4tzte Lesezeit":"2\u00a0Minuten"},"schema":{"@context":"https:\/\/schema.org","@graph":[{"@type":"WebPage","@id":"https:\/\/lootzinocasino.org\/de\/app\/","url":"https:\/\/lootzinocasino.org\/de\/app\/","name":"Lootzino App | iOS- und Android-Plattformen","isPartOf":{"@id":"https:\/\/lootzinocasino.org\/de\/#website"},"datePublished":"2025-11-20T13:16:27+00:00","dateModified":"2025-11-21T07:11:12+00:00","description":"Die Lootzino-App bietet reibungsloses Casino-Gaming auf Android, iOS, Windows und macOS mit synchronisierten Konten, regelm\u00e4\u00dfigen Updates und integriertem Kundensupport f\u00fcr ein stressfreies Erlebnis.","breadcrumb":{"@id":"https:\/\/lootzinocasino.org\/de\/app\/#breadcrumb"},"inLanguage":"de","potentialAction":[{"@type":"ReadAction","target":["https:\/\/lootzinocasino.org\/de\/app\/"]}]},{"@type":"BreadcrumbList","@id":"https:\/\/lootzinocasino.org\/de\/app\/#breadcrumb","itemListElement":[{"@type":"ListItem","position":1,"name":"Lootzino","item":"https:\/\/lootzinocasino.org\/de\/"},{"@type":"ListItem","position":2,"name":"App"}]},{"@type":"WebSite","@id":"https:\/\/lootzinocasino.org\/de\/#website","url":"https:\/\/lootzinocasino.org\/de\/","name":"Lootzino","description":"","publisher":{"@id":"https:\/\/lootzinocasino.org\/de\/#organization"},"potentialAction":[{"@type":"SearchAction","target":{"@type":"EntryPoint","urlTemplate":"https:\/\/lootzinocasino.org\/de\/?s={search_term_string}"},"query-input":{"@type":"PropertyValueSpecification","valueRequired":true,"valueName":"search_term_string"}}],"inLanguage":"de"},{"@type":"Organization","@id":"https:\/\/lootzinocasino.org\/de\/#organization","name":"Lootzino","url":"https:\/\/lootzinocasino.org\/de\/","logo":{"@type":"ImageObject","inLanguage":"de","@id":"https:\/\/lootzinocasino.org\/de\/#\/schema\/logo\/image\/","url":"https:\/\/lootzinocasino.org\/wp-content\/uploads\/2025\/11\/lootzino.svg","contentUrl":"https:\/\/lootzinocasino.org\/wp-content\/uploads\/2025\/11\/lootzino.svg","width":16,"height":20,"caption":"Lootzino"},"image":{"@id":"https:\/\/lootzinocasino.org\/de\/#\/schema\/logo\/image\/"}}]}},"_links":{"self":[{"href":"https:\/\/lootzinocasino.org\/de\/wp-json\/wp\/v2\/pages\/1417","targetHints":{"allow":["GET"]}}],"collection":[{"href":"https:\/\/lootzinocasino.org\/de\/wp-json\/wp\/v2\/pages"}],"about":[{"href":"https:\/\/lootzinocasino.org\/de\/wp-json\/wp\/v2\/types\/page"}],"author":[{"embeddable":true,"href":"https:\/\/lootzinocasino.org\/de\/wp-json\/wp\/v2\/users\/1"}],"replies":[{"embeddable":true,"href":"https:\/\/lootzinocasino.org\/de\/wp-json\/wp\/v2\/comments?post=1417"}],"version-history":[{"count":2,"href":"https:\/\/lootzinocasino.org\/de\/wp-json\/wp\/v2\/pages\/1417\/revisions"}],"predecessor-version":[{"id":1610,"href":"https:\/\/lootzinocasino.org\/de\/wp-json\/wp\/v2\/pages\/1417\/revisions\/1610"}],"wp:attachment":[{"href":"https:\/\/lootzinocasino.org\/de\/wp-json\/wp\/v2\/media?parent=1417"}],"curies":[{"name":"wp","href":"https:\/\/api.w.org\/{rel}","templated":true}]}}