{"id":1465,"date":"2025-11-20T13:18:25","date_gmt":"2025-11-20T13:18:25","guid":{"rendered":"https:\/\/lootzinocasino.org\/login-and-registration\/"},"modified":"2025-11-21T07:13:55","modified_gmt":"2025-11-21T07:13:55","slug":"anmeldung-und-registrierung","status":"publish","type":"page","link":"https:\/\/lootzinocasino.org\/de\/anmeldung-und-registrierung\/","title":{"rendered":"Anmeldung und Registrierung"},"content":{"rendered":"<h1>Lootzino-Kontoanmeldung und -Registrierung<\/h1>\n<p>Die Lootzino Login ist Ihr Tor zu einem reibungslosen Erlebnis in unserem dynamischen Online-Casino. Lootzino wurde geschaffen, um unseren Spielern den schnellsten und sichersten Ort zu bieten, an dem sie eine Vielzahl von Spielen spielen, ihre Konten verwalten und einzigartige Angebote mit schnellem Zugang erhalten k\u00f6nnen.<\/p>\n<p>Die Anmeldung sollte nicht kompliziert sein, und unsere Website garantiert Ihnen eine komfortable und stabile Erfahrung beim Lootzino Casino Anmeldeprozess, der durch ein leistungsstarkes Sicherheitssystem und einen rund um die Uhr verf\u00fcgbaren Kundensupport unterst\u00fctzt wird.<\/p>\n<p><div class=\"banner-wrap\" aria-label=\"Banner\"><img src=\"https:\/\/lootzinocasino.org\/wp-content\/uploads\/2025\/11\/Lootzino-banner-carousel-800\u0445400.webp\" class=\"w-100 d-none d-lg-block img-pc main-banner-img\" alt=\"Lootzino banner desktop\" fetchpriority=\"high\" decoding=\"async\"><img src=\"https:\/\/lootzinocasino.org\/wp-content\/uploads\/2025\/12\/Group-25.webp\" class=\"w-100 d-none d-md-block d-lg-none main-banner-img\" alt=\"Lootzino banner mobile\" fetchpriority=\"high\" decoding=\"async\"><img src=\"https:\/\/lootzinocasino.org\/wp-content\/uploads\/2025\/12\/Group-25.webp\" class=\"w-100 d-md-none\" alt=\"Lootzino banner mobile\" fetchpriority=\"high\" decoding=\"async\"><div class=\"banner-description\">\n<div class=\"banner-title\">Willkommensboni<\/div>\n<p class=\"banner-header-title\">1500 \u20ac<\/p>\n<div class=\"banner-header-AdditionalText\">+ 250 Freispiele<\/div>\n<button data-item=\"homepage_banner_link\" class=\"goto m-button m-gradient-border m-button--primary m-button--large banner-button btn-orange\">\n            <div class=\"m-button-content\">\n                <span>Jetzt anmelden<\/span>\n                <span><\/span>\n            <\/div>\n        <\/button>\n<\/div>\n<div class=\"WelcomePack\">\n<p><img loading=\"lazy\" decoding=\"async\" class=\"alignnone size-full wp-image-1338\" src=\"https:\/\/lootzinocasino.org\/wp-content\/uploads\/2025\/11\/welcome-crown.svg\" alt=\"crown\" width=\"25\" height=\"26\" \/><\/p>\n<div class=\"WelcomePack-Info\">W\u00f6chentlicher Cashback von bis zu 25 %<\/div>\n<p><img loading=\"lazy\" decoding=\"async\" class=\"alignnone size-full wp-image-1338\" src=\"https:\/\/lootzinocasino.org\/wp-content\/uploads\/2025\/11\/welcome-crown.svg\" alt=\"crown\" width=\"25\" height=\"26\" \/><\/p>\n<\/div>\n<\/div><div class=\"scrollable-content-wrap my-5\"><div class=\"scrollable-content-inner\"><h2>Neuanmeldung bei Loot Zino<\/h2>\n<p>Wenn Sie ein Konto bei Loot Zino er\u00f6ffnen, erhalten Sie als Spieler automatisch Zugang zu mehreren attraktiven Vorteilen. Neumitglieder erhalten ein attraktives Willkommenspaket mit einem Bonus von bis zu 1.500 \u20ac und zus\u00e4tzlich 200 Freispielen.<\/p>\n<p>Die Registrierung umfasst den Zugang zu Ihrer pers\u00f6nlichen Kontoverwaltung, wo Sie alle unsere laufenden Aktionen einsehen und Turniere ausw\u00e4hlen k\u00f6nnen, bei denen Sie Ihr Gl\u00fcck versuchen m\u00f6chten. Unser Registrierungssystem ist einfach und schnell, und es dauert nur wenige Minuten, bis Sie mit dem Spielen beginnen k\u00f6nnen, da es sich um eine schnelle Methode handelt, unserer vielf\u00e4ltigen Community beizutreten.<\/p>\n<h2>Erstellen Sie Ihr Konto bei Lootzino Casino<\/h2>\n<p>Wenn Sie die Demo-Versuche bereits abgeschlossen haben und nun mit echtem Geld investieren und gewinnen m\u00f6chten, dann ist es h\u00f6chste Zeit, Ihren pers\u00f6nlichen Bereich im Lootzino Casino zu erstellen. Der Schritt Lootzino Login folgt, sobald die Anmeldung abgeschlossen ist.<\/p>\n<p>Die Er\u00f6ffnung eines Kontos im Lootzino Casino beginnt mit einem unkomplizierten Registrierungsprozess.<\/p>\n<ol>\n<li>In der oberen rechten Ecke unserer Lootzino Casino Homepage finden Sie den Registrierungsbutton.<\/li>\n<li>Geben Sie die erforderlichen Informationen ein (Ihre E-Mail-Adresse und ein sicheres Passwort).<\/li>\n<li>Best\u00e4tigen Sie Ihre Angaben, indem Sie das K\u00e4stchen ankreuzen und unseren Allgemeinen Gesch\u00e4ftsbedingungen zustimmen.<\/li>\n<li>Nach der Registrierung k\u00f6nnen Sie Ihr Konto sofort nutzen und haben Zugriff auf alle Funktionen und Vorteile der Plattform.<\/li>\n<\/ol>\n<p>Der Registrierungsprozess ist ebenfalls so effizient gestaltet, dass Sie so schnell wie m\u00f6glich mit dem Genie\u00dfen Ihrer Lieblingstitel beginnen k\u00f6nnen. Falls Ihnen dies nicht m\u00f6glich ist, bieten wir mehrsprachigen Support, der es allen Spielern weltweit erm\u00f6glicht, sich zu registrieren, sodass der Lootzino-Login nicht abst\u00fcrzt.<\/p>\n<h2>Erstellen und Verwenden eines Loot Zino Kontos<\/h2>\n<p>Die Anmeldung bei Ihrem Loot Zino Konto ist ganz einfach. Gehen Sie dazu oben rechts auf unserer Website auf die Schaltfl\u00e4che Loot Zino \u201eAnmelden\u201d. Geben Sie Ihre registrierte E-Mail-Adresse und Ihr Passwort ein und best\u00e4tigen Sie die Anmeldung. Nach der Registrierung k\u00f6nnen Sie Geld einzahlen, Ihren Kontoverlauf einsehen und Ihr Konto profilieren.<\/p>\n<p>Sie haben die M\u00f6glichkeit, Ein- und Auszahlungen effizient zu verwalten, Einzahlungen zu begrenzen, Ihren Spielverlauf einzusehen und an Werbeaktionen in Ihrem Konto-Dashboard teilzunehmen. Die Benutzeroberfl\u00e4che unserer Plattform ist benutzerfreundlich, sodass alle Optionen zur Kontoverwaltung bequem und leicht zug\u00e4nglich sind.<\/p>\n<p>Weitere Funktionen sind das Einladen von Freunden \u00fcber Empfehlungslinks, das Aktualisieren pers\u00f6nlicher Daten und die Aktivierung der Zwei-Faktor-Authentifizierung f\u00fcr erh\u00f6hte Sicherheit. Die Kombination aus benutzerfreundlichem Design und robuster Funktionalit\u00e4t macht Lootzino login zu einem zuverl\u00e4ssigen Einstiegspunkt f\u00fcr alle Gaming-Aktivit\u00e4ten.<\/p>\n<h3>Passwort vergessen?<\/h3>\n<p>Wenn Sie aufgrund eines vergessenen Passworts oder anderer Probleme Schwierigkeiten beim Zugriff auf Ihr Lootzino-Konto haben, dauert die Wiederherstellung nicht lange.<\/p>\n<ol>\n<li>Klicken Sie auf die Schaltfl\u00e4che Lootzino login.<\/li>\n<li>W\u00e4hlen Sie die Option \u201ePasswort vergessen?\u201c und klicken Sie darauf.<\/li>\n<li>Geben Sie Ihre registrierte E-Mail-Adresse ein und Sie erhalten eine E-Mail mit Anweisungen zum sicheren Zur\u00fccksetzen Ihrer Anmeldedaten.<\/li>\n<li>Befolgen Sie die Anweisungen in der E-Mail.<\/li>\n<li>Melden Sie sich wieder bei Ihrem Konto an.<\/li>\n<\/ol>\n<p>Unser Support-Team steht Ihnen auch per Live-Chat oder E-Mail zur Verf\u00fcgung, um Ihnen bei der Wiederherstellung Ihres Kontos oder bei Problemen mit der Lootzino login zu helfen. Der Zugang zu Ihrem Konto hat f\u00fcr uns oberste Priorit\u00e4t, und unsere Sicherheitsprotokolle sch\u00fctzen Ihre Daten w\u00e4hrend des gesamten Vorgangs.<\/p>\n<h3>Loot Zino Casino Kontoverifizierung und Sicherheit<\/h3>\n<p>Die Kontoverifizierung ist ein wichtiger Schritt, um die Sicherheit Ihres Lootzino Kontos zu gew\u00e4hrleisten. Der Verifizierungsprozess, der als KYC bezeichnet wird, umfasst die Einreichung g\u00fcltiger Ausweisdokumente, in der Regel eines Reisepasses oder F\u00fchrerscheins, sowie eines Adressnachweises, beispielsweise einer Stromrechnung. Dieser Schritt best\u00e4tigt uns Ihre Identit\u00e4t, hilft Betrug zu verhindern und erm\u00f6glicht Ihnen den uneingeschr\u00e4nkten Zugriff auf Auszahlungsfunktionen.<\/p>\n<table>\n<tbody>\n<tr>\n<td>Lootzino Casino Aspekt<\/td>\n<td>Ausf\u00fchrlicher<\/td>\n<\/tr>\n<tr>\n<td>Verifizierungsunterlagen<\/td>\n<td>G\u00fcltiger Ausweis (Reisepass, F\u00fchrerschein), Adressnachweis (Strom-, Gas- oder Wasserrechnung oder Grundsteuerbescheid)<\/td>\n<\/tr>\n<tr>\n<td>Zeitrahmen f\u00fcr die \u00dcberpr\u00fcfung<\/td>\n<td>Ungef\u00e4hr 48 Stunden nach Einreichung<\/td>\n<\/tr>\n<tr>\n<td>Vorteil f\u00fcr einen Spieler<\/td>\n<td>Erh\u00f6hte Sicherheit, unbegrenzte Auszahlungslimits<\/td>\n<\/tr>\n<\/tbody>\n<\/table>\n<p>Die typische Bearbeitungszeit f\u00fcr die KYC-Pers\u00f6nlichkeits\u00fcberpr\u00fcfung betr\u00e4gt etwa 48 Stunden nach Einreichung, mehr oder weniger. Sobald Sie \u00fcberpr\u00fcft sind, profitiert Ihr Konto von erh\u00f6hter Sicherheit, h\u00f6heren Auszahlungslimits und der Einhaltung gesetzlicher Standards. Unsere Plattform verwendet fortschrittliche SSL-Verschl\u00fcsselung zum Schutz aller Benutzerdaten und unterst\u00fctzt mehrere Sicherheitsfunktionen, einschlie\u00dflich Zwei-Faktor-Authentifizierung, sofern verf\u00fcgbar.<\/p>\n<h2>H\u00e4ufig gestellte Fragen<\/h2>\n<h3>Wie schlie\u00dfe ich den Lootzino Casino Kontoverifizierungsprozess ab?<\/h3>\n<p>Um Ihre Verifizierung abzuschlie\u00dfen, melden Sie sich unter Lootzino login bei Ihrem Konto an und navigieren Sie zum Abschnitt \u201eVerifizierung\u201c. Laden Sie gut lesbare Kopien Ihres g\u00fcltigen Ausweises und Ihrer Adressbest\u00e4tigung hoch. Unser Support-Team pr\u00fcft Ihre Dokumente und benachrichtigt Sie, sobald Ihr Konto verifiziert ist, in der Regel innerhalb von 48 Stunden. Die Verifizierung erh\u00f6ht die Kontosicherheit, erh\u00f6ht die Auszahlungslimits und gew\u00e4hrleistet die Einhaltung gesetzlicher Vorschriften.<\/p>\n<h3>Wie aktualisiere ich mein Passwort oder meine E-Mail-Adresse?<\/h3>\n<p>Der Zugriff auf Ihre Kontoeinstellungen und deren Verwaltung ist \u00fcber Ihr Dashboard ganz einfach. Wenn Sie Ihr Passwort \u00e4ndern m\u00f6chten, klicken Sie einfach auf \u201ePasswort vergessen?\u201c (neben Lootzino login). Um Ihre E-Mail Adresse zu \u00e4ndern, m\u00fcssen Sie im Bereich \u201eKontoinformationen\u201c einige einfache Schritte ausf\u00fchren. Aus Sicherheitsgr\u00fcnden empfiehlt es sich, ein starkes, originelles Passwort zu w\u00e4hlen, das Sie nirgendwo anders verwenden. Wenn Sie eine neue E-Mail-Adresse hinzuf\u00fcgen, best\u00e4tigen Sie diese bitte, indem Sie auf den Link klicken, den wir Ihnen per E-Mail zusenden.<\/p>\n<h3>Was soll ich tun, wenn mein Konto gesperrt ist?<\/h3>\n<p>Wenn Sie feststellen, dass Sie keinen Zugriff mehr auf Ihr Konto haben, wenden Sie sich bitte umgehend an unseren Kundendienst. Konten k\u00f6nnen gesperrt werden, wenn zu viele falsche Anmeldeversuche unternommen werden oder wenn ein Sicherheitsproblem vorliegt. Unser Team wird Ihre Identit\u00e4t \u00fcberpr\u00fcfen und Ihr Konto dann so schnell wie m\u00f6glich entsperren. Bitte beachten Sie, dass wir m\u00f6glicherweise weitere Angaben von Ihnen ben\u00f6tigen, um sicherzustellen, dass Sie es wirklich sind, bevor wir Ihnen wieder Zugriff gew\u00e4hren.<\/p>\n<h3>Wie kann ich mein Konto schlie\u00dfen oder vor\u00fcbergehend sperren?<\/h3>\n<p>Wenn Sie Ihr Lootzino Casino Konto vollst\u00e4ndig schlie\u00dfen oder nur f\u00fcr eine Weile sperren m\u00f6chten, wenden Sie sich bitte an unseren Support. Teilen Sie uns alle Informationen mit und erkl\u00e4ren Sie uns, was Sie tun m\u00f6chten. Beachten Sie, dass die Schlie\u00dfung Ihres Kontos in der Regel bedeutet, dass Sie es nicht wieder zur\u00fcckerhalten k\u00f6nnen, w\u00e4hrend Sie es bei einer Sperrung sp\u00e4ter wieder reaktivieren k\u00f6nnen, falls Sie Ihre Meinung \u00e4ndern. Wir bearbeiten jede Anfrage sorgf\u00e4ltig und stellen sicher, dass alles sicher abgewickelt wird.<\/p>\n<\/div><\/div><\/p>\n","protected":false},"excerpt":{"rendered":"<p>Lootzino-Kontoanmeldung und -Registrierung Die Lootzino Login ist Ihr Tor zu einem reibungslosen Erlebnis in unserem dynamischen Online-Casino. Lootzino wurde geschaffen, um unseren Spielern den schnellsten und sichersten Ort zu bieten, an dem sie eine Vielzahl von Spielen spielen, ihre Konten verwalten und einzigartige Angebote mit schnellem Zugang erhalten k\u00f6nnen. Die Anmeldung sollte nicht kompliziert sein, [&hellip;]<\/p>\n","protected":false},"author":1,"featured_media":0,"parent":0,"menu_order":0,"comment_status":"closed","ping_status":"closed","template":"template-builder.php","meta":{"_acf_changed":false,"inline_featured_image":false,"footnotes":""},"class_list":["post-1465","page","type-page","status-publish","hentry"],"acf":[],"yoast_head":"<!-- This site is optimized with the Yoast SEO plugin v27.3 - https:\/\/yoast.com\/product\/yoast-seo-wordpress\/ -->\n<title>Lootzino Login und Registrierung<\/title>\n<meta name=\"description\" content=\"Erstellen, verwalten und verifizieren Sie m\u00fchelos Ihr Lootzino Casino-Konto. Genie\u00dfen Sie eine schnelle Registrierung, einfache Kontowiederherstellung und sichere Schlie\u00dfung mit Lootzino Login, wodurch Ihr Konto rund um die Uhr gesch\u00fctzt ist.\" \/>\n<meta name=\"robots\" content=\"index, follow, max-snippet:-1, max-image-preview:large, max-video-preview:-1\" \/>\n<link rel=\"canonical\" href=\"https:\/\/lootzinocasino.org\/de\/anmeldung-und-registrierung\/\" \/>\n<meta property=\"og:locale\" content=\"de_DE\" \/>\n<meta property=\"og:type\" content=\"article\" \/>\n<meta property=\"og:title\" content=\"Lootzino Login und Registrierung\" \/>\n<meta property=\"og:description\" content=\"Erstellen, verwalten und verifizieren Sie m\u00fchelos Ihr Lootzino Casino-Konto. Genie\u00dfen Sie eine schnelle Registrierung, einfache Kontowiederherstellung und sichere Schlie\u00dfung mit Lootzino Login, wodurch Ihr Konto rund um die Uhr gesch\u00fctzt ist.\" \/>\n<meta property=\"og:url\" content=\"https:\/\/lootzinocasino.org\/de\/anmeldung-und-registrierung\/\" \/>\n<meta property=\"og:site_name\" content=\"lootzino\" \/>\n<meta property=\"article:modified_time\" content=\"2025-11-21T07:13:55+00:00\" \/>\n<meta name=\"twitter:card\" content=\"summary_large_image\" \/>\n<meta name=\"twitter:label1\" content=\"Gesch\u00e4tzte Lesezeit\" \/>\n\t<meta name=\"twitter:data1\" content=\"1\u00a0Minute\" \/>\n<script type=\"application\/ld+json\" class=\"yoast-schema-graph\">{\"@context\":\"https:\\\/\\\/schema.org\",\"@graph\":[{\"@type\":\"WebPage\",\"@id\":\"https:\\\/\\\/lootzinocasino.org\\\/de\\\/anmeldung-und-registrierung\\\/\",\"url\":\"https:\\\/\\\/lootzinocasino.org\\\/de\\\/anmeldung-und-registrierung\\\/\",\"name\":\"Lootzino Login und Registrierung\",\"isPartOf\":{\"@id\":\"https:\\\/\\\/lootzinocasino.org\\\/de\\\/#website\"},\"datePublished\":\"2025-11-20T13:18:25+00:00\",\"dateModified\":\"2025-11-21T07:13:55+00:00\",\"description\":\"Erstellen, verwalten und verifizieren Sie m\u00fchelos Ihr Lootzino Casino-Konto. Genie\u00dfen Sie eine schnelle Registrierung, einfache Kontowiederherstellung und sichere Schlie\u00dfung mit Lootzino Login, wodurch Ihr Konto rund um die Uhr gesch\u00fctzt ist.\",\"breadcrumb\":{\"@id\":\"https:\\\/\\\/lootzinocasino.org\\\/de\\\/anmeldung-und-registrierung\\\/#breadcrumb\"},\"inLanguage\":\"de\",\"potentialAction\":[{\"@type\":\"ReadAction\",\"target\":[\"https:\\\/\\\/lootzinocasino.org\\\/de\\\/anmeldung-und-registrierung\\\/\"]}]},{\"@type\":\"BreadcrumbList\",\"@id\":\"https:\\\/\\\/lootzinocasino.org\\\/de\\\/anmeldung-und-registrierung\\\/#breadcrumb\",\"itemListElement\":[{\"@type\":\"ListItem\",\"position\":1,\"name\":\"Lootzino\",\"item\":\"https:\\\/\\\/lootzinocasino.org\\\/de\\\/\"},{\"@type\":\"ListItem\",\"position\":2,\"name\":\"Anmeldung und Registrierung\"}]},{\"@type\":\"WebSite\",\"@id\":\"https:\\\/\\\/lootzinocasino.org\\\/de\\\/#website\",\"url\":\"https:\\\/\\\/lootzinocasino.org\\\/de\\\/\",\"name\":\"Lootzino\",\"description\":\"\",\"publisher\":{\"@id\":\"https:\\\/\\\/lootzinocasino.org\\\/de\\\/#organization\"},\"potentialAction\":[{\"@type\":\"SearchAction\",\"target\":{\"@type\":\"EntryPoint\",\"urlTemplate\":\"https:\\\/\\\/lootzinocasino.org\\\/de\\\/?s={search_term_string}\"},\"query-input\":{\"@type\":\"PropertyValueSpecification\",\"valueRequired\":true,\"valueName\":\"search_term_string\"}}],\"inLanguage\":\"de\"},{\"@type\":\"Organization\",\"@id\":\"https:\\\/\\\/lootzinocasino.org\\\/de\\\/#organization\",\"name\":\"Lootzino\",\"url\":\"https:\\\/\\\/lootzinocasino.org\\\/de\\\/\",\"logo\":{\"@type\":\"ImageObject\",\"inLanguage\":\"de\",\"@id\":\"https:\\\/\\\/lootzinocasino.org\\\/de\\\/#\\\/schema\\\/logo\\\/image\\\/\",\"url\":\"https:\\\/\\\/lootzinocasino.org\\\/wp-content\\\/uploads\\\/2025\\\/11\\\/lootzino.svg\",\"contentUrl\":\"https:\\\/\\\/lootzinocasino.org\\\/wp-content\\\/uploads\\\/2025\\\/11\\\/lootzino.svg\",\"width\":16,\"height\":20,\"caption\":\"Lootzino\"},\"image\":{\"@id\":\"https:\\\/\\\/lootzinocasino.org\\\/de\\\/#\\\/schema\\\/logo\\\/image\\\/\"}}]}<\/script>\n<!-- \/ Yoast SEO plugin. -->","yoast_head_json":{"title":"Lootzino Login und Registrierung","description":"Erstellen, verwalten und verifizieren Sie m\u00fchelos Ihr Lootzino Casino-Konto. Genie\u00dfen Sie eine schnelle Registrierung, einfache Kontowiederherstellung und sichere Schlie\u00dfung mit Lootzino Login, wodurch Ihr Konto rund um die Uhr gesch\u00fctzt ist.","robots":{"index":"index","follow":"follow","max-snippet":"max-snippet:-1","max-image-preview":"max-image-preview:large","max-video-preview":"max-video-preview:-1"},"canonical":"https:\/\/lootzinocasino.org\/de\/anmeldung-und-registrierung\/","og_locale":"de_DE","og_type":"article","og_title":"Lootzino Login und Registrierung","og_description":"Erstellen, verwalten und verifizieren Sie m\u00fchelos Ihr Lootzino Casino-Konto. Genie\u00dfen Sie eine schnelle Registrierung, einfache Kontowiederherstellung und sichere Schlie\u00dfung mit Lootzino Login, wodurch Ihr Konto rund um die Uhr gesch\u00fctzt ist.","og_url":"https:\/\/lootzinocasino.org\/de\/anmeldung-und-registrierung\/","og_site_name":"lootzino","article_modified_time":"2025-11-21T07:13:55+00:00","twitter_card":"summary_large_image","twitter_misc":{"Gesch\u00e4tzte Lesezeit":"1\u00a0Minute"},"schema":{"@context":"https:\/\/schema.org","@graph":[{"@type":"WebPage","@id":"https:\/\/lootzinocasino.org\/de\/anmeldung-und-registrierung\/","url":"https:\/\/lootzinocasino.org\/de\/anmeldung-und-registrierung\/","name":"Lootzino Login und Registrierung","isPartOf":{"@id":"https:\/\/lootzinocasino.org\/de\/#website"},"datePublished":"2025-11-20T13:18:25+00:00","dateModified":"2025-11-21T07:13:55+00:00","description":"Erstellen, verwalten und verifizieren Sie m\u00fchelos Ihr Lootzino Casino-Konto. Genie\u00dfen Sie eine schnelle Registrierung, einfache Kontowiederherstellung und sichere Schlie\u00dfung mit Lootzino Login, wodurch Ihr Konto rund um die Uhr gesch\u00fctzt ist.","breadcrumb":{"@id":"https:\/\/lootzinocasino.org\/de\/anmeldung-und-registrierung\/#breadcrumb"},"inLanguage":"de","potentialAction":[{"@type":"ReadAction","target":["https:\/\/lootzinocasino.org\/de\/anmeldung-und-registrierung\/"]}]},{"@type":"BreadcrumbList","@id":"https:\/\/lootzinocasino.org\/de\/anmeldung-und-registrierung\/#breadcrumb","itemListElement":[{"@type":"ListItem","position":1,"name":"Lootzino","item":"https:\/\/lootzinocasino.org\/de\/"},{"@type":"ListItem","position":2,"name":"Anmeldung und Registrierung"}]},{"@type":"WebSite","@id":"https:\/\/lootzinocasino.org\/de\/#website","url":"https:\/\/lootzinocasino.org\/de\/","name":"Lootzino","description":"","publisher":{"@id":"https:\/\/lootzinocasino.org\/de\/#organization"},"potentialAction":[{"@type":"SearchAction","target":{"@type":"EntryPoint","urlTemplate":"https:\/\/lootzinocasino.org\/de\/?s={search_term_string}"},"query-input":{"@type":"PropertyValueSpecification","valueRequired":true,"valueName":"search_term_string"}}],"inLanguage":"de"},{"@type":"Organization","@id":"https:\/\/lootzinocasino.org\/de\/#organization","name":"Lootzino","url":"https:\/\/lootzinocasino.org\/de\/","logo":{"@type":"ImageObject","inLanguage":"de","@id":"https:\/\/lootzinocasino.org\/de\/#\/schema\/logo\/image\/","url":"https:\/\/lootzinocasino.org\/wp-content\/uploads\/2025\/11\/lootzino.svg","contentUrl":"https:\/\/lootzinocasino.org\/wp-content\/uploads\/2025\/11\/lootzino.svg","width":16,"height":20,"caption":"Lootzino"},"image":{"@id":"https:\/\/lootzinocasino.org\/de\/#\/schema\/logo\/image\/"}}]}},"_links":{"self":[{"href":"https:\/\/lootzinocasino.org\/de\/wp-json\/wp\/v2\/pages\/1465","targetHints":{"allow":["GET"]}}],"collection":[{"href":"https:\/\/lootzinocasino.org\/de\/wp-json\/wp\/v2\/pages"}],"about":[{"href":"https:\/\/lootzinocasino.org\/de\/wp-json\/wp\/v2\/types\/page"}],"author":[{"embeddable":true,"href":"https:\/\/lootzinocasino.org\/de\/wp-json\/wp\/v2\/users\/1"}],"replies":[{"embeddable":true,"href":"https:\/\/lootzinocasino.org\/de\/wp-json\/wp\/v2\/comments?post=1465"}],"version-history":[{"count":1,"href":"https:\/\/lootzinocasino.org\/de\/wp-json\/wp\/v2\/pages\/1465\/revisions"}],"predecessor-version":[{"id":1611,"href":"https:\/\/lootzinocasino.org\/de\/wp-json\/wp\/v2\/pages\/1465\/revisions\/1611"}],"wp:attachment":[{"href":"https:\/\/lootzinocasino.org\/de\/wp-json\/wp\/v2\/media?parent=1465"}],"curies":[{"name":"wp","href":"https:\/\/api.w.org\/{rel}","templated":true}]}}