{"id":1424,"date":"2025-11-20T13:16:27","date_gmt":"2025-11-20T13:16:27","guid":{"rendered":"https:\/\/lootzinocasino.org\/app-2\/"},"modified":"2025-11-21T09:34:55","modified_gmt":"2025-11-21T09:34:55","slug":"aplicacion","status":"publish","type":"page","link":"https:\/\/lootzinocasino.org\/es\/aplicacion\/","title":{"rendered":"Aplicaci\u00f3n"},"content":{"rendered":"<h1>Plataforma m\u00f3vil Lootzino<\/h1>\n<p>Lootzino App de nueva generaci\u00f3n ofrece juegos m\u00f3viles ligeros y sin instalaci\u00f3n en varias plataformas. La hemos equipado con las tecnolog\u00edas m\u00e1s modernas y avanzadas, y tiene un dise\u00f1o f\u00e1cil de usar. Funciona perfectamente tanto en dispositivos m\u00f3viles como en ordenadores de sobremesa.<\/p>\n<p>Lootzino Casino garantiza que nuestros jugadores espa\u00f1oles puedan elegir entre una gran variedad de tragamonedas online, casino en vivo y juegos de mesa, con excelentes gr\u00e1ficos y transacciones seguras. La aplicabilidad y fiabilidad de nuestra aplicaci\u00f3n garantizan que destaque como una de las aplicaciones preferidas por los jugadores, sin sacrificar el rendimiento.<\/p>\n<div class=\"banner-wrap\" aria-label=\"Banner\"><img src=\"https:\/\/lootzinocasino.org\/wp-content\/uploads\/2025\/11\/Lootzino-banner-carousel-800\u0445400.webp\" class=\"w-100 d-none d-lg-block img-pc main-banner-img\" alt=\"Lootzino banner desktop\" fetchpriority=\"high\" decoding=\"async\"><img src=\"https:\/\/lootzinocasino.org\/wp-content\/uploads\/2025\/12\/Group-25.webp\" class=\"w-100 d-none d-md-block d-lg-none main-banner-img\" alt=\"Lootzino banner mobile\" fetchpriority=\"high\" decoding=\"async\"><img src=\"https:\/\/lootzinocasino.org\/wp-content\/uploads\/2025\/12\/Group-25.webp\" class=\"w-100 d-md-none\" alt=\"Lootzino banner mobile\" fetchpriority=\"high\" decoding=\"async\"><div class=\"banner-description\">\n<div class=\"banner-title\">Bonos de bienvenida<\/div>\n<p class=\"banner-header-title\">1500 \u20ac<\/p>\n<div class=\"banner-header-AdditionalText\">+ 250 Giros Gratis<\/div>\n<button data-item=\"homepage_banner_link\" class=\"goto m-button m-gradient-border m-button--primary m-button--large banner-button btn-orange\">\n            <div class=\"m-button-content\">\n                <span>Reg\u00edstrese ahora<\/span>\n                <span><\/span>\n            <\/div>\n        <\/button>\n<\/div>\n<div class=\"WelcomePack\">\n<p><img loading=\"lazy\" decoding=\"async\" class=\"alignnone size-full wp-image-1339\" src=\"https:\/\/lootzinocasino.org\/wp-content\/uploads\/2025\/11\/welcome-crown.svg\" alt=\"crown\" width=\"25\" height=\"26\" \/><\/p>\n<div class=\"WelcomePack-Info\">Reembolso semanal de hasta el 25 %<\/div>\n<p><img loading=\"lazy\" decoding=\"async\" class=\"alignnone size-full wp-image-1339\" src=\"https:\/\/lootzinocasino.org\/wp-content\/uploads\/2025\/11\/welcome-crown.svg\" alt=\"crown\" width=\"25\" height=\"26\" \/><\/p>\n<\/div>\n<\/div>\n<h2>Usar la aplicaci\u00f3n Lootzino en el m\u00f3vil<\/h2>\n<p>La aplicaci\u00f3n Lootzino, avanzada y de alta tecnolog\u00eda, cambiar\u00e1 la experiencia de jugar a juegos de casino en el tel\u00e9fono, ya que estar\u00e1 bien optimizada y ofrecer\u00e1 una experiencia m\u00f3vil. Es compatible con todos los dispositivos principales y est\u00e1 dise\u00f1ada para funcionar r\u00e1pidamente y ofrecer unos gr\u00e1ficos magn\u00edficos y una gran velocidad.<\/p>\n<p>Nuestra aplicaci\u00f3n Lootzino permitir\u00e1 a los jugadores disfrutar de sus juegos favoritos est\u00e9n donde est\u00e9n, ya sea en el trayecto al trabajo, durante un descanso o en la comodidad de su hogar. Cuenta con una interfaz f\u00e1cil de usar que hace que el juego sea sencillo, y el m\u00e1s alto nivel de seguridad garantiza la protecci\u00f3n de las transacciones y la informaci\u00f3n personal.<\/p>\n<p>El casino m\u00f3vil Lootzino tambi\u00e9n es port\u00e1til, a diferencia de los juegos de escritorio, lo que permite disfrutar de una experiencia de juego ininterrumpida con tel\u00e9fonos inteligentes y tabletas sin comprometer la calidad de los gr\u00e1ficos. Tenemos toda la variedad de juegos para ti, en tiempo real.<\/p>\n<p><div style=\"clear: both\"><\/div><div class=\"d-flex justify-content-center\"><button data-item=\"decouvrez_link\" data-group=\"website_links\" class=\"goto fw-bold rounded-pill btn btn-orange\" aria-label=\"Pobierz aplikacj\u0119 Lootzino Casino\" >Pobierz aplikacj\u0119 Lootzino Casino<\/button><\/div><div class=\"scrollable-content-wrap my-5\"><div class=\"scrollable-content-inner\"><h2>Loot Zino Aplicaci\u00f3n m\u00f3vil para Android<\/h2>\n<p>La aplicaci\u00f3n para Android Loot Zino ahora tiene la forma de una aplicaci\u00f3n web progresiva (PWA), que es nuestro enfoque seguro y sencillo para abrir el casino sin necesidad de descargar paquetes APK. Esto mejorar\u00e1 la seguridad y ahora no es necesario instalar archivos grandes que agotan la bater\u00eda.<\/p>\n<p>PWA ha simplificado el proceso de instalaci\u00f3n y ha agilizado la actualizaci\u00f3n autom\u00e1tica de las nuevas funciones y juegos sin que usted tenga que hacer nada. Decimos que el proceso de instalaci\u00f3n es sencillo porque nuestro usuario Lootzino Casino solo tiene que pulsar el bot\u00f3n especificado en el sitio m\u00f3vil, lo que coloca un icono en la p\u00e1gina de inicio para acceder f\u00e1cilmente.<\/p>\n<p>La versi\u00f3n para Android no pierde funcionalidad, ya que permite realizar transacciones con dinero real, recibir notificaciones sobre nuevas ofertas y acceder a toda la biblioteca de juegos, como tragamonedas en l\u00ednea, casino en vivo y juegos de mesa. Se asemeja a las caracter\u00edsticas de la plataforma de escritorio y, por lo tanto, es f\u00e1cil de navegar y comprender.<\/p>\n<p>Pero, \u00bfcu\u00e1les son las principales caracter\u00edsticas de nuestra aplicaci\u00f3n Lootzino? Ve\u00e1moslas r\u00e1pidamente:<\/p>\n<ul>\n<li>Interfaz 100 % adaptable que se ajusta a cualquier tama\u00f1o de pantalla.<\/li>\n<li>Jugabilidad r\u00e1pida y trepidante incluso cuando el tr\u00e1fico est\u00e1 en su punto \u00e1lgido.<\/li>\n<li>Restricciones de acceso bajas a tragamonedas en l\u00ednea, casino en vivo y juegos crash.<\/li>\n<li>Realice transacciones seguras utilizando tecnolog\u00eda de cifrado.<\/li>\n<li>Compatibilidad con dispositivos Android e iOS.<\/li>\n<li>Acceso sin largas descargas ni instalaciones.<\/li>\n<\/ul>\n<p>Esperamos que ahora pueda ver claramente lo acertada que es la decisi\u00f3n de probar nuestra aplicaci\u00f3n Lootzino.<\/p>\n<h3>Lootzino Casino PWA y APK<\/h3>\n<p>En Lootzino Casino, intentamos estar en sinton\u00eda con las tendencias m\u00e1s avanzadas del mundo. La conversi\u00f3n a una aplicaci\u00f3n basada en la web fue una decisi\u00f3n natural para nosotros. Pretendemos eliminar por completo los archivos APK tradicionales, para minimizar su preocupaci\u00f3n por la seguridad de las descargas desconocidas.<\/p>\n<p>Nuestra versi\u00f3n PWA garantiza una carga de alta velocidad. Tambi\u00e9n es compatible con todos los dispositivos Android actuales. La aplicaci\u00f3n Lootzino se puede instalar en el navegador de los jugadores y se actualiza autom\u00e1ticamente, por lo que se obtienen nuevas funciones y actualizaciones de seguridad sin necesidad de realizar ninguna acci\u00f3n manual. Este sistema garantiza una experiencia de juego fluida, sin actualizaciones de software ni problemas de compatibilidad durante el proceso.<\/p>\n<p>\u00bfPor qu\u00e9 es mejor PWA?<\/p>\n<table>\n<tbody>\n<tr>\n<td>Lootzino Casino caracter\u00edsticas<\/td>\n<td>PWA<\/td>\n<td>APK<\/td>\n<\/tr>\n<tr>\n<td>Seguridad<\/td>\n<td>Mayor seguridad. Sin lugares desconocidos.<\/td>\n<td>Riesgo de contraer malware.<\/td>\n<\/tr>\n<tr>\n<td>C\u00f3mo instalar<\/td>\n<td>Se instala directamente desde un navegador web.<\/td>\n<td>Descargado e instalado manualmente.<\/td>\n<\/tr>\n<tr>\n<td>Actualizaciones<\/td>\n<td>Autom\u00e1ticamente en el navegador.<\/td>\n<td>Actualiza la aplicaci\u00f3n manualmente.<\/td>\n<\/tr>\n<tr>\n<td>Compatibilidad<\/td>\n<td>Funciona con cualquier tel\u00e9fono Android moderno y navegador.<\/td>\n<td>Problemas con diferentes dispositivos o actualizaciones del sistema operativo.<\/td>\n<\/tr>\n<tr>\n<td>Velocidad de carga<\/td>\n<td>Se carga muy r\u00e1pido, lo que hace que la experiencia sea fluida.<\/td>\n<td>La velocidad de carga puede variar dependiendo del dispositivo y la versi\u00f3n de la aplicaci\u00f3n.<\/td>\n<\/tr>\n<tr>\n<td>Mantenimiento y actualizaciones:<\/td>\n<td>No es necesario realizar actualizaciones manuales. Siempre se ejecuta la versi\u00f3n m\u00e1s reciente.<\/td>\n<td>Requiere actualizaciones manuales.<\/td>\n<\/tr>\n<tr>\n<td>Experiencia del usuario:<\/td>\n<td>Ofrece una experiencia fluida en juegos y aplicaciones, ya que no hay actualizaciones de software ni problemas de compatibilidad.<\/td>\n<td>Las actualizaciones pueden causar interrupciones.<\/td>\n<\/tr>\n<tr>\n<td>Distribuci\u00f3n:<\/td>\n<td>Las PWA no tienen que pasar por las tiendas, sino que se accede a ellas directamente a trav\u00e9s del navegador.<\/td>\n<td>En tiendas de aplicaciones con normas o procesos de aprobaci\u00f3n.<\/td>\n<\/tr>\n<\/tbody>\n<\/table>\n<p><img loading=\"lazy\" decoding=\"async\" src=\"https:\/\/lootzinocasino.org\/wp-content\/uploads\/2025\/11\/Lootzino-Android-App.webp\" alt=\"Lootzino Android App\" width=\"1248\" height=\"536\" \/><\/p>\n<\/div><\/div><div style=\"clear: both\"><\/div><div class=\"d-flex justify-content-center\"><button data-item=\"decouvrez_link\" data-group=\"website_links\" class=\"goto fw-bold rounded-pill btn btn-orange\" aria-label=\"Pobierz Lootzino\" >Pobierz Lootzino<\/button><\/div><div class=\"scrollable-content-wrap my-5\"><div class=\"scrollable-content-inner\"><h2>Lootzino Casino Aplicaci\u00f3n m\u00f3vil para iOS<\/h2>\n<p>Lootzino Casino tiene un enlace PWA espec\u00edfico para la pantalla de inicio de los usuarios de iPhone y iPad. La configuraci\u00f3n es f\u00e1cil, solo tienes que pulsar \u00abA\u00f1adir a la pantalla de inicio\u00bb en el men\u00fa para compartir de Safari. La aplicaci\u00f3n Lootzino se puede descargar y, una vez instalada, da acceso inmediato a todas las tragamonedas en l\u00ednea, el casino en vivo y los juegos de mesa, todos ellos optimizados para dispositivos Apple.<\/p>\n<p>El dise\u00f1o est\u00e1 orientado al rendimiento y no hay retrasos ni buffering al jugar. Los gr\u00e1ficos y animaciones de iOS est\u00e1n personalizados y la calidad visual es alta. Todas las transacciones est\u00e1n encriptadas y la verificaci\u00f3n tanto de los dep\u00f3sitos como de las retiradas se realiza con altos niveles de seguridad, lo que hace que el entorno de juego sea seguro y protegido.<\/p>\n<p><img loading=\"lazy\" decoding=\"async\" src=\"https:\/\/lootzinocasino.org\/wp-content\/uploads\/2025\/11\/Lootzino-iOS-App.webp\" alt=\"Lootzino iOS App\" width=\"1248\" height=\"536\" \/><\/p>\n<\/div><\/div><div style=\"clear: both\"><\/div><div class=\"d-flex justify-content-center\"><button data-item=\"decouvrez_link\" data-group=\"website_links\" class=\"goto fw-bold rounded-pill btn btn-orange\" aria-label=\"Pobierz aplikacj\u0119 Lootzino Casino\" >Pobierz aplikacj\u0119 Lootzino Casino<\/button><\/div><div class=\"scrollable-content-wrap my-5\"><div class=\"scrollable-content-inner\"><h2>Aplicaciones para Windows y macOS<\/h2>\n<p>Lootzino Casino tambi\u00e9n es compatible con una versi\u00f3n de escritorio para Windows y macOS, adem\u00e1s de la soluci\u00f3n m\u00f3vil. Nuestra aplicaci\u00f3n de escritorio Lootzino cuenta con gr\u00e1ficos superiores, pantallas de alta resoluci\u00f3n y una interfaz simplificada para facilitar la gesti\u00f3n de cuentas y el juego.<\/p>\n<p>Los jugadores tienen acceso a toda la oferta de servicios: tragamonedas en l\u00ednea, casino en vivo, baccarat y juegos de p\u00f3quer, y disfrutan de un r\u00e1pido procesamiento de las transacciones. Tambi\u00e9n puedes crear accesos directos en el escritorio para poder acceder a ellos de inmediato, lo que solo a\u00f1adir\u00e1 comodidad. Nuestra versi\u00f3n de escritorio tiene las mismas caracter\u00edsticas y funciones de seguridad que las aplicaciones m\u00f3viles, como la presencia del equipo de asistencia en el chat en vivo para proporcionar ayuda instant\u00e1nea.<\/p>\n<p><img loading=\"lazy\" decoding=\"async\" src=\"https:\/\/lootzinocasino.org\/wp-content\/uploads\/2025\/11\/Lootzino-Desktop.webp\" alt=\"Lootzino Desktop\" width=\"1248\" height=\"536\" \/><\/p>\n<\/div><\/div><div style=\"clear: both\"><\/div><div class=\"d-flex justify-content-center\"><button data-item=\"decouvrez_link\" data-group=\"website_links\" class=\"goto fw-bold rounded-pill btn btn-orange\" aria-label=\"Pobierz Lootzino\" >Pobierz Lootzino<\/button><\/div><div class=\"scrollable-content-wrap my-5\"><div class=\"scrollable-content-inner\"><h2>Loot Zino Preguntas frecuentes<\/h2>\n<h3>\u00bfEs necesario crear una cuenta para utilizar la aplicaci\u00f3n Loot Zino?<\/h3>\n<p>Para poder utilizar todas las funciones del sitio, como las transacciones con dinero real, el juego y el proceso de verificaci\u00f3n, es necesario registrarse y crear una cuenta. El proceso de registro en la aplicaci\u00f3n Lootzino es r\u00e1pido y sencillo, y ofrece una experiencia de juego personalizada en todos los dispositivos.<\/p>\n<h3>\u00bfLa aplicaci\u00f3n Loot Zino Casino ofrece atenci\u00f3n al cliente?<\/h3>\n<p>Trabajamos para usted las 24 horas del d\u00eda, los 7 d\u00edas de la semana. Ofrecemos asistencia a tiempo completo a trav\u00e9s del chat en vivo, el correo electr\u00f3nico y las preguntas frecuentes de Loot Zino. El equipo de asistencia se encargar\u00e1 de ayudarle con los problemas t\u00e9cnicos, la preparaci\u00f3n de la cuenta y las preguntas sobre transacciones para que la experiencia de juego sea fluida.<\/p>\n<h3>\u00bfC\u00f3mo puedo actualizar la aplicaci\u00f3n Lootzino Casino?<\/h3>\n<p>A nuestros usuarios m\u00f3viles de Loot Zino: la aplicaci\u00f3n se actualiza autom\u00e1ticamente a trav\u00e9s de la aplicaci\u00f3n web o una PWA, sin necesidad de realizar ninguna acci\u00f3n manual. De este modo, estar\u00e1s siempre al d\u00eda de todas las nuevas funciones y mejoras de seguridad.<\/p>\n<\/div><\/div><\/p>\n","protected":false},"excerpt":{"rendered":"<p>Plataforma m\u00f3vil Lootzino Lootzino App de nueva generaci\u00f3n ofrece juegos m\u00f3viles ligeros y sin instalaci\u00f3n en varias plataformas. La hemos equipado con las tecnolog\u00edas m\u00e1s modernas y avanzadas, y tiene un dise\u00f1o f\u00e1cil de usar. Funciona perfectamente tanto en dispositivos m\u00f3viles como en ordenadores de sobremesa. Lootzino Casino garantiza que nuestros jugadores espa\u00f1oles puedan elegir [&hellip;]<\/p>\n","protected":false},"author":1,"featured_media":0,"parent":0,"menu_order":0,"comment_status":"closed","ping_status":"closed","template":"template-builder.php","meta":{"_acf_changed":false,"inline_featured_image":false,"footnotes":""},"class_list":["post-1424","page","type-page","status-publish","hentry"],"acf":[],"yoast_head":"<!-- This site is optimized with the Yoast SEO plugin v27.3 - https:\/\/yoast.com\/product\/yoast-seo-wordpress\/ -->\n<title>Lootzino App | Plataformas iOS y Android<\/title>\n<meta name=\"description\" content=\"La aplicaci\u00f3n Lootzino ofrece una experiencia de juego fluida en casinos para Android, iOS, Windows y macOS, con cuentas sincronizadas, actualizaciones peri\u00f3dicas y asistencia al cliente integrada para una experiencia sin complicaciones.\" \/>\n<meta name=\"robots\" content=\"index, follow, max-snippet:-1, max-image-preview:large, max-video-preview:-1\" \/>\n<link rel=\"canonical\" href=\"https:\/\/lootzinocasino.org\/es\/aplicacion\/\" \/>\n<meta property=\"og:locale\" content=\"es_ES\" \/>\n<meta property=\"og:type\" content=\"article\" \/>\n<meta property=\"og:title\" content=\"Lootzino App | Plataformas iOS y Android\" \/>\n<meta property=\"og:description\" content=\"La aplicaci\u00f3n Lootzino ofrece una experiencia de juego fluida en casinos para Android, iOS, Windows y macOS, con cuentas sincronizadas, actualizaciones peri\u00f3dicas y asistencia al cliente integrada para una experiencia sin complicaciones.\" \/>\n<meta property=\"og:url\" content=\"https:\/\/lootzinocasino.org\/es\/aplicacion\/\" \/>\n<meta property=\"og:site_name\" content=\"lootzino\" \/>\n<meta property=\"article:modified_time\" content=\"2025-11-21T09:34:55+00:00\" \/>\n<meta name=\"twitter:card\" content=\"summary_large_image\" \/>\n<meta name=\"twitter:label1\" content=\"Est. reading time\" \/>\n\t<meta name=\"twitter:data1\" content=\"2 minutes\" \/>\n<script type=\"application\/ld+json\" class=\"yoast-schema-graph\">{\"@context\":\"https:\\\/\\\/schema.org\",\"@graph\":[{\"@type\":\"WebPage\",\"@id\":\"https:\\\/\\\/lootzinocasino.org\\\/es\\\/aplicacion\\\/\",\"url\":\"https:\\\/\\\/lootzinocasino.org\\\/es\\\/aplicacion\\\/\",\"name\":\"Lootzino App | Plataformas iOS y Android\",\"isPartOf\":{\"@id\":\"https:\\\/\\\/lootzinocasino.org\\\/es\\\/#website\"},\"datePublished\":\"2025-11-20T13:16:27+00:00\",\"dateModified\":\"2025-11-21T09:34:55+00:00\",\"description\":\"La aplicaci\u00f3n Lootzino ofrece una experiencia de juego fluida en casinos para Android, iOS, Windows y macOS, con cuentas sincronizadas, actualizaciones peri\u00f3dicas y asistencia al cliente integrada para una experiencia sin complicaciones.\",\"breadcrumb\":{\"@id\":\"https:\\\/\\\/lootzinocasino.org\\\/es\\\/aplicacion\\\/#breadcrumb\"},\"inLanguage\":\"es-ES\",\"potentialAction\":[{\"@type\":\"ReadAction\",\"target\":[\"https:\\\/\\\/lootzinocasino.org\\\/es\\\/aplicacion\\\/\"]}]},{\"@type\":\"BreadcrumbList\",\"@id\":\"https:\\\/\\\/lootzinocasino.org\\\/es\\\/aplicacion\\\/#breadcrumb\",\"itemListElement\":[{\"@type\":\"ListItem\",\"position\":1,\"name\":\"Lootzino\",\"item\":\"https:\\\/\\\/lootzinocasino.org\\\/es\\\/\"},{\"@type\":\"ListItem\",\"position\":2,\"name\":\"Aplicaci\u00f3n\"}]},{\"@type\":\"WebSite\",\"@id\":\"https:\\\/\\\/lootzinocasino.org\\\/es\\\/#website\",\"url\":\"https:\\\/\\\/lootzinocasino.org\\\/es\\\/\",\"name\":\"Lootzino\",\"description\":\"\",\"publisher\":{\"@id\":\"https:\\\/\\\/lootzinocasino.org\\\/es\\\/#organization\"},\"potentialAction\":[{\"@type\":\"SearchAction\",\"target\":{\"@type\":\"EntryPoint\",\"urlTemplate\":\"https:\\\/\\\/lootzinocasino.org\\\/es\\\/?s={search_term_string}\"},\"query-input\":{\"@type\":\"PropertyValueSpecification\",\"valueRequired\":true,\"valueName\":\"search_term_string\"}}],\"inLanguage\":\"es-ES\"},{\"@type\":\"Organization\",\"@id\":\"https:\\\/\\\/lootzinocasino.org\\\/es\\\/#organization\",\"name\":\"Lootzino\",\"url\":\"https:\\\/\\\/lootzinocasino.org\\\/es\\\/\",\"logo\":{\"@type\":\"ImageObject\",\"inLanguage\":\"es-ES\",\"@id\":\"https:\\\/\\\/lootzinocasino.org\\\/es\\\/#\\\/schema\\\/logo\\\/image\\\/\",\"url\":\"https:\\\/\\\/lootzinocasino.org\\\/wp-content\\\/uploads\\\/2025\\\/11\\\/lootzino.svg\",\"contentUrl\":\"https:\\\/\\\/lootzinocasino.org\\\/wp-content\\\/uploads\\\/2025\\\/11\\\/lootzino.svg\",\"width\":16,\"height\":20,\"caption\":\"Lootzino\"},\"image\":{\"@id\":\"https:\\\/\\\/lootzinocasino.org\\\/es\\\/#\\\/schema\\\/logo\\\/image\\\/\"}}]}<\/script>\n<!-- \/ Yoast SEO plugin. -->","yoast_head_json":{"title":"Lootzino App | Plataformas iOS y Android","description":"La aplicaci\u00f3n Lootzino ofrece una experiencia de juego fluida en casinos para Android, iOS, Windows y macOS, con cuentas sincronizadas, actualizaciones peri\u00f3dicas y asistencia al cliente integrada para una experiencia sin complicaciones.","robots":{"index":"index","follow":"follow","max-snippet":"max-snippet:-1","max-image-preview":"max-image-preview:large","max-video-preview":"max-video-preview:-1"},"canonical":"https:\/\/lootzinocasino.org\/es\/aplicacion\/","og_locale":"es_ES","og_type":"article","og_title":"Lootzino App | Plataformas iOS y Android","og_description":"La aplicaci\u00f3n Lootzino ofrece una experiencia de juego fluida en casinos para Android, iOS, Windows y macOS, con cuentas sincronizadas, actualizaciones peri\u00f3dicas y asistencia al cliente integrada para una experiencia sin complicaciones.","og_url":"https:\/\/lootzinocasino.org\/es\/aplicacion\/","og_site_name":"lootzino","article_modified_time":"2025-11-21T09:34:55+00:00","twitter_card":"summary_large_image","twitter_misc":{"Est. reading time":"2 minutes"},"schema":{"@context":"https:\/\/schema.org","@graph":[{"@type":"WebPage","@id":"https:\/\/lootzinocasino.org\/es\/aplicacion\/","url":"https:\/\/lootzinocasino.org\/es\/aplicacion\/","name":"Lootzino App | Plataformas iOS y Android","isPartOf":{"@id":"https:\/\/lootzinocasino.org\/es\/#website"},"datePublished":"2025-11-20T13:16:27+00:00","dateModified":"2025-11-21T09:34:55+00:00","description":"La aplicaci\u00f3n Lootzino ofrece una experiencia de juego fluida en casinos para Android, iOS, Windows y macOS, con cuentas sincronizadas, actualizaciones peri\u00f3dicas y asistencia al cliente integrada para una experiencia sin complicaciones.","breadcrumb":{"@id":"https:\/\/lootzinocasino.org\/es\/aplicacion\/#breadcrumb"},"inLanguage":"es-ES","potentialAction":[{"@type":"ReadAction","target":["https:\/\/lootzinocasino.org\/es\/aplicacion\/"]}]},{"@type":"BreadcrumbList","@id":"https:\/\/lootzinocasino.org\/es\/aplicacion\/#breadcrumb","itemListElement":[{"@type":"ListItem","position":1,"name":"Lootzino","item":"https:\/\/lootzinocasino.org\/es\/"},{"@type":"ListItem","position":2,"name":"Aplicaci\u00f3n"}]},{"@type":"WebSite","@id":"https:\/\/lootzinocasino.org\/es\/#website","url":"https:\/\/lootzinocasino.org\/es\/","name":"Lootzino","description":"","publisher":{"@id":"https:\/\/lootzinocasino.org\/es\/#organization"},"potentialAction":[{"@type":"SearchAction","target":{"@type":"EntryPoint","urlTemplate":"https:\/\/lootzinocasino.org\/es\/?s={search_term_string}"},"query-input":{"@type":"PropertyValueSpecification","valueRequired":true,"valueName":"search_term_string"}}],"inLanguage":"es-ES"},{"@type":"Organization","@id":"https:\/\/lootzinocasino.org\/es\/#organization","name":"Lootzino","url":"https:\/\/lootzinocasino.org\/es\/","logo":{"@type":"ImageObject","inLanguage":"es-ES","@id":"https:\/\/lootzinocasino.org\/es\/#\/schema\/logo\/image\/","url":"https:\/\/lootzinocasino.org\/wp-content\/uploads\/2025\/11\/lootzino.svg","contentUrl":"https:\/\/lootzinocasino.org\/wp-content\/uploads\/2025\/11\/lootzino.svg","width":16,"height":20,"caption":"Lootzino"},"image":{"@id":"https:\/\/lootzinocasino.org\/es\/#\/schema\/logo\/image\/"}}]}},"_links":{"self":[{"href":"https:\/\/lootzinocasino.org\/es\/wp-json\/wp\/v2\/pages\/1424","targetHints":{"allow":["GET"]}}],"collection":[{"href":"https:\/\/lootzinocasino.org\/es\/wp-json\/wp\/v2\/pages"}],"about":[{"href":"https:\/\/lootzinocasino.org\/es\/wp-json\/wp\/v2\/types\/page"}],"author":[{"embeddable":true,"href":"https:\/\/lootzinocasino.org\/es\/wp-json\/wp\/v2\/users\/1"}],"replies":[{"embeddable":true,"href":"https:\/\/lootzinocasino.org\/es\/wp-json\/wp\/v2\/comments?post=1424"}],"version-history":[{"count":2,"href":"https:\/\/lootzinocasino.org\/es\/wp-json\/wp\/v2\/pages\/1424\/revisions"}],"predecessor-version":[{"id":1789,"href":"https:\/\/lootzinocasino.org\/es\/wp-json\/wp\/v2\/pages\/1424\/revisions\/1789"}],"wp:attachment":[{"href":"https:\/\/lootzinocasino.org\/es\/wp-json\/wp\/v2\/media?parent=1424"}],"curies":[{"name":"wp","href":"https:\/\/api.w.org\/{rel}","templated":true}]}}