{"id":1469,"date":"2025-11-20T13:18:25","date_gmt":"2025-11-20T13:18:25","guid":{"rendered":"https:\/\/lootzinocasino.org\/login-and-registration\/"},"modified":"2025-11-21T09:36:46","modified_gmt":"2025-11-21T09:36:46","slug":"inicio-de-sesion-y-registro","status":"publish","type":"page","link":"https:\/\/lootzinocasino.org\/es\/inicio-de-sesion-y-registro\/","title":{"rendered":"Inicio de sesi\u00f3n y Registro"},"content":{"rendered":"<h1>Inicio de sesi\u00f3n y registro en la cuenta de Lootzino<\/h1>\n<p>El Lootzino Login es la puerta de entrada a una experiencia fluida en nuestro din\u00e1mico casino online. Lootzino ha sido creado para ser el lugar m\u00e1s r\u00e1pido y seguro donde nuestros jugadores espa\u00f1oles puedan disfrutar de una amplia variedad de juegos, gestionar sus cuentas y obtener ofertas \u00fanicas con un acceso r\u00e1pido.<\/p>\n<p>Iniciar sesi\u00f3n no deber\u00eda ser complicado, y nuestro sitio te garantiza una experiencia c\u00f3moda y estable en el momento del proceso de inicio de sesi\u00f3n en Lootzino Casino , que est\u00e1 respaldado por un potente sistema de seguridad y un servicio de atenci\u00f3n al cliente que funciona las 24 horas del d\u00eda.<\/p>\n<p><div class=\"banner-wrap\" aria-label=\"Banner\"><img src=\"https:\/\/lootzinocasino.org\/wp-content\/uploads\/2025\/11\/Lootzino-banner-carousel-800\u0445400.webp\" class=\"w-100 d-none d-lg-block img-pc main-banner-img\" alt=\"Lootzino banner desktop\" fetchpriority=\"high\" decoding=\"async\"><img src=\"https:\/\/lootzinocasino.org\/wp-content\/uploads\/2025\/12\/Group-25.webp\" class=\"w-100 d-none d-md-block d-lg-none main-banner-img\" alt=\"Lootzino banner mobile\" fetchpriority=\"high\" decoding=\"async\"><img src=\"https:\/\/lootzinocasino.org\/wp-content\/uploads\/2025\/12\/Group-25.webp\" class=\"w-100 d-md-none\" alt=\"Lootzino banner mobile\" fetchpriority=\"high\" decoding=\"async\"><div class=\"banner-description\">\n<div class=\"banner-title\">Bonos de bienvenida<\/div>\n<p class=\"banner-header-title\">1500 \u20ac<\/p>\n<div class=\"banner-header-AdditionalText\">+ 250 Giros Gratis<\/div>\n<button data-item=\"homepage_banner_link\" class=\"goto m-button m-gradient-border m-button--primary m-button--large banner-button btn-orange\">\n            <div class=\"m-button-content\">\n                <span>Reg\u00edstrese ahora<\/span>\n                <span><\/span>\n            <\/div>\n        <\/button>\n<\/div>\n<div class=\"WelcomePack\">\n<p><img loading=\"lazy\" decoding=\"async\" class=\"alignnone size-full wp-image-1339\" src=\"https:\/\/lootzinocasino.org\/wp-content\/uploads\/2025\/11\/welcome-crown.svg\" alt=\"crown\" width=\"25\" height=\"26\" \/><\/p>\n<div class=\"WelcomePack-Info\">Reembolso semanal de hasta el 25 %<\/div>\n<p><img loading=\"lazy\" decoding=\"async\" class=\"alignnone size-full wp-image-1339\" src=\"https:\/\/lootzinocasino.org\/wp-content\/uploads\/2025\/11\/welcome-crown.svg\" alt=\"crown\" width=\"25\" height=\"26\" \/><\/p>\n<\/div>\n<\/div><div class=\"scrollable-content-wrap my-5\"><div class=\"scrollable-content-inner\"><h2>Registro de nuevos usuarios en Loot Zino<\/h2>\n<p>Al abrir cualquier cuenta en Loot Zino, t\u00fa, como jugador, obtienes autom\u00e1ticamente acceso a varias ventajas interesantes. A los nuevos miembros se les ofrece un buen paquete de bienvenida que incluye un bono de hasta 1500 \u20ac y 200 tiradas gratis como complemento.<\/p>\n<p>El registro consiste en el acceso a la administraci\u00f3n de tu cuenta individual, donde podr\u00e1s consultar todas nuestras promociones constantes y seleccionar torneos en los que probar suerte. Nuestro sistema de registro es sencillo y r\u00e1pido, y solo te llevar\u00e1 unos minutos empezar a jugar, ya que es una forma r\u00e1pida de unirte a nuestra rica comunidad.<\/p>\n<h2>Crea tu cuenta en Lootzino Casino<\/h2>\n<p>Si ya has terminado con las pruebas de demostraci\u00f3n y deseas invertir y ganar dinero real, entonces es hora de crear tu espacio personal en Lootzino Casino. El paso de iniciar sesi\u00f3n en Lootzino se realizar\u00e1 una vez completado el registro.<\/p>\n<p>El proceso para abrir una cuenta en Lootzino Casino comienza con un sencillo proceso de registro.<\/p>\n<ol>\n<li>En la esquina superior derecha de nuestra p\u00e1gina de inicio Lootzino Casino , encontrar\u00e1s el bot\u00f3n de registro.<\/li>\n<li>Introduce la informaci\u00f3n necesaria (tu correo electr\u00f3nico y una contrase\u00f1a segura).<\/li>\n<li>Confirme su informaci\u00f3n marcando la casilla y aceptando nuestros t\u00e9rminos y condiciones.<\/li>\n<li>Despu\u00e9s de registrarte, tendr\u00e1s la oportunidad de empezar a utilizar tu cuenta de inmediato, con acceso a todas las funciones y ventajas de la plataforma.<\/li>\n<\/ol>\n<p>El proceso de registro tambi\u00e9n es muy eficiente, por lo que podr\u00e1s empezar a disfrutar de tus t\u00edtulos favoritos lo antes posible. En caso de que no puedas hacerlo, contamos con soporte multiling\u00fce, lo que permite que todos los jugadores del mundo puedan registrarse, de modo que Lootzino Login no se bloquee.<\/p>\n<h2>Creaci\u00f3n y uso de una cuenta Loot Zino<\/h2>\n<p>Es f\u00e1cil iniciar sesi\u00f3n en tu cuenta de Loot Zino. Ve a la parte superior derecha de nuestra p\u00e1gina web y selecciona el bot\u00f3n Loot Zino \u00abIniciar sesi\u00f3n\u00bb. Introduce el correo electr\u00f3nico y la contrase\u00f1a con los que te registraste y verifica el inicio de sesi\u00f3n. Una vez registrado, podr\u00e1s a\u00f1adir dinero, ver el historial de tu cuenta y configurar tu perfil.<\/p>\n<p>Tienes la oportunidad de gestionar de forma eficiente los dep\u00f3sitos y retiradas, limitar los dep\u00f3sitos, consultar el historial de juego y participar en promociones desde el panel de control de tu cuenta. La interfaz de nuestra plataforma es f\u00e1cil de usar, por lo que todas las opciones relacionadas con la gesti\u00f3n de la cuenta son c\u00f3modas y accesibles.<\/p>\n<p>Otras funciones adicionales incluyen invitar a amigos a trav\u00e9s de enlaces de referencia, actualizar datos personales y activar la autenticaci\u00f3n de dos factores para mayor seguridad. La combinaci\u00f3n de un dise\u00f1o intuitivo y una funcionalidad robusta hace de Lootzino login un punto de entrada fiable para todas las actividades de juego.<\/p>\n<h3>\u00bfOlvid\u00f3 su contrase\u00f1a?<\/h3>\n<p>Si tienes dificultades para acceder a tu cuenta de Lootzino porque has olvidado la contrase\u00f1a o por cualquier otro motivo, el proceso para recuperarla no te llevar\u00e1 mucho tiempo.<\/p>\n<ol>\n<li>Haga clic en el bot\u00f3n Lootzino Login.<\/li>\n<li>Seleccione la opci\u00f3n \u00ab\u00bfOlvid\u00f3 su contrase\u00f1a?\u00bb y haga clic en ella.<\/li>\n<li>Introduce tu direcci\u00f3n de correo electr\u00f3nico registrada y recibir\u00e1s un correo electr\u00f3nico con instrucciones para restablecer tus credenciales de forma segura.<\/li>\n<li>Siga las instrucciones del correo electr\u00f3nico.<\/li>\n<li>Vuelve a iniciar sesi\u00f3n en tu cuenta.<\/li>\n<\/ol>\n<p>Nuestro equipo de asistencia tambi\u00e9n est\u00e1 disponible a trav\u00e9s del chat en vivo o por correo electr\u00f3nico para ayudarle con la recuperaci\u00f3n de su cuenta o cualquier problema relacionado con Lootzino Login. Mantener el acceso a su cuenta es una prioridad, y nuestros protocolos de seguridad protegen su informaci\u00f3n durante todo el proceso.<\/p>\n<h3>Loot Zino Casino Verificaci\u00f3n de cuenta y seguridad<\/h3>\n<p>La verificaci\u00f3n de la cuenta es un paso fundamental para garantizar la seguridad de tu cuenta Lootzino. El proceso de verificaci\u00f3n, denominado KYC, consiste en enviar documentos de identificaci\u00f3n v\u00e1lidos, normalmente un pasaporte o un permiso de conducir, y un justificante de domicilio, como una factura de servicios p\u00fablicos. Este paso nos permite confirmar tu identidad, ayuda a prevenir el fraude y te da acceso completo a las funciones de retirada de fondos.<\/p>\n<table>\n<tbody>\n<tr>\n<td>Aspecto del casino Lootzino<\/td>\n<td>M\u00e1s detallado<\/td>\n<\/tr>\n<tr>\n<td>Documentos de verificaci\u00f3n<\/td>\n<td>Documento de identidad v\u00e1lido (pasaporte, permiso de conducir), justificante de domicilio (factura de servicios p\u00fablicos o del alquiler).<\/td>\n<\/tr>\n<tr>\n<td>Plazo para la comprobaci\u00f3n<\/td>\n<td>Aproximadamente 48 horas despu\u00e9s de la presentaci\u00f3n.<\/td>\n<\/tr>\n<tr>\n<td>Beneficio para un jugador<\/td>\n<td>Mayor seguridad, l\u00edmites de retirada ilimitados.<\/td>\n<\/tr>\n<\/tbody>\n<\/table>\n<p>El tiempo de procesamiento habitual para la verificaci\u00f3n de identidad KYC es de aproximadamente 48 horas tras el env\u00edo, m\u00e1s o menos. Una vez verificada, su cuenta se beneficia de una mayor seguridad, l\u00edmites de retirada m\u00e1s altos y el cumplimiento de las normas legales. Nuestra plataforma emplea un avanzado cifrado SSL para proteger todos los datos de los usuarios y admite m\u00faltiples funciones de seguridad, incluida la autenticaci\u00f3n de dos factores cuando est\u00e1 disponible.<\/p>\n<h2>Preguntas frecuentes<\/h2>\n<h3>\u00bfC\u00f3mo completo el proceso de verificaci\u00f3n de cuenta de Lootzino Casino?<\/h3>\n<p>Para completar la verificaci\u00f3n, inicie sesi\u00f3n en la cuenta y vaya a la secci\u00f3n de verificaci\u00f3n. Suba copias legibles de su documento de identidad v\u00e1lido y un justificante de domicilio. Nuestro equipo de asistencia revisar\u00e1 sus documentos y le notificar\u00e1 una vez que su cuenta haya sido verificada, normalmente en un plazo de 48 horas. La verificaci\u00f3n mejora la seguridad de la cuenta, aumenta los l\u00edmites de retirada y garantiza el cumplimiento de la normativa legal.<\/p>\n<h3>\u00bfC\u00f3mo actualizar la contrase\u00f1a o la direcci\u00f3n de correo electr\u00f3nico?<\/h3>\n<p>Acceder y gestionar la configuraci\u00f3n de tu cuenta es muy sencillo a trav\u00e9s de tu panel de control. Si necesitas cambiar tu contrase\u00f1a, solo tienes que buscar \u00ab\u00bfHas olvidado tu contrase\u00f1a?\u00bb (junto a Lootzino Login). Para cambiar tu direcci\u00f3n de correo electr\u00f3nico, solo tienes que seguir unos sencillos pasos en el \u00e1rea de informaci\u00f3n de la cuenta. Por motivos de seguridad, es recomendable elegir una contrase\u00f1a segura y original que no utilices en ning\u00fan otro sitio. Adem\u00e1s, cuando a\u00f1adas una nueva direcci\u00f3n de correo electr\u00f3nico, aseg\u00farate de confirmarla haciendo clic en el enlace que te enviaremos a tu bandeja de entrada.<\/p>\n<h3>\u00bfQu\u00e9 debo hacer si mi cuenta est\u00e1 bloqueada?<\/h3>\n<p>Si no puede acceder a su cuenta, p\u00f3ngase en contacto con nuestro equipo de asistencia inmediatamente. Las cuentas pueden bloquearse si se realizan demasiados intentos fallidos de inicio de sesi\u00f3n o si existe un problema de seguridad. Nuestro equipo verificar\u00e1 su identidad y desbloquear\u00e1 su cuenta lo antes posible. Tenga en cuenta que es posible que necesitemos m\u00e1s informaci\u00f3n para asegurarnos de que realmente es usted antes de restablecer su acceso.<\/p>\n<h3>\u00bfC\u00f3mo cierro o suspendo temporalmente mi cuenta?<\/h3>\n<p>Si desea cerrar su cuenta de Lootzino Casino por completo o simplemente suspenderla durante un tiempo, p\u00f3ngase en contacto con nuestro servicio de asistencia. Facil\u00edtanos toda la informaci\u00f3n y expl\u00edquenos qu\u00e9 desea hacer. Recuerde que cerrar su cuenta normalmente significa que no podr\u00e1 recuperarla, pero suspenderla le permite volver a activarla m\u00e1s adelante si cambia de opini\u00f3n. Atendemos cada solicitud con cuidado y nos aseguramos de que todo se haga de forma segura.<\/p>\n<\/div><\/div><\/p>\n","protected":false},"excerpt":{"rendered":"<p>Inicio de sesi\u00f3n y registro en la cuenta de Lootzino El Lootzino Login es la puerta de entrada a una experiencia fluida en nuestro din\u00e1mico casino online. Lootzino ha sido creado para ser el lugar m\u00e1s r\u00e1pido y seguro donde nuestros jugadores espa\u00f1oles puedan disfrutar de una amplia variedad de juegos, gestionar sus cuentas y [&hellip;]<\/p>\n","protected":false},"author":1,"featured_media":0,"parent":0,"menu_order":0,"comment_status":"closed","ping_status":"closed","template":"template-builder.php","meta":{"_acf_changed":false,"inline_featured_image":false,"footnotes":""},"class_list":["post-1469","page","type-page","status-publish","hentry"],"acf":[],"yoast_head":"<!-- This site is optimized with the Yoast SEO plugin v27.3 - https:\/\/yoast.com\/product\/yoast-seo-wordpress\/ -->\n<title>Lootzino Inicio de sesi\u00f3n y registro<\/title>\n<meta name=\"description\" content=\"Crea, gestiona y verifica tu cuenta de Lootzino Casino sin esfuerzo. Disfruta de un registro r\u00e1pido, una recuperaci\u00f3n de cuenta sencilla y un cierre seguro con Lootzino Login, que mantiene tu cuenta protegida las 24 horas del d\u00eda.\" \/>\n<meta name=\"robots\" content=\"index, follow, max-snippet:-1, max-image-preview:large, max-video-preview:-1\" \/>\n<link rel=\"canonical\" href=\"https:\/\/lootzinocasino.org\/es\/inicio-de-sesion-y-registro\/\" \/>\n<meta property=\"og:locale\" content=\"es_ES\" \/>\n<meta property=\"og:type\" content=\"article\" \/>\n<meta property=\"og:title\" content=\"Lootzino Inicio de sesi\u00f3n y registro\" \/>\n<meta property=\"og:description\" content=\"Crea, gestiona y verifica tu cuenta de Lootzino Casino sin esfuerzo. Disfruta de un registro r\u00e1pido, una recuperaci\u00f3n de cuenta sencilla y un cierre seguro con Lootzino Login, que mantiene tu cuenta protegida las 24 horas del d\u00eda.\" \/>\n<meta property=\"og:url\" content=\"https:\/\/lootzinocasino.org\/es\/inicio-de-sesion-y-registro\/\" \/>\n<meta property=\"og:site_name\" content=\"lootzino\" \/>\n<meta property=\"article:modified_time\" content=\"2025-11-21T09:36:46+00:00\" \/>\n<meta name=\"twitter:card\" content=\"summary_large_image\" \/>\n<meta name=\"twitter:label1\" content=\"Est. reading time\" \/>\n\t<meta name=\"twitter:data1\" content=\"1 minute\" \/>\n<script type=\"application\/ld+json\" class=\"yoast-schema-graph\">{\"@context\":\"https:\\\/\\\/schema.org\",\"@graph\":[{\"@type\":\"WebPage\",\"@id\":\"https:\\\/\\\/lootzinocasino.org\\\/es\\\/inicio-de-sesion-y-registro\\\/\",\"url\":\"https:\\\/\\\/lootzinocasino.org\\\/es\\\/inicio-de-sesion-y-registro\\\/\",\"name\":\"Lootzino Inicio de sesi\u00f3n y registro\",\"isPartOf\":{\"@id\":\"https:\\\/\\\/lootzinocasino.org\\\/es\\\/#website\"},\"datePublished\":\"2025-11-20T13:18:25+00:00\",\"dateModified\":\"2025-11-21T09:36:46+00:00\",\"description\":\"Crea, gestiona y verifica tu cuenta de Lootzino Casino sin esfuerzo. Disfruta de un registro r\u00e1pido, una recuperaci\u00f3n de cuenta sencilla y un cierre seguro con Lootzino Login, que mantiene tu cuenta protegida las 24 horas del d\u00eda.\",\"breadcrumb\":{\"@id\":\"https:\\\/\\\/lootzinocasino.org\\\/es\\\/inicio-de-sesion-y-registro\\\/#breadcrumb\"},\"inLanguage\":\"es-ES\",\"potentialAction\":[{\"@type\":\"ReadAction\",\"target\":[\"https:\\\/\\\/lootzinocasino.org\\\/es\\\/inicio-de-sesion-y-registro\\\/\"]}]},{\"@type\":\"BreadcrumbList\",\"@id\":\"https:\\\/\\\/lootzinocasino.org\\\/es\\\/inicio-de-sesion-y-registro\\\/#breadcrumb\",\"itemListElement\":[{\"@type\":\"ListItem\",\"position\":1,\"name\":\"Lootzino\",\"item\":\"https:\\\/\\\/lootzinocasino.org\\\/es\\\/\"},{\"@type\":\"ListItem\",\"position\":2,\"name\":\"Inicio de sesi\u00f3n y Registro\"}]},{\"@type\":\"WebSite\",\"@id\":\"https:\\\/\\\/lootzinocasino.org\\\/es\\\/#website\",\"url\":\"https:\\\/\\\/lootzinocasino.org\\\/es\\\/\",\"name\":\"Lootzino\",\"description\":\"\",\"publisher\":{\"@id\":\"https:\\\/\\\/lootzinocasino.org\\\/es\\\/#organization\"},\"potentialAction\":[{\"@type\":\"SearchAction\",\"target\":{\"@type\":\"EntryPoint\",\"urlTemplate\":\"https:\\\/\\\/lootzinocasino.org\\\/es\\\/?s={search_term_string}\"},\"query-input\":{\"@type\":\"PropertyValueSpecification\",\"valueRequired\":true,\"valueName\":\"search_term_string\"}}],\"inLanguage\":\"es-ES\"},{\"@type\":\"Organization\",\"@id\":\"https:\\\/\\\/lootzinocasino.org\\\/es\\\/#organization\",\"name\":\"Lootzino\",\"url\":\"https:\\\/\\\/lootzinocasino.org\\\/es\\\/\",\"logo\":{\"@type\":\"ImageObject\",\"inLanguage\":\"es-ES\",\"@id\":\"https:\\\/\\\/lootzinocasino.org\\\/es\\\/#\\\/schema\\\/logo\\\/image\\\/\",\"url\":\"https:\\\/\\\/lootzinocasino.org\\\/wp-content\\\/uploads\\\/2025\\\/11\\\/lootzino.svg\",\"contentUrl\":\"https:\\\/\\\/lootzinocasino.org\\\/wp-content\\\/uploads\\\/2025\\\/11\\\/lootzino.svg\",\"width\":16,\"height\":20,\"caption\":\"Lootzino\"},\"image\":{\"@id\":\"https:\\\/\\\/lootzinocasino.org\\\/es\\\/#\\\/schema\\\/logo\\\/image\\\/\"}}]}<\/script>\n<!-- \/ Yoast SEO plugin. -->","yoast_head_json":{"title":"Lootzino Inicio de sesi\u00f3n y registro","description":"Crea, gestiona y verifica tu cuenta de Lootzino Casino sin esfuerzo. Disfruta de un registro r\u00e1pido, una recuperaci\u00f3n de cuenta sencilla y un cierre seguro con Lootzino Login, que mantiene tu cuenta protegida las 24 horas del d\u00eda.","robots":{"index":"index","follow":"follow","max-snippet":"max-snippet:-1","max-image-preview":"max-image-preview:large","max-video-preview":"max-video-preview:-1"},"canonical":"https:\/\/lootzinocasino.org\/es\/inicio-de-sesion-y-registro\/","og_locale":"es_ES","og_type":"article","og_title":"Lootzino Inicio de sesi\u00f3n y registro","og_description":"Crea, gestiona y verifica tu cuenta de Lootzino Casino sin esfuerzo. Disfruta de un registro r\u00e1pido, una recuperaci\u00f3n de cuenta sencilla y un cierre seguro con Lootzino Login, que mantiene tu cuenta protegida las 24 horas del d\u00eda.","og_url":"https:\/\/lootzinocasino.org\/es\/inicio-de-sesion-y-registro\/","og_site_name":"lootzino","article_modified_time":"2025-11-21T09:36:46+00:00","twitter_card":"summary_large_image","twitter_misc":{"Est. reading time":"1 minute"},"schema":{"@context":"https:\/\/schema.org","@graph":[{"@type":"WebPage","@id":"https:\/\/lootzinocasino.org\/es\/inicio-de-sesion-y-registro\/","url":"https:\/\/lootzinocasino.org\/es\/inicio-de-sesion-y-registro\/","name":"Lootzino Inicio de sesi\u00f3n y registro","isPartOf":{"@id":"https:\/\/lootzinocasino.org\/es\/#website"},"datePublished":"2025-11-20T13:18:25+00:00","dateModified":"2025-11-21T09:36:46+00:00","description":"Crea, gestiona y verifica tu cuenta de Lootzino Casino sin esfuerzo. Disfruta de un registro r\u00e1pido, una recuperaci\u00f3n de cuenta sencilla y un cierre seguro con Lootzino Login, que mantiene tu cuenta protegida las 24 horas del d\u00eda.","breadcrumb":{"@id":"https:\/\/lootzinocasino.org\/es\/inicio-de-sesion-y-registro\/#breadcrumb"},"inLanguage":"es-ES","potentialAction":[{"@type":"ReadAction","target":["https:\/\/lootzinocasino.org\/es\/inicio-de-sesion-y-registro\/"]}]},{"@type":"BreadcrumbList","@id":"https:\/\/lootzinocasino.org\/es\/inicio-de-sesion-y-registro\/#breadcrumb","itemListElement":[{"@type":"ListItem","position":1,"name":"Lootzino","item":"https:\/\/lootzinocasino.org\/es\/"},{"@type":"ListItem","position":2,"name":"Inicio de sesi\u00f3n y Registro"}]},{"@type":"WebSite","@id":"https:\/\/lootzinocasino.org\/es\/#website","url":"https:\/\/lootzinocasino.org\/es\/","name":"Lootzino","description":"","publisher":{"@id":"https:\/\/lootzinocasino.org\/es\/#organization"},"potentialAction":[{"@type":"SearchAction","target":{"@type":"EntryPoint","urlTemplate":"https:\/\/lootzinocasino.org\/es\/?s={search_term_string}"},"query-input":{"@type":"PropertyValueSpecification","valueRequired":true,"valueName":"search_term_string"}}],"inLanguage":"es-ES"},{"@type":"Organization","@id":"https:\/\/lootzinocasino.org\/es\/#organization","name":"Lootzino","url":"https:\/\/lootzinocasino.org\/es\/","logo":{"@type":"ImageObject","inLanguage":"es-ES","@id":"https:\/\/lootzinocasino.org\/es\/#\/schema\/logo\/image\/","url":"https:\/\/lootzinocasino.org\/wp-content\/uploads\/2025\/11\/lootzino.svg","contentUrl":"https:\/\/lootzinocasino.org\/wp-content\/uploads\/2025\/11\/lootzino.svg","width":16,"height":20,"caption":"Lootzino"},"image":{"@id":"https:\/\/lootzinocasino.org\/es\/#\/schema\/logo\/image\/"}}]}},"_links":{"self":[{"href":"https:\/\/lootzinocasino.org\/es\/wp-json\/wp\/v2\/pages\/1469","targetHints":{"allow":["GET"]}}],"collection":[{"href":"https:\/\/lootzinocasino.org\/es\/wp-json\/wp\/v2\/pages"}],"about":[{"href":"https:\/\/lootzinocasino.org\/es\/wp-json\/wp\/v2\/types\/page"}],"author":[{"embeddable":true,"href":"https:\/\/lootzinocasino.org\/es\/wp-json\/wp\/v2\/users\/1"}],"replies":[{"embeddable":true,"href":"https:\/\/lootzinocasino.org\/es\/wp-json\/wp\/v2\/comments?post=1469"}],"version-history":[{"count":2,"href":"https:\/\/lootzinocasino.org\/es\/wp-json\/wp\/v2\/pages\/1469\/revisions"}],"predecessor-version":[{"id":1791,"href":"https:\/\/lootzinocasino.org\/es\/wp-json\/wp\/v2\/pages\/1469\/revisions\/1791"}],"wp:attachment":[{"href":"https:\/\/lootzinocasino.org\/es\/wp-json\/wp\/v2\/media?parent=1469"}],"curies":[{"name":"wp","href":"https:\/\/api.w.org\/{rel}","templated":true}]}}