{"id":1415,"date":"2025-11-20T13:16:27","date_gmt":"2025-11-20T13:16:27","guid":{"rendered":"https:\/\/lootzinocasino.org\/app\/"},"modified":"2025-12-25T09:08:25","modified_gmt":"2025-12-25T09:08:25","slug":"app","status":"publish","type":"page","link":"https:\/\/lootzinocasino.org\/fr\/app\/","title":{"rendered":"App"},"content":{"rendered":"<h1>Plateforme mobile Lootzino<\/h1>\n<p>Lootzino App de nouvelle g\u00e9n\u00e9ration offre des jeux mobiles l\u00e9gers, sans installation, sur diff\u00e9rentes plateformes. Nous l&rsquo;avons \u00e9quip\u00e9e des technologies les plus modernes et les plus avanc\u00e9es, et son design est facile \u00e0 utiliser. Elle fonctionne parfaitement sur mobile et sur ordinateur.<\/p>\n<p>Lootzino Casino garantit \u00e0 ses joueurs un large choix de machines \u00e0 sous en ligne, de jeux de casino en direct et de jeux de table, ainsi que des graphismes exceptionnels et des transactions s\u00e9curis\u00e9es. La facilit\u00e9 d&rsquo;utilisation et la fiabilit\u00e9 de notre application en font l&rsquo;une des applications pr\u00e9f\u00e9r\u00e9es des joueurs, qui ne font aucun compromis sur les performances.<\/p>\n<div class=\"banner-wrap\" aria-label=\"Banner\"><img src=\"https:\/\/lootzinocasino.org\/wp-content\/uploads\/2025\/11\/Lootzino-banner-carousel-800\u0445400.webp\" class=\"w-100 d-none d-lg-block img-pc main-banner-img\" alt=\"Lootzino banner desktop\" fetchpriority=\"high\" decoding=\"async\"><img src=\"https:\/\/lootzinocasino.org\/wp-content\/uploads\/2025\/12\/Group-25.webp\" class=\"w-100 d-none d-md-block d-lg-none main-banner-img\" alt=\"Lootzino banner mobile\" fetchpriority=\"high\" decoding=\"async\"><img src=\"https:\/\/lootzinocasino.org\/wp-content\/uploads\/2025\/12\/Group-25.webp\" class=\"w-100 d-md-none\" alt=\"Lootzino banner mobile\" fetchpriority=\"high\" decoding=\"async\"><div class=\"banner-description\">\n<div class=\"banner-title\">Bonus de bienvenue<\/div>\n<p class=\"banner-header-title\">1000 \u20ac<\/p>\n<div class=\"banner-header-AdditionalText\">+ 100 Tours Gratuits<\/div>\n<button data-item=\"homepage_banner_link\" class=\"goto m-button m-gradient-border m-button--primary m-button--large banner-button btn-orange\">\n            <div class=\"m-button-content\">\n                <span>Inscrivez-vous d\u00e8s maintenant<\/span>\n                <span><\/span>\n            <\/div>\n        <\/button>\n<\/div>\n<div class=\"WelcomePack\">\n<p><img loading=\"lazy\" decoding=\"async\" class=\"alignnone size-full wp-image-1337\" src=\"https:\/\/lootzinocasino.org\/wp-content\/uploads\/2025\/11\/welcome-crown.svg\" alt=\"crown\" width=\"25\" height=\"26\" \/><\/p>\n<div class=\"WelcomePack-Info\">Cashback hebdomadaire jusqu&rsquo;\u00e0 25 %<\/div>\n<p><img loading=\"lazy\" decoding=\"async\" class=\"alignnone size-full wp-image-1337\" src=\"https:\/\/lootzinocasino.org\/wp-content\/uploads\/2025\/11\/welcome-crown.svg\" alt=\"crown\" width=\"25\" height=\"26\" \/><\/p>\n<\/div>\n<\/div>\n<h2>Utilisation de l&rsquo;application Lootzino sur mobile<\/h2>\n<p>L&rsquo;application high-tech et avanc\u00e9e Lootzino app va r\u00e9volutionner l&rsquo;exp\u00e9rience des jeux de casino sur t\u00e9l\u00e9phone, car elle sera parfaitement optimis\u00e9e et offrira une exp\u00e9rience mobile. Elle est compatible avec tous les principaux gadgets et est con\u00e7ue pour fonctionner rapidement, avec des graphismes magnifiques et une vitesse \u00e9lev\u00e9e.<\/p>\n<p>Notre application Lootzino permettra aux joueurs de profiter de leurs jeux pr\u00e9f\u00e9r\u00e9s o\u00f9 qu&rsquo;ils se trouvent, que ce soit pendant leurs trajets quotidiens, pendant leurs pauses ou dans le confort de leur foyer. Elle dispose d&rsquo;une interface conviviale qui facilite le jeu, et son niveau de s\u00e9curit\u00e9 maximal garantit la protection des transactions et des informations personnelles.<\/p>\n<p>Le casino mobile Lootzino est \u00e9galement portable, contrairement aux jeux sur ordinateur de bureau, ce qui permet de profiter d&rsquo;une exp\u00e9rience de jeu ininterrompue sur smartphone et tablette sans compromis sur les graphismes. Nous vous proposons toute la gamme de jeux, en temps r\u00e9el.<\/p>\n<p><div style=\"clear: both\"><\/div><div class=\"d-flex justify-content-center\"><button data-item=\"decouvrez_link\" data-group=\"website_links\" class=\"goto fw-bold rounded-pill btn btn-orange\" aria-label=\"T\u00e9l\u00e9chargez l&#039;application Lootzino Casino\" >T\u00e9l\u00e9chargez l&#039;application Lootzino Casino<\/button><\/div><div class=\"scrollable-content-wrap my-5\"><div class=\"scrollable-content-inner\"><h2>Loot Zino Application mobile Android<\/h2>\n<p>L&rsquo;application Android Loot Zino se pr\u00e9sente d\u00e9sormais sous la forme d&rsquo;une application web progressive (PWA), qui constitue notre approche s\u00e9curis\u00e9e et simple pour ouvrir le casino sans t\u00e9l\u00e9charger de paquets APK. Cela am\u00e9liorera la s\u00e9curit\u00e9, et il n&rsquo;est d\u00e9sormais plus n\u00e9cessaire d&rsquo;installer des fichiers volumineux qui \u00e9puisent la batterie.<\/p>\n<p>PWA a simplifi\u00e9 le processus d&rsquo;installation et acc\u00e9l\u00e9r\u00e9 la mise \u00e0 jour automatique des nouvelles fonctionnalit\u00e9s et des nouveaux jeux sans que vous ayez quoi que ce soit \u00e0 faire. Nous affirmons que le processus d&rsquo;installation est simple, car notre utilisateur Lootzino Casino n&rsquo;a qu&rsquo;\u00e0 appuyer sur le bouton sp\u00e9cifi\u00e9 sur le site mobile, ce qui place une ic\u00f4ne sur la page d&rsquo;accueil pour y acc\u00e9der facilement.<\/p>\n<p>La version Android ne perd rien de ses fonctionnalit\u00e9s, puisqu&rsquo;elle permet d&rsquo;effectuer des transactions avec de l&rsquo;argent r\u00e9el, de recevoir des notifications concernant les nouvelles offres et d&rsquo;acc\u00e9der \u00e0 l&rsquo;ensemble de la biblioth\u00e8que de jeux, tels que les machines \u00e0 sous en ligne, le casino en direct et les jeux de table. Elle ressemble aux fonctionnalit\u00e9s de la plateforme de bureau et est donc facile \u00e0 naviguer et \u00e0 comprendre.<\/p>\n<p>Mais quelles sont les principales caract\u00e9ristiques de notre application Lootzino ? \u00c9num\u00e9rons-les rapidement :<\/p>\n<ul>\n<li>Interface 100 % r\u00e9active qui s&rsquo;adapte \u00e0 toutes les tailles d&rsquo;\u00e9cran.<\/li>\n<li>Un gameplay rapide et intense, m\u00eame lorsque le trafic est \u00e0 son maximum.<\/li>\n<li>Faibles restrictions d&rsquo;acc\u00e8s aux machines \u00e0 sous en ligne, au casino en direct et aux jeux crash.<\/li>\n<li>Effectuez des transactions s\u00e9curis\u00e9es gr\u00e2ce \u00e0 la technologie de cryptage.<\/li>\n<li>Prise en charge des gadgets Android et iOS.<\/li>\n<li>Acc\u00e8s sans t\u00e9l\u00e9chargements ni installations fastidieux.<\/li>\n<\/ul>\n<p>Nous esp\u00e9rons que vous comprenez d\u00e9sormais \u00e0 quel point il est judicieux d&rsquo;essayer notre application Lootzino.<\/p>\n<h3>Lootzino Casino PWA et APK<\/h3>\n<p>Chez Lootzino Casino, nous essayons d&rsquo;\u00eatre en phase avec les tendances les plus avanc\u00e9es au monde. Le passage \u00e0 une application web \u00e9tait une d\u00e9cision naturelle pour nous. Nous avons l&rsquo;intention de supprimer totalement les fichiers APK traditionnels, afin de minimiser vos pr\u00e9occupations en mati\u00e8re de s\u00e9curit\u00e9 li\u00e9es aux t\u00e9l\u00e9chargements inconnus.<\/p>\n<p>Notre version PWA garantit un chargement ultra-rapide. Elle est \u00e9galement compatible avec tous les appareils Android actuels. L&rsquo;application Lootzino peut \u00eatre install\u00e9e dans le navigateur des joueurs et se met \u00e0 jour automatiquement, ce qui permet de b\u00e9n\u00e9ficier de nouvelles fonctionnalit\u00e9s et de mises \u00e0 jour de s\u00e9curit\u00e9 sans aucune intervention manuelle. Ce syst\u00e8me garantit une exp\u00e9rience de jeu fluide, sans mise \u00e0 jour logicielle ni probl\u00e8me de compatibilit\u00e9.<\/p>\n<p>Pourquoi les PWA sont-elles meilleures ?<\/p>\n<table>\n<tbody>\n<tr>\n<td>Lootzino Casino caract\u00e9ristiques<\/td>\n<td>PWA<\/td>\n<td>APK<\/td>\n<\/tr>\n<tr>\n<td>S\u00e9curit\u00e9<\/td>\n<td>Une meilleure s\u00e9curit\u00e9. Pas d&rsquo;endroits inconnus.<\/td>\n<td>Risque d&rsquo;infection par un logiciel malveillant.<\/td>\n<\/tr>\n<tr>\n<td>Comment installer<\/td>\n<td>Install\u00e9 directement depuis un navigateur Web.<\/td>\n<td>T\u00e9l\u00e9charg\u00e9 et install\u00e9 manuellement.<\/td>\n<\/tr>\n<tr>\n<td>Mises \u00e0 jour<\/td>\n<td>Automatiquement dans le navigateur.<\/td>\n<td>Mettez \u00e0 jour l&rsquo;application manuellement.<\/td>\n<\/tr>\n<tr>\n<td>Compatibilit\u00e9<\/td>\n<td>Fonctionne avec tous les t\u00e9l\u00e9phones Android et navigateurs modernes.<\/td>\n<td>Probl\u00e8mes avec diff\u00e9rents appareils ou mises \u00e0 jour du syst\u00e8me d&rsquo;exploitation.<\/td>\n<\/tr>\n<tr>\n<td>Vitesse de chargement<\/td>\n<td>Se charge tr\u00e8s rapidement, ce qui rend l&rsquo;exp\u00e9rience fluide.<\/td>\n<td>La vitesse de chargement peut varier en fonction de l&rsquo;appareil et de la version de l&rsquo;application.<\/td>\n<\/tr>\n<tr>\n<td>Maintenance et mises \u00e0 jour :<\/td>\n<td>Pas besoin de mises \u00e0 jour manuelles. Ils utilisent toujours la derni\u00e8re version.<\/td>\n<td>N\u00e9cessite des mises \u00e0 jour manuelles.<\/td>\n<\/tr>\n<tr>\n<td>Exp\u00e9rience utilisateur :<\/td>\n<td>Offrez une exp\u00e9rience de jeu ou d&rsquo;application fluide, car il n&rsquo;y a pas de mises \u00e0 jour logicielles ni de probl\u00e8mes de compatibilit\u00e9.<\/td>\n<td>Les mises \u00e0 jour peuvent causer des perturbations.<\/td>\n<\/tr>\n<tr>\n<td>Distribution :<\/td>\n<td>Les PWA ne passent pas par les boutiques, elles s&rsquo;affichent directement dans le navigateur.<\/td>\n<td>Dans les boutiques d&rsquo;applications avec des r\u00e8gles ou des processus d&rsquo;approbation.<\/td>\n<\/tr>\n<\/tbody>\n<\/table>\n<p><img loading=\"lazy\" decoding=\"async\" src=\"https:\/\/lootzinocasino.org\/wp-content\/uploads\/2025\/11\/Lootzino-Android-App.webp\" alt=\"Lootzino Android App\" width=\"1248\" height=\"536\" \/><\/p>\n<\/div><\/div><div style=\"clear: both\"><\/div><div class=\"d-flex justify-content-center\"><button data-item=\"decouvrez_link\" data-group=\"website_links\" class=\"goto fw-bold rounded-pill btn btn-orange\" aria-label=\"T\u00e9l\u00e9charger Lootzino\" >T\u00e9l\u00e9charger Lootzino<\/button><\/div><div class=\"scrollable-content-wrap my-5\"><div class=\"scrollable-content-inner\"><h2>Lootzino Casino Application mobile iOS<\/h2>\n<p>Lootzino Casino dispose d&rsquo;un lien PWA sp\u00e9cifique pour l&rsquo;\u00e9cran d&rsquo;accueil des utilisateurs d&rsquo;iPhone et d&rsquo;iPad. La configuration est simple, il suffit d&rsquo;appuyer sur \u00ab Ajouter \u00e0 l&rsquo;\u00e9cran d&rsquo;accueil \u00bb dans le menu de partage de votre Safari. L&rsquo;application Lootzino peut \u00eatre t\u00e9l\u00e9charg\u00e9e et, une fois install\u00e9e, elle donne un acc\u00e8s imm\u00e9diat \u00e0 toutes les machines \u00e0 sous en ligne, au casino en direct et aux jeux de table, tous optimis\u00e9s pour les appareils Apple.<\/p>\n<p>La conception est ax\u00e9e sur la performance et il n&rsquo;y a aucun d\u00e9calage ni mise en m\u00e9moire tampon lors du jeu. Les graphismes et les animations iOS sont personnalis\u00e9s, et la qualit\u00e9 visuelle est \u00e9lev\u00e9e. Chaque transaction est crypt\u00e9e et la v\u00e9rification des d\u00e9p\u00f4ts et des retraits s&rsquo;effectue avec un niveau de s\u00e9curit\u00e9 \u00e9lev\u00e9, ce qui rend l&rsquo;environnement de jeu s\u00fbr et s\u00e9curis\u00e9.<\/p>\n<p><img loading=\"lazy\" decoding=\"async\" src=\"https:\/\/lootzinocasino.org\/wp-content\/uploads\/2025\/11\/Lootzino-iOS-App.webp\" alt=\"Lootzino iOS App\" width=\"1248\" height=\"536\" \/><\/p>\n<\/div><\/div><div style=\"clear: both\"><\/div><div class=\"d-flex justify-content-center\"><button data-item=\"decouvrez_link\" data-group=\"website_links\" class=\"goto fw-bold rounded-pill btn btn-orange\" aria-label=\"T\u00e9l\u00e9chargez l&#039;application Lootzino Casino\" >T\u00e9l\u00e9chargez l&#039;application Lootzino Casino<\/button><\/div><div class=\"scrollable-content-wrap my-5\"><div class=\"scrollable-content-inner\"><h2>Applications Windows et macOS<\/h2>\n<p>Lootzino Casino est \u00e9galement disponible en version bureau pour Windows et macOS, en plus de la solution mobile. Notre application bureau Lootzino offre des graphismes sup\u00e9rieurs, des \u00e9crans haute r\u00e9solution et une interface simplifi\u00e9e pour faciliter la gestion des comptes et le jeu.<\/p>\n<p>Les joueurs ont acc\u00e8s \u00e0 l&rsquo;ensemble des services propos\u00e9s : machines \u00e0 sous en ligne, casino en direct, baccarat et poker, et b\u00e9n\u00e9ficient d&rsquo;un traitement rapide des transactions. Vous pouvez \u00e9galement cr\u00e9er des raccourcis sur le bureau pour y acc\u00e9der imm\u00e9diatement, ce qui ne fera qu&rsquo;ajouter \u00e0 votre confort. Notre version bureau dispose des m\u00eames caract\u00e9ristiques et fonctions de s\u00e9curit\u00e9 que les applications mobiles, telles que la pr\u00e9sence d&rsquo;une \u00e9quipe d&rsquo;assistance sur le chat en direct pour vous fournir une aide instantan\u00e9e.<\/p>\n<p><img loading=\"lazy\" decoding=\"async\" src=\"https:\/\/lootzinocasino.org\/wp-content\/uploads\/2025\/11\/Lootzino-Desktop.webp\" alt=\"Lootzino Desktop\" width=\"1248\" height=\"536\" \/><\/p>\n<\/div><\/div><div style=\"clear: both\"><\/div><div class=\"d-flex justify-content-center\"><button data-item=\"decouvrez_link\" data-group=\"website_links\" class=\"goto fw-bold rounded-pill btn btn-orange\" aria-label=\"T\u00e9l\u00e9charger Lootzino\" >T\u00e9l\u00e9charger Lootzino<\/button><\/div><div class=\"scrollable-content-wrap my-5\"><div class=\"scrollable-content-inner\"><h2>Loot Zino FAQ<\/h2>\n<h3>Faut-il cr\u00e9er un compte pour utiliser l&rsquo;application Loot Zino ?<\/h3>\n<p>Pour pouvoir utiliser toutes les fonctionnalit\u00e9s du site, telles que les transactions en argent r\u00e9el, les jeux et le processus de v\u00e9rification, il est n\u00e9cessaire de cr\u00e9er un compte. Le processus d&rsquo;inscription \u00e0 l&rsquo;application Lootzino est rapide et facile et offre une exp\u00e9rience de jeu personnalis\u00e9e sur tous les appareils.<\/p>\n<h3>L&rsquo;application Loot Zino Casino offre-t-elle un service client ?<\/h3>\n<p>Nous travaillons pour vous 24 heures sur 24, 7 jours sur 7. Une assistance \u00e0 temps plein est disponible via le chat en direct, par e-mail et dans la FAQ Loot Zino. L&rsquo;\u00e9quipe d&rsquo;assistance se chargera de vous aider en cas de probl\u00e8mes techniques, de pr\u00e9paration de compte et de questions relatives aux transactions afin que votre exp\u00e9rience de jeu se d\u00e9roule sans encombre.<\/p>\n<h3>Comment puis-je mettre \u00e0 jour l&rsquo;application Lootzino Casino ?<\/h3>\n<p>\u00c0 nos utilisateurs mobiles Loot Zino : l&rsquo;application est mise \u00e0 jour automatiquement via l&rsquo;application web ou une PWA, sans aucune intervention manuelle requise. Vous restez ainsi constamment inform\u00e9 de toutes les nouvelles fonctionnalit\u00e9s et am\u00e9liorations en mati\u00e8re de s\u00e9curit\u00e9.<\/p>\n<\/div><\/div><\/p>\n","protected":false},"excerpt":{"rendered":"<p>Plateforme mobile Lootzino Lootzino App de nouvelle g\u00e9n\u00e9ration offre des jeux mobiles l\u00e9gers, sans installation, sur diff\u00e9rentes plateformes. Nous l&rsquo;avons \u00e9quip\u00e9e des technologies les plus modernes et les plus avanc\u00e9es, et son design est facile \u00e0 utiliser. Elle fonctionne parfaitement sur mobile et sur ordinateur. Lootzino Casino garantit \u00e0 ses joueurs un large choix de [&hellip;]<\/p>\n","protected":false},"author":1,"featured_media":0,"parent":0,"menu_order":0,"comment_status":"closed","ping_status":"closed","template":"template-builder.php","meta":{"_acf_changed":false,"inline_featured_image":false,"footnotes":""},"class_list":["post-1415","page","type-page","status-publish","hentry"],"acf":[],"yoast_head":"<!-- This site is optimized with the Yoast SEO plugin v27.3 - https:\/\/yoast.com\/product\/yoast-seo-wordpress\/ -->\n<title>Lootzino App | Plateformes iOS et Android<\/title>\n<meta name=\"description\" content=\"L&#039;application Lootzino offre une exp\u00e9rience de jeu fluide sur Android, iOS, Windows et macOS, avec des comptes synchronis\u00e9s, des mises \u00e0 jour r\u00e9guli\u00e8res et un service client int\u00e9gr\u00e9 pour une exp\u00e9rience sans souci.\" \/>\n<meta name=\"robots\" content=\"index, follow, max-snippet:-1, max-image-preview:large, max-video-preview:-1\" \/>\n<link rel=\"canonical\" href=\"https:\/\/lootzinocasino.org\/fr\/app\/\" \/>\n<meta property=\"og:locale\" content=\"fr_FR\" \/>\n<meta property=\"og:type\" content=\"article\" \/>\n<meta property=\"og:title\" content=\"Lootzino App | Plateformes iOS et Android\" \/>\n<meta property=\"og:description\" content=\"L&#039;application Lootzino offre une exp\u00e9rience de jeu fluide sur Android, iOS, Windows et macOS, avec des comptes synchronis\u00e9s, des mises \u00e0 jour r\u00e9guli\u00e8res et un service client int\u00e9gr\u00e9 pour une exp\u00e9rience sans souci.\" \/>\n<meta property=\"og:url\" content=\"https:\/\/lootzinocasino.org\/fr\/app\/\" \/>\n<meta property=\"og:site_name\" content=\"lootzino\" \/>\n<meta property=\"article:modified_time\" content=\"2025-12-25T09:08:25+00:00\" \/>\n<meta name=\"twitter:card\" content=\"summary_large_image\" \/>\n<meta name=\"twitter:label1\" content=\"Dur\u00e9e de lecture estim\u00e9e\" \/>\n\t<meta name=\"twitter:data1\" content=\"2 minutes\" \/>\n<script type=\"application\/ld+json\" class=\"yoast-schema-graph\">{\"@context\":\"https:\\\/\\\/schema.org\",\"@graph\":[{\"@type\":\"WebPage\",\"@id\":\"https:\\\/\\\/lootzinocasino.org\\\/fr\\\/app\\\/\",\"url\":\"https:\\\/\\\/lootzinocasino.org\\\/fr\\\/app\\\/\",\"name\":\"Lootzino App | Plateformes iOS et Android\",\"isPartOf\":{\"@id\":\"https:\\\/\\\/lootzinocasino.org\\\/fr\\\/#website\"},\"datePublished\":\"2025-11-20T13:16:27+00:00\",\"dateModified\":\"2025-12-25T09:08:25+00:00\",\"description\":\"L'application Lootzino offre une exp\u00e9rience de jeu fluide sur Android, iOS, Windows et macOS, avec des comptes synchronis\u00e9s, des mises \u00e0 jour r\u00e9guli\u00e8res et un service client int\u00e9gr\u00e9 pour une exp\u00e9rience sans souci.\",\"breadcrumb\":{\"@id\":\"https:\\\/\\\/lootzinocasino.org\\\/fr\\\/app\\\/#breadcrumb\"},\"inLanguage\":\"fr-FR\",\"potentialAction\":[{\"@type\":\"ReadAction\",\"target\":[\"https:\\\/\\\/lootzinocasino.org\\\/fr\\\/app\\\/\"]}]},{\"@type\":\"BreadcrumbList\",\"@id\":\"https:\\\/\\\/lootzinocasino.org\\\/fr\\\/app\\\/#breadcrumb\",\"itemListElement\":[{\"@type\":\"ListItem\",\"position\":1,\"name\":\"Lootzino\",\"item\":\"https:\\\/\\\/lootzinocasino.org\\\/fr\\\/\"},{\"@type\":\"ListItem\",\"position\":2,\"name\":\"App\"}]},{\"@type\":\"WebSite\",\"@id\":\"https:\\\/\\\/lootzinocasino.org\\\/fr\\\/#website\",\"url\":\"https:\\\/\\\/lootzinocasino.org\\\/fr\\\/\",\"name\":\"Lootzino\",\"description\":\"\",\"publisher\":{\"@id\":\"https:\\\/\\\/lootzinocasino.org\\\/fr\\\/#organization\"},\"potentialAction\":[{\"@type\":\"SearchAction\",\"target\":{\"@type\":\"EntryPoint\",\"urlTemplate\":\"https:\\\/\\\/lootzinocasino.org\\\/fr\\\/?s={search_term_string}\"},\"query-input\":{\"@type\":\"PropertyValueSpecification\",\"valueRequired\":true,\"valueName\":\"search_term_string\"}}],\"inLanguage\":\"fr-FR\"},{\"@type\":\"Organization\",\"@id\":\"https:\\\/\\\/lootzinocasino.org\\\/fr\\\/#organization\",\"name\":\"Lootzino\",\"url\":\"https:\\\/\\\/lootzinocasino.org\\\/fr\\\/\",\"logo\":{\"@type\":\"ImageObject\",\"inLanguage\":\"fr-FR\",\"@id\":\"https:\\\/\\\/lootzinocasino.org\\\/fr\\\/#\\\/schema\\\/logo\\\/image\\\/\",\"url\":\"https:\\\/\\\/lootzinocasino.org\\\/wp-content\\\/uploads\\\/2025\\\/11\\\/lootzino.svg\",\"contentUrl\":\"https:\\\/\\\/lootzinocasino.org\\\/wp-content\\\/uploads\\\/2025\\\/11\\\/lootzino.svg\",\"width\":16,\"height\":20,\"caption\":\"Lootzino\"},\"image\":{\"@id\":\"https:\\\/\\\/lootzinocasino.org\\\/fr\\\/#\\\/schema\\\/logo\\\/image\\\/\"}}]}<\/script>\n<!-- \/ Yoast SEO plugin. -->","yoast_head_json":{"title":"Lootzino App | Plateformes iOS et Android","description":"L'application Lootzino offre une exp\u00e9rience de jeu fluide sur Android, iOS, Windows et macOS, avec des comptes synchronis\u00e9s, des mises \u00e0 jour r\u00e9guli\u00e8res et un service client int\u00e9gr\u00e9 pour une exp\u00e9rience sans souci.","robots":{"index":"index","follow":"follow","max-snippet":"max-snippet:-1","max-image-preview":"max-image-preview:large","max-video-preview":"max-video-preview:-1"},"canonical":"https:\/\/lootzinocasino.org\/fr\/app\/","og_locale":"fr_FR","og_type":"article","og_title":"Lootzino App | Plateformes iOS et Android","og_description":"L'application Lootzino offre une exp\u00e9rience de jeu fluide sur Android, iOS, Windows et macOS, avec des comptes synchronis\u00e9s, des mises \u00e0 jour r\u00e9guli\u00e8res et un service client int\u00e9gr\u00e9 pour une exp\u00e9rience sans souci.","og_url":"https:\/\/lootzinocasino.org\/fr\/app\/","og_site_name":"lootzino","article_modified_time":"2025-12-25T09:08:25+00:00","twitter_card":"summary_large_image","twitter_misc":{"Dur\u00e9e de lecture estim\u00e9e":"2 minutes"},"schema":{"@context":"https:\/\/schema.org","@graph":[{"@type":"WebPage","@id":"https:\/\/lootzinocasino.org\/fr\/app\/","url":"https:\/\/lootzinocasino.org\/fr\/app\/","name":"Lootzino App | Plateformes iOS et Android","isPartOf":{"@id":"https:\/\/lootzinocasino.org\/fr\/#website"},"datePublished":"2025-11-20T13:16:27+00:00","dateModified":"2025-12-25T09:08:25+00:00","description":"L'application Lootzino offre une exp\u00e9rience de jeu fluide sur Android, iOS, Windows et macOS, avec des comptes synchronis\u00e9s, des mises \u00e0 jour r\u00e9guli\u00e8res et un service client int\u00e9gr\u00e9 pour une exp\u00e9rience sans souci.","breadcrumb":{"@id":"https:\/\/lootzinocasino.org\/fr\/app\/#breadcrumb"},"inLanguage":"fr-FR","potentialAction":[{"@type":"ReadAction","target":["https:\/\/lootzinocasino.org\/fr\/app\/"]}]},{"@type":"BreadcrumbList","@id":"https:\/\/lootzinocasino.org\/fr\/app\/#breadcrumb","itemListElement":[{"@type":"ListItem","position":1,"name":"Lootzino","item":"https:\/\/lootzinocasino.org\/fr\/"},{"@type":"ListItem","position":2,"name":"App"}]},{"@type":"WebSite","@id":"https:\/\/lootzinocasino.org\/fr\/#website","url":"https:\/\/lootzinocasino.org\/fr\/","name":"Lootzino","description":"","publisher":{"@id":"https:\/\/lootzinocasino.org\/fr\/#organization"},"potentialAction":[{"@type":"SearchAction","target":{"@type":"EntryPoint","urlTemplate":"https:\/\/lootzinocasino.org\/fr\/?s={search_term_string}"},"query-input":{"@type":"PropertyValueSpecification","valueRequired":true,"valueName":"search_term_string"}}],"inLanguage":"fr-FR"},{"@type":"Organization","@id":"https:\/\/lootzinocasino.org\/fr\/#organization","name":"Lootzino","url":"https:\/\/lootzinocasino.org\/fr\/","logo":{"@type":"ImageObject","inLanguage":"fr-FR","@id":"https:\/\/lootzinocasino.org\/fr\/#\/schema\/logo\/image\/","url":"https:\/\/lootzinocasino.org\/wp-content\/uploads\/2025\/11\/lootzino.svg","contentUrl":"https:\/\/lootzinocasino.org\/wp-content\/uploads\/2025\/11\/lootzino.svg","width":16,"height":20,"caption":"Lootzino"},"image":{"@id":"https:\/\/lootzinocasino.org\/fr\/#\/schema\/logo\/image\/"}}]}},"_links":{"self":[{"href":"https:\/\/lootzinocasino.org\/fr\/wp-json\/wp\/v2\/pages\/1415","targetHints":{"allow":["GET"]}}],"collection":[{"href":"https:\/\/lootzinocasino.org\/fr\/wp-json\/wp\/v2\/pages"}],"about":[{"href":"https:\/\/lootzinocasino.org\/fr\/wp-json\/wp\/v2\/types\/page"}],"author":[{"embeddable":true,"href":"https:\/\/lootzinocasino.org\/fr\/wp-json\/wp\/v2\/users\/1"}],"replies":[{"embeddable":true,"href":"https:\/\/lootzinocasino.org\/fr\/wp-json\/wp\/v2\/comments?post=1415"}],"version-history":[{"count":3,"href":"https:\/\/lootzinocasino.org\/fr\/wp-json\/wp\/v2\/pages\/1415\/revisions"}],"predecessor-version":[{"id":1833,"href":"https:\/\/lootzinocasino.org\/fr\/wp-json\/wp\/v2\/pages\/1415\/revisions\/1833"}],"wp:attachment":[{"href":"https:\/\/lootzinocasino.org\/fr\/wp-json\/wp\/v2\/media?parent=1415"}],"curies":[{"name":"wp","href":"https:\/\/api.w.org\/{rel}","templated":true}]}}