{"id":1464,"date":"2025-11-20T13:18:25","date_gmt":"2025-11-20T13:18:25","guid":{"rendered":"https:\/\/lootzinocasino.org\/login-and-registration\/"},"modified":"2025-12-25T09:11:20","modified_gmt":"2025-12-25T09:11:20","slug":"connexion-et-inscription","status":"publish","type":"page","link":"https:\/\/lootzinocasino.org\/fr\/connexion-et-inscription\/","title":{"rendered":"Connexion et inscription"},"content":{"rendered":"<h1>Connexion et inscription au compte Lootzino<\/h1>\n<p>Le Lootzino Login est la cl\u00e9 qui vous ouvrira les portes de notre casino en ligne dynamique. Lootzino a \u00e9t\u00e9 con\u00e7u pour \u00eatre le site le plus rapide et le plus s\u00e9curis\u00e9 o\u00f9 nos joueurs peuvent profiter d&rsquo;une grande vari\u00e9t\u00e9 de jeux, g\u00e9rer leurs comptes et b\u00e9n\u00e9ficier d&rsquo;offres uniques gr\u00e2ce \u00e0 un acc\u00e8s rapide.<\/p>\n<p>La connexion ne devrait pas \u00eatre compliqu\u00e9e, et notre site vous garantit une exp\u00e9rience confortable et stable lors du processus de connexion \u00e0 Lootzino Casino, qui s&rsquo;appuie sur un syst\u00e8me de s\u00e9curit\u00e9 puissant et un service client disponible 24 heures sur 24.<\/p>\n<p><div class=\"banner-wrap\" aria-label=\"Banner\"><img src=\"https:\/\/lootzinocasino.org\/wp-content\/uploads\/2025\/11\/Lootzino-banner-carousel-800\u0445400.webp\" class=\"w-100 d-none d-lg-block img-pc main-banner-img\" alt=\"Lootzino banner desktop\" fetchpriority=\"high\" decoding=\"async\"><img src=\"https:\/\/lootzinocasino.org\/wp-content\/uploads\/2025\/12\/Group-25.webp\" class=\"w-100 d-none d-md-block d-lg-none main-banner-img\" alt=\"Lootzino banner mobile\" fetchpriority=\"high\" decoding=\"async\"><img src=\"https:\/\/lootzinocasino.org\/wp-content\/uploads\/2025\/12\/Group-25.webp\" class=\"w-100 d-md-none\" alt=\"Lootzino banner mobile\" fetchpriority=\"high\" decoding=\"async\"><div class=\"banner-description\">\n<div class=\"banner-title\">Bonus de bienvenue<\/div>\n<p class=\"banner-header-title\">1000 \u20ac<\/p>\n<div class=\"banner-header-AdditionalText\">+ 100 Tours Gratuits<\/div>\n<button data-item=\"homepage_banner_link\" class=\"goto m-button m-gradient-border m-button--primary m-button--large banner-button btn-orange\">\n            <div class=\"m-button-content\">\n                <span>Inscrivez-vous d\u00e8s maintenant<\/span>\n                <span><\/span>\n            <\/div>\n        <\/button>\n<\/div>\n<div class=\"WelcomePack\">\n<p><img loading=\"lazy\" decoding=\"async\" class=\"alignnone size-full wp-image-1337\" src=\"https:\/\/lootzinocasino.org\/wp-content\/uploads\/2025\/11\/welcome-crown.svg\" alt=\"crown\" width=\"25\" height=\"26\" \/><\/p>\n<div class=\"WelcomePack-Info\">Cashback hebdomadaire jusqu&rsquo;\u00e0 25 %<\/div>\n<p><img loading=\"lazy\" decoding=\"async\" class=\"alignnone size-full wp-image-1337\" src=\"https:\/\/lootzinocasino.org\/wp-content\/uploads\/2025\/11\/welcome-crown.svg\" alt=\"crown\" width=\"25\" height=\"26\" \/><\/p>\n<\/div>\n<\/div><div class=\"scrollable-content-wrap my-5\"><div class=\"scrollable-content-inner\"><h2>Inscription d&rsquo;un nouvel utilisateur sur Loot Zino<\/h2>\n<p>En ouvrant un compte chez Loot Zino, vous b\u00e9n\u00e9ficiez automatiquement, en tant que joueur, de plusieurs avantages int\u00e9ressants. Les nouveaux membres se voient offrir un pack de bienvenue comprenant un bonus pouvant atteindre 1 000 \u20ac et 100 tours gratuits en compl\u00e9ment.<\/p>\n<p>L&rsquo;inscription vous donne acc\u00e8s \u00e0 la gestion de votre compte individuel, o\u00f9 vous pouvez consulter toutes nos promotions permanentes et s\u00e9lectionner les tournois auxquels vous souhaitez tenter votre chance. Notre syst\u00e8me d&rsquo;inscription est simple et rapide, et il ne vous faudra que quelques minutes pour commencer \u00e0 jouer, car il s&rsquo;agit d&rsquo;une m\u00e9thode rapide pour rejoindre notre riche communaut\u00e9.<\/p>\n<h2>Cr\u00e9ez votre compte sur Lootzino Casino<\/h2>\n<p>Si vous avez d\u00e9j\u00e0 termin\u00e9 les essais de d\u00e9monstration et que vous souhaitez essayer d&rsquo;investir et de gagner de l&rsquo;argent r\u00e9el, il est grand temps de cr\u00e9er votre espace personnel sur Lootzino Casino. L&rsquo;\u00e9tape Lootzino Login suivra une fois l&rsquo;inscription termin\u00e9e.<\/p>\n<p>Le processus d&rsquo;ouverture d&rsquo;un compte sur Lootzino Casino commence par une proc\u00e9dure d&rsquo;inscription simple.<\/p>\n<ol>\n<li>Dans le coin sup\u00e9rieur droit de notre page de Lootzino Casino, vous trouverez le bouton d&rsquo;inscription.<\/li>\n<li>Entrez les informations n\u00e9cessaires (votre adresse e-mail et un mot de passe s\u00e9curis\u00e9).<\/li>\n<li>Confirmez vos informations en cochant la case et en acceptant nos conditions g\u00e9n\u00e9rales.<\/li>\n<li>Apr\u00e8s votre inscription, vous pouvez imm\u00e9diatement commencer \u00e0 utiliser votre compte et profiter de toutes les fonctionnalit\u00e9s et avantages de la plateforme.<\/li>\n<\/ol>\n<p>Le processus d&rsquo;inscription est \u00e9galement optimis\u00e9 afin que vous puissiez commencer \u00e0 profiter de vos titres pr\u00e9f\u00e9r\u00e9s d\u00e8s que possible. Si vous ne parvenez pas \u00e0 vous inscrire, nous disposons d&rsquo;une assistance multilingue qui permet \u00e0 tous les joueurs du monde entier de s&rsquo;inscrire, afin que la Lootzino Login ne plante pas.<\/p>\n<h2>Cr\u00e9ation et utilisation d&rsquo;un compte Loot Zino<\/h2>\n<p>Il est facile de se connecter \u00e0 votre compte Loot Zino. Allez dans le coin sup\u00e9rieur droit de notre site et cliquez sur le bouton Loot Zino \u00ab Se connecter \u00bb. Saisissez l&rsquo;adresse e-mail et le mot de passe enregistr\u00e9s, puis v\u00e9rifiez votre connexion. Une fois inscrit, vous pouvez ajouter de l&rsquo;argent, consulter l&rsquo;historique de votre compte et personnaliser votre profil.<\/p>\n<p>Vous avez la possibilit\u00e9 de g\u00e9rer efficacement vos d\u00e9p\u00f4ts et retraits, de limiter vos d\u00e9p\u00f4ts, de consulter l&rsquo;historique de vos jeux et de participer \u00e0 des promotions depuis le tableau de bord de votre compte. L&rsquo;interface de notre plateforme est conviviale, de sorte que toutes les options relatives \u00e0 la gestion de votre compte sont pratiques et accessibles.<\/p>\n<p>Parmi les fonctionnalit\u00e9s suppl\u00e9mentaires, citons la possibilit\u00e9 d&rsquo;inviter des amis via des liens de parrainage, de mettre \u00e0 jour ses informations personnelles et d&rsquo;activer l&rsquo;authentification \u00e0 deux facteurs pour une s\u00e9curit\u00e9 renforc\u00e9e. La combinaison d&rsquo;une conception conviviale et de fonctionnalit\u00e9s robustes fait de Lootzino login un point d&rsquo;entr\u00e9e fiable pour toutes les activit\u00e9s de jeu.<\/p>\n<h3>Mot de passe oubli\u00e9 ?<\/h3>\n<p>Si vous rencontrez des difficult\u00e9s pour acc\u00e9der \u00e0 votre compte Lootzino parce que vous avez oubli\u00e9 votre mot de passe ou pour toute autre raison, la proc\u00e9dure de r\u00e9cup\u00e9ration ne prendra pas beaucoup de temps.<\/p>\n<ol>\n<li>Cliquez sur le bouton Lootzino Login.<\/li>\n<li>S\u00e9lectionnez l&rsquo;option \u00ab Mot de passe oubli\u00e9 ? \u00bb et cliquez dessus.<\/li>\n<li>Entrez votre adresse e-mail enregistr\u00e9e et vous recevrez un e-mail contenant les instructions pour r\u00e9initialiser vos identifiants en toute s\u00e9curit\u00e9.<\/li>\n<li>Suivez les instructions contenues dans l&rsquo;e-mail.<\/li>\n<li>Reconnectez-vous \u00e0 votre compte.<\/li>\n<\/ol>\n<p>Notre \u00e9quipe d&rsquo;assistance est \u00e9galement disponible via chat en direct ou par e-mail pour vous aider \u00e0 r\u00e9cup\u00e9rer votre compte ou \u00e0 r\u00e9soudre tout probl\u00e8me li\u00e9 \u00e0 la connexion \u00e0 Lootzino. Le maintien de l&rsquo;acc\u00e8s \u00e0 votre compte est une priorit\u00e9, et nos protocoles de s\u00e9curit\u00e9 prot\u00e8gent vos informations tout au long du processus.<\/p>\n<h3>Loot Zino Casino V\u00e9rification et s\u00e9curit\u00e9 du compte<\/h3>\n<p>La v\u00e9rification du compte est une \u00e9tape essentielle pour garantir la s\u00e9curit\u00e9 de votre compte Lootzino. Le processus de v\u00e9rification, appel\u00e9 KYC, consiste \u00e0 fournir des documents d&rsquo;identit\u00e9 valides, g\u00e9n\u00e9ralement un passeport ou un permis de conduire, ainsi qu&rsquo;un justificatif de domicile, tel qu&rsquo;une facture d&rsquo;\u00e9lectricit\u00e9. Cette \u00e9tape nous permet de confirmer votre identit\u00e9, de pr\u00e9venir la fraude et de vous donner un acc\u00e8s complet aux fonctionnalit\u00e9s de retrait.<\/p>\n<table>\n<tbody>\n<tr>\n<td>Aspect du casino Lootzino<\/td>\n<td>Plus d\u00e9taill\u00e9<\/td>\n<\/tr>\n<tr>\n<td>Documents de v\u00e9rification<\/td>\n<td>Pi\u00e8ce d&rsquo;identit\u00e9 valide (passeport, permis de conduire), justificatif de domicile (facture d&rsquo;\u00e9lectricit\u00e9 ou de gaz)<\/td>\n<\/tr>\n<tr>\n<td>D\u00e9lai pour la v\u00e9rification<\/td>\n<td>Environ 48 heures apr\u00e8s la soumission<\/td>\n<\/tr>\n<tr>\n<td>Avantage pour un joueur<\/td>\n<td>S\u00e9curit\u00e9 renforc\u00e9e, limites de retrait illimit\u00e9es<\/td>\n<\/tr>\n<\/tbody>\n<\/table>\n<p>Le d\u00e9lai de traitement habituel pour la v\u00e9rification d&rsquo;identit\u00e9 KYC est d&rsquo;environ 48 heures apr\u00e8s la soumission, \u00e0 quelques heures pr\u00e8s. Une fois votre identit\u00e9 v\u00e9rifi\u00e9e, votre compte b\u00e9n\u00e9ficie d&rsquo;une s\u00e9curit\u00e9 renforc\u00e9e, de limites de retrait plus \u00e9lev\u00e9es et d&rsquo;une conformit\u00e9 aux normes l\u00e9gales. Notre plateforme utilise un cryptage SSL avanc\u00e9 pour prot\u00e9ger toutes les donn\u00e9es des utilisateurs et prend en charge plusieurs fonctionnalit\u00e9s de s\u00e9curit\u00e9, notamment l&rsquo;authentification \u00e0 deux facteurs lorsqu&rsquo;elle est disponible.<\/p>\n<h2>FAQ<\/h2>\n<h3>Comment puis-je terminer le processus de v\u00e9rification de compte Lootzino Casino ?<\/h3>\n<p>Pour terminer votre v\u00e9rification, connectez-vous \u00e0 votre compte Lootzino login et acc\u00e9dez \u00e0 la section de v\u00e9rification. T\u00e9l\u00e9chargez des copies lisibles de votre pi\u00e8ce d&rsquo;identit\u00e9 valide et de votre justificatif de domicile. Notre \u00e9quipe d&rsquo;assistance examinera vos documents et vous informera une fois votre compte v\u00e9rifi\u00e9, g\u00e9n\u00e9ralement dans les 48 heures. La v\u00e9rification renforce la s\u00e9curit\u00e9 du compte, augmente les limites de retrait et garantit le respect des r\u00e9glementations l\u00e9gales.<\/p>\n<h3>Comment mettre \u00e0 jour votre mot de passe ou votre adresse e-mail ?<\/h3>\n<p>Vous pouvez facilement acc\u00e9der aux param\u00e8tres de votre compte et les g\u00e9rer depuis votre tableau de bord. Si vous devez modifier votre mot de passe, il vous suffit de cliquer sur \u00ab Mot de passe oubli\u00e9 ? \u00bb (\u00e0 c\u00f4t\u00e9 de Lootzino Login). Pour modifier votre adresse e-mail, suivez les \u00e9tapes simples indiqu\u00e9es dans la section \u00ab Informations sur le compte \u00bb. Pour des raisons de s\u00e9curit\u00e9, il est recommand\u00e9 de choisir un mot de passe fort et original que vous n&rsquo;utilisez nulle part ailleurs. De plus, lorsque vous ajoutez une nouvelle adresse e-mail, veillez \u00e0 la confirmer en cliquant sur le lien que nous vous envoyons dans votre bo\u00eete de r\u00e9ception.<\/p>\n<h3>Que dois-je faire si mon compte est bloqu\u00e9 ?<\/h3>\n<p>Si vous constatez que vous ne pouvez plus acc\u00e9der \u00e0 votre compte, contactez imm\u00e9diatement notre \u00e9quipe d&rsquo;assistance. Les comptes peuvent \u00eatre verrouill\u00e9s en cas de trop nombreuses tentatives de connexion infructueuses ou en cas de probl\u00e8me de s\u00e9curit\u00e9. Notre \u00e9quipe v\u00e9rifiera votre identit\u00e9 et d\u00e9verrouillera votre compte dans les plus brefs d\u00e9lais. Veuillez noter que nous pourrions vous demander des informations suppl\u00e9mentaires afin de nous assurer de votre identit\u00e9 avant de vous redonner acc\u00e8s \u00e0 votre compte.<\/p>\n<h3>Comment puis-je fermer ou suspendre temporairement mon compte ?<\/h3>\n<p>Si vous souhaitez fermer d\u00e9finitivement votre compte Lootzino Casino ou simplement le suspendre pendant un certain temps, contactez notre service d&rsquo;assistance. Communiquez-nous toutes les informations n\u00e9cessaires et expliquez-nous ce que vous souhaitez faire. N&rsquo;oubliez pas que la fermeture de votre compte signifie g\u00e9n\u00e9ralement que vous ne pouvez plus le r\u00e9cup\u00e9rer, mais que sa suspension vous permet de le r\u00e9activer plus tard si vous changez d&rsquo;avis. Nous traitons chaque demande avec soin et veillons \u00e0 ce que tout se passe en toute s\u00e9curit\u00e9.<\/p>\n<\/div><\/div><\/p>\n","protected":false},"excerpt":{"rendered":"<p>Connexion et inscription au compte Lootzino Le Lootzino Login est la cl\u00e9 qui vous ouvrira les portes de notre casino en ligne dynamique. Lootzino a \u00e9t\u00e9 con\u00e7u pour \u00eatre le site le plus rapide et le plus s\u00e9curis\u00e9 o\u00f9 nos joueurs peuvent profiter d&rsquo;une grande vari\u00e9t\u00e9 de jeux, g\u00e9rer leurs comptes et b\u00e9n\u00e9ficier d&rsquo;offres uniques [&hellip;]<\/p>\n","protected":false},"author":1,"featured_media":0,"parent":0,"menu_order":0,"comment_status":"closed","ping_status":"closed","template":"template-builder.php","meta":{"_acf_changed":false,"inline_featured_image":false,"footnotes":""},"class_list":["post-1464","page","type-page","status-publish","hentry"],"acf":[],"yoast_head":"<!-- This site is optimized with the Yoast SEO plugin v27.3 - https:\/\/yoast.com\/product\/yoast-seo-wordpress\/ -->\n<title>Lootzino Connexion et inscription<\/title>\n<meta name=\"description\" content=\"Cr\u00e9ez, g\u00e9rez et v\u00e9rifiez votre compte Lootzino Casino en toute simplicit\u00e9. Profitez d&#039;une inscription rapide, d&#039;une r\u00e9cup\u00e9ration facile de votre compte et d&#039;une fermeture s\u00e9curis\u00e9e gr\u00e2ce \u00e0 Lootzino Login, qui prot\u00e8ge votre compte 24 heures sur 24.\" \/>\n<meta name=\"robots\" content=\"index, follow, max-snippet:-1, max-image-preview:large, max-video-preview:-1\" \/>\n<link rel=\"canonical\" href=\"https:\/\/lootzinocasino.org\/fr\/connexion-et-inscription\/\" \/>\n<meta property=\"og:locale\" content=\"fr_FR\" \/>\n<meta property=\"og:type\" content=\"article\" \/>\n<meta property=\"og:title\" content=\"Lootzino Connexion et inscription\" \/>\n<meta property=\"og:description\" content=\"Cr\u00e9ez, g\u00e9rez et v\u00e9rifiez votre compte Lootzino Casino en toute simplicit\u00e9. Profitez d&#039;une inscription rapide, d&#039;une r\u00e9cup\u00e9ration facile de votre compte et d&#039;une fermeture s\u00e9curis\u00e9e gr\u00e2ce \u00e0 Lootzino Login, qui prot\u00e8ge votre compte 24 heures sur 24.\" \/>\n<meta property=\"og:url\" content=\"https:\/\/lootzinocasino.org\/fr\/connexion-et-inscription\/\" \/>\n<meta property=\"og:site_name\" content=\"lootzino\" \/>\n<meta property=\"article:modified_time\" content=\"2025-12-25T09:11:20+00:00\" \/>\n<meta name=\"twitter:card\" content=\"summary_large_image\" \/>\n<meta name=\"twitter:label1\" content=\"Dur\u00e9e de lecture estim\u00e9e\" \/>\n\t<meta name=\"twitter:data1\" content=\"1 minute\" \/>\n<script type=\"application\/ld+json\" class=\"yoast-schema-graph\">{\"@context\":\"https:\\\/\\\/schema.org\",\"@graph\":[{\"@type\":\"WebPage\",\"@id\":\"https:\\\/\\\/lootzinocasino.org\\\/fr\\\/connexion-et-inscription\\\/\",\"url\":\"https:\\\/\\\/lootzinocasino.org\\\/fr\\\/connexion-et-inscription\\\/\",\"name\":\"Lootzino Connexion et inscription\",\"isPartOf\":{\"@id\":\"https:\\\/\\\/lootzinocasino.org\\\/fr\\\/#website\"},\"datePublished\":\"2025-11-20T13:18:25+00:00\",\"dateModified\":\"2025-12-25T09:11:20+00:00\",\"description\":\"Cr\u00e9ez, g\u00e9rez et v\u00e9rifiez votre compte Lootzino Casino en toute simplicit\u00e9. Profitez d'une inscription rapide, d'une r\u00e9cup\u00e9ration facile de votre compte et d'une fermeture s\u00e9curis\u00e9e gr\u00e2ce \u00e0 Lootzino Login, qui prot\u00e8ge votre compte 24 heures sur 24.\",\"breadcrumb\":{\"@id\":\"https:\\\/\\\/lootzinocasino.org\\\/fr\\\/connexion-et-inscription\\\/#breadcrumb\"},\"inLanguage\":\"fr-FR\",\"potentialAction\":[{\"@type\":\"ReadAction\",\"target\":[\"https:\\\/\\\/lootzinocasino.org\\\/fr\\\/connexion-et-inscription\\\/\"]}]},{\"@type\":\"BreadcrumbList\",\"@id\":\"https:\\\/\\\/lootzinocasino.org\\\/fr\\\/connexion-et-inscription\\\/#breadcrumb\",\"itemListElement\":[{\"@type\":\"ListItem\",\"position\":1,\"name\":\"Lootzino\",\"item\":\"https:\\\/\\\/lootzinocasino.org\\\/fr\\\/\"},{\"@type\":\"ListItem\",\"position\":2,\"name\":\"Connexion et inscription\"}]},{\"@type\":\"WebSite\",\"@id\":\"https:\\\/\\\/lootzinocasino.org\\\/fr\\\/#website\",\"url\":\"https:\\\/\\\/lootzinocasino.org\\\/fr\\\/\",\"name\":\"Lootzino\",\"description\":\"\",\"publisher\":{\"@id\":\"https:\\\/\\\/lootzinocasino.org\\\/fr\\\/#organization\"},\"potentialAction\":[{\"@type\":\"SearchAction\",\"target\":{\"@type\":\"EntryPoint\",\"urlTemplate\":\"https:\\\/\\\/lootzinocasino.org\\\/fr\\\/?s={search_term_string}\"},\"query-input\":{\"@type\":\"PropertyValueSpecification\",\"valueRequired\":true,\"valueName\":\"search_term_string\"}}],\"inLanguage\":\"fr-FR\"},{\"@type\":\"Organization\",\"@id\":\"https:\\\/\\\/lootzinocasino.org\\\/fr\\\/#organization\",\"name\":\"Lootzino\",\"url\":\"https:\\\/\\\/lootzinocasino.org\\\/fr\\\/\",\"logo\":{\"@type\":\"ImageObject\",\"inLanguage\":\"fr-FR\",\"@id\":\"https:\\\/\\\/lootzinocasino.org\\\/fr\\\/#\\\/schema\\\/logo\\\/image\\\/\",\"url\":\"https:\\\/\\\/lootzinocasino.org\\\/wp-content\\\/uploads\\\/2025\\\/11\\\/lootzino.svg\",\"contentUrl\":\"https:\\\/\\\/lootzinocasino.org\\\/wp-content\\\/uploads\\\/2025\\\/11\\\/lootzino.svg\",\"width\":16,\"height\":20,\"caption\":\"Lootzino\"},\"image\":{\"@id\":\"https:\\\/\\\/lootzinocasino.org\\\/fr\\\/#\\\/schema\\\/logo\\\/image\\\/\"}}]}<\/script>\n<!-- \/ Yoast SEO plugin. -->","yoast_head_json":{"title":"Lootzino Connexion et inscription","description":"Cr\u00e9ez, g\u00e9rez et v\u00e9rifiez votre compte Lootzino Casino en toute simplicit\u00e9. Profitez d'une inscription rapide, d'une r\u00e9cup\u00e9ration facile de votre compte et d'une fermeture s\u00e9curis\u00e9e gr\u00e2ce \u00e0 Lootzino Login, qui prot\u00e8ge votre compte 24 heures sur 24.","robots":{"index":"index","follow":"follow","max-snippet":"max-snippet:-1","max-image-preview":"max-image-preview:large","max-video-preview":"max-video-preview:-1"},"canonical":"https:\/\/lootzinocasino.org\/fr\/connexion-et-inscription\/","og_locale":"fr_FR","og_type":"article","og_title":"Lootzino Connexion et inscription","og_description":"Cr\u00e9ez, g\u00e9rez et v\u00e9rifiez votre compte Lootzino Casino en toute simplicit\u00e9. Profitez d'une inscription rapide, d'une r\u00e9cup\u00e9ration facile de votre compte et d'une fermeture s\u00e9curis\u00e9e gr\u00e2ce \u00e0 Lootzino Login, qui prot\u00e8ge votre compte 24 heures sur 24.","og_url":"https:\/\/lootzinocasino.org\/fr\/connexion-et-inscription\/","og_site_name":"lootzino","article_modified_time":"2025-12-25T09:11:20+00:00","twitter_card":"summary_large_image","twitter_misc":{"Dur\u00e9e de lecture estim\u00e9e":"1 minute"},"schema":{"@context":"https:\/\/schema.org","@graph":[{"@type":"WebPage","@id":"https:\/\/lootzinocasino.org\/fr\/connexion-et-inscription\/","url":"https:\/\/lootzinocasino.org\/fr\/connexion-et-inscription\/","name":"Lootzino Connexion et inscription","isPartOf":{"@id":"https:\/\/lootzinocasino.org\/fr\/#website"},"datePublished":"2025-11-20T13:18:25+00:00","dateModified":"2025-12-25T09:11:20+00:00","description":"Cr\u00e9ez, g\u00e9rez et v\u00e9rifiez votre compte Lootzino Casino en toute simplicit\u00e9. Profitez d'une inscription rapide, d'une r\u00e9cup\u00e9ration facile de votre compte et d'une fermeture s\u00e9curis\u00e9e gr\u00e2ce \u00e0 Lootzino Login, qui prot\u00e8ge votre compte 24 heures sur 24.","breadcrumb":{"@id":"https:\/\/lootzinocasino.org\/fr\/connexion-et-inscription\/#breadcrumb"},"inLanguage":"fr-FR","potentialAction":[{"@type":"ReadAction","target":["https:\/\/lootzinocasino.org\/fr\/connexion-et-inscription\/"]}]},{"@type":"BreadcrumbList","@id":"https:\/\/lootzinocasino.org\/fr\/connexion-et-inscription\/#breadcrumb","itemListElement":[{"@type":"ListItem","position":1,"name":"Lootzino","item":"https:\/\/lootzinocasino.org\/fr\/"},{"@type":"ListItem","position":2,"name":"Connexion et inscription"}]},{"@type":"WebSite","@id":"https:\/\/lootzinocasino.org\/fr\/#website","url":"https:\/\/lootzinocasino.org\/fr\/","name":"Lootzino","description":"","publisher":{"@id":"https:\/\/lootzinocasino.org\/fr\/#organization"},"potentialAction":[{"@type":"SearchAction","target":{"@type":"EntryPoint","urlTemplate":"https:\/\/lootzinocasino.org\/fr\/?s={search_term_string}"},"query-input":{"@type":"PropertyValueSpecification","valueRequired":true,"valueName":"search_term_string"}}],"inLanguage":"fr-FR"},{"@type":"Organization","@id":"https:\/\/lootzinocasino.org\/fr\/#organization","name":"Lootzino","url":"https:\/\/lootzinocasino.org\/fr\/","logo":{"@type":"ImageObject","inLanguage":"fr-FR","@id":"https:\/\/lootzinocasino.org\/fr\/#\/schema\/logo\/image\/","url":"https:\/\/lootzinocasino.org\/wp-content\/uploads\/2025\/11\/lootzino.svg","contentUrl":"https:\/\/lootzinocasino.org\/wp-content\/uploads\/2025\/11\/lootzino.svg","width":16,"height":20,"caption":"Lootzino"},"image":{"@id":"https:\/\/lootzinocasino.org\/fr\/#\/schema\/logo\/image\/"}}]}},"_links":{"self":[{"href":"https:\/\/lootzinocasino.org\/fr\/wp-json\/wp\/v2\/pages\/1464","targetHints":{"allow":["GET"]}}],"collection":[{"href":"https:\/\/lootzinocasino.org\/fr\/wp-json\/wp\/v2\/pages"}],"about":[{"href":"https:\/\/lootzinocasino.org\/fr\/wp-json\/wp\/v2\/types\/page"}],"author":[{"embeddable":true,"href":"https:\/\/lootzinocasino.org\/fr\/wp-json\/wp\/v2\/users\/1"}],"replies":[{"embeddable":true,"href":"https:\/\/lootzinocasino.org\/fr\/wp-json\/wp\/v2\/comments?post=1464"}],"version-history":[{"count":2,"href":"https:\/\/lootzinocasino.org\/fr\/wp-json\/wp\/v2\/pages\/1464\/revisions"}],"predecessor-version":[{"id":1835,"href":"https:\/\/lootzinocasino.org\/fr\/wp-json\/wp\/v2\/pages\/1464\/revisions\/1835"}],"wp:attachment":[{"href":"https:\/\/lootzinocasino.org\/fr\/wp-json\/wp\/v2\/media?parent=1464"}],"curies":[{"name":"wp","href":"https:\/\/api.w.org\/{rel}","templated":true}]}}