{"id":1420,"date":"2025-11-20T13:16:27","date_gmt":"2025-11-20T13:16:27","guid":{"rendered":"https:\/\/lootzinocasino.org\/app\/"},"modified":"2025-11-21T08:26:31","modified_gmt":"2025-11-21T08:26:31","slug":"applicazione","status":"publish","type":"page","link":"https:\/\/lootzinocasino.org\/it\/applicazione\/","title":{"rendered":"Applicazione"},"content":{"rendered":"<h1>Piattaforma mobile Lootzino<\/h1>\n<p>Lootzino App di nuova generazione offre giochi leggeri, senza installazione e mobili su varie piattaforme. L&#8217;abbiamo dotata delle tecnologie pi\u00f9 moderne e all&#8217;avanguardia e ha un design facile da usare. Funziona perfettamente su dispositivi mobili e desktop.<\/p>\n<p>Lootzino Casino garantisce ai nostri giocatori italiani la possibilit\u00e0 di scegliere tra un&#8217;ampia gamma di slot online, casin\u00f2 live e giochi da tavolo, con una grafica eccellente e transazioni sicure. L&#8217;applicabilit\u00e0 e l&#8217;affidabilit\u00e0 della nostra app la rendono una delle applicazioni preferite dai giocatori, che non devono rinunciare alle prestazioni.<\/p>\n<div class=\"banner-wrap\" aria-label=\"Banner\"><img src=\"https:\/\/lootzinocasino.org\/wp-content\/uploads\/2025\/11\/Lootzino-banner-carousel-800\u0445400.webp\" class=\"w-100 d-none d-lg-block img-pc main-banner-img\" alt=\"Lootzino banner desktop\" fetchpriority=\"high\" decoding=\"async\"><img src=\"https:\/\/lootzinocasino.org\/wp-content\/uploads\/2025\/12\/Group-25.webp\" class=\"w-100 d-none d-md-block d-lg-none main-banner-img\" alt=\"Lootzino banner mobile\" fetchpriority=\"high\" decoding=\"async\"><img src=\"https:\/\/lootzinocasino.org\/wp-content\/uploads\/2025\/12\/Group-25.webp\" class=\"w-100 d-md-none\" alt=\"Lootzino banner mobile\" fetchpriority=\"high\" decoding=\"async\"><div class=\"banner-description\">\n<div class=\"banner-title\">Bonus di benvenuto<\/div>\n<p class=\"banner-header-title\">1500 \u20ac<\/p>\n<div class=\"banner-header-AdditionalText\">+ 250 Giri Gratuiti<\/div>\n<button data-item=\"homepage_banner_link\" class=\"goto m-button m-gradient-border m-button--primary m-button--large banner-button btn-orange\">\n            <div class=\"m-button-content\">\n                <span>Iscriviti ora<\/span>\n                <span><\/span>\n            <\/div>\n        <\/button>\n<\/div>\n<div class=\"WelcomePack\">\n<p><img loading=\"lazy\" decoding=\"async\" class=\"alignnone size-full wp-image-1337\" src=\"https:\/\/lootzinocasino.org\/wp-content\/uploads\/2025\/11\/welcome-crown.svg\" alt=\"crown\" width=\"25\" height=\"26\" \/><\/p>\n<div class=\"WelcomePack-Info\">Cashback settimanale fino al 25%<\/div>\n<p><img loading=\"lazy\" decoding=\"async\" class=\"alignnone size-full wp-image-1337\" src=\"https:\/\/lootzinocasino.org\/wp-content\/uploads\/2025\/11\/welcome-crown.svg\" alt=\"crown\" width=\"25\" height=\"26\" \/><\/p>\n<\/div>\n<\/div>\n<h2>Utilizzo dell&#8217;app Lootzino su dispositivi mobili<\/h2>\n<p>L&#8217;app Lootzino, altamente tecnologica e avanzata, cambier\u00e0 l&#8217;esperienza di gioco dei casin\u00f2 sul telefono perch\u00e9 sar\u00e0 ottimizzata e offrir\u00e0 un&#8217;esperienza mobile. \u00c8 compatibile con tutti i principali dispositivi ed \u00e8 progettata per funzionare velocemente, con una grafica splendida e un&#8217;elevata velocit\u00e0.<\/p>\n<p>La nostra app Lootzino consentir\u00e0 ai giocatori di divertirsi con i loro giochi preferiti ovunque si trovino, sia durante gli spostamenti, nelle pause o comodamente a casa propria. \u00c8 dotata di un&#8217;interfaccia intuitiva che rende il gioco facile da giocare e il massimo livello di sicurezza garantisce la protezione delle transazioni e delle informazioni personali.<\/p>\n<p>Il casin\u00f2 mobile Lootzino \u00e8 anche portatile, a differenza di quello su desktop, il che rende possibile godersi un&#8217;esperienza di gioco ininterrotta con smartphone e tablet senza compromettere la grafica. Abbiamo tutta la variet\u00e0 di giochi per te, in tempo reale.<\/p>\n<p><div style=\"clear: both\"><\/div><div class=\"d-flex justify-content-center\"><button data-item=\"decouvrez_link\" data-group=\"website_links\" class=\"goto fw-bold rounded-pill btn btn-orange\" aria-label=\"Scarica l&#039;app Lootzino Casino\" >Scarica l&#039;app Lootzino Casino<\/button><\/div><div class=\"scrollable-content-wrap my-5\"><div class=\"scrollable-content-inner\"><h2>Loot Zino App mobile Android<\/h2>\n<p>L&#8217;app Android Loot Zino \u00e8 ora disponibile sotto forma di Progressive Web Application (PWA), il nostro approccio semplice e sicuro per aprire il casin\u00f2 senza scaricare pacchetti APK. Ci\u00f2 migliorer\u00e0 la sicurezza e ora non \u00e8 pi\u00f9 necessario installare file di grandi dimensioni che consumano la batteria.<\/p>\n<p>PWA ha semplificato il processo di installazione e ha reso molto veloce l&#8217;aggiornamento automatico delle nuove funzionalit\u00e0 e dei giochi senza che tu debba fare nulla. Affermiamo che il processo di installazione \u00e8 semplice perch\u00e9 l&#8217;utente di Lootzino Casino deve solo toccare il pulsante specificato sul sito mobile, che inserisce un&#8217;icona nella home page per un facile accesso.<\/p>\n<p>La versione Android non perde la sua funzionalit\u00e0, poich\u00e9 consente di completare transazioni con denaro reale, ricevere notifiche su nuove offerte e accedere all&#8217;intera libreria di giochi, come slot online, casin\u00f2 dal vivo e giochi da tavolo. Assomiglia alle caratteristiche della piattaforma desktop e, quindi, \u00e8 facile da navigare e comprendere.<\/p>\n<p>Ma quali sono le caratteristiche principali della nostra app Lootzino? Elenchiamole rapidamente:<\/p>\n<ul>\n<li>Interfaccia reattiva al 100% che si adatta a qualsiasi dimensione dello schermo.<\/li>\n<li>Gameplay veloce e frenetico anche quando il traffico \u00e8 al massimo.<\/li>\n<li>Restrizioni di accesso ridotte alle slot online, al casin\u00f2 live e ai giochi crash.<\/li>\n<li>Effettua transazioni sicure utilizzando la tecnologia di crittografia.<\/li>\n<li>Supporto per dispositivi Android e iOS.<\/li>\n<li>Accesso senza lunghi download e installazioni.<\/li>\n<\/ul>\n<p>Ci auguriamo che ora possiate comprendere chiaramente quanto sia importante provare la nostra app Lootzino.<\/p>\n<h3>Lootzino Casino PWA e APK<\/h3>\n<p>Noi di Lootzino Casino cerchiamo di essere sempre al passo con le tendenze pi\u00f9 avanzate a livello mondiale. Il passaggio a un&#8217;applicazione basata sul web \u00e8 stata una decisione naturale per noi. Intendiamo eliminare completamente i tradizionali file APK, in modo da ridurre al minimo le preoccupazioni relative alla sicurezza dei download sconosciuti.<\/p>\n<p>La nostra versione PWA garantisce un caricamento ad alta velocit\u00e0. \u00c8 inoltre compatibile con tutti gli attuali dispositivi Android. L&#8217;app Lootzino pu\u00f2 essere installata nel browser dei giocatori e viene aggiornata automaticamente, quindi \u00e8 possibile usufruire di nuove funzionalit\u00e0 e aggiornamenti di sicurezza senza alcun intervento manuale. Questo sistema garantisce un&#8217;esperienza di gioco fluida, senza aggiornamenti software o problemi di compatibilit\u00e0 durante il processo.<\/p>\n<p>Perch\u00e9 PWA \u00e8 migliore?<\/p>\n<table>\n<tbody>\n<tr>\n<td>Lootzino Casino caratteristiche<\/td>\n<td>PWA<\/td>\n<td>APK<\/td>\n<\/tr>\n<tr>\n<td>Sicurezza<\/td>\n<td>Maggiore sicurezza. Nessun luogo sconosciuto.<\/td>\n<td>Rischio di contrarre malware.<\/td>\n<\/tr>\n<tr>\n<td>Come installare<\/td>\n<td>Installato direttamente dal browser web.<\/td>\n<td>Scaricato e installato manualmente.<\/td>\n<\/tr>\n<tr>\n<td>Aggiornamenti<\/td>\n<td>Automaticamente nel browser.<\/td>\n<td>Aggiorna l&#8217;app manualmente.<\/td>\n<\/tr>\n<tr>\n<td>Compatibilit\u00e0<\/td>\n<td>Funziona con qualsiasi telefono Android moderno e browser.<\/td>\n<td>Problemi con diversi dispositivi o aggiornamenti del sistema operativo.<\/td>\n<\/tr>\n<tr>\n<td>Velocit\u00e0 di caricamento<\/td>\n<td>Si carica molto velocemente, rendendo l&#8217;esperienza fluida.<\/td>\n<td>La velocit\u00e0 di caricamento pu\u00f2 variare a seconda del dispositivo e della versione dell&#8217;app.<\/td>\n<\/tr>\n<tr>\n<td>Manutenzione e aggiornamenti:<\/td>\n<td>Non \u00e8 necessario eseguire aggiornamenti manuali. Utilizzano sempre la versione pi\u00f9 recente.<\/td>\n<td>Richiede aggiornamenti manuali.<\/td>\n<\/tr>\n<tr>\n<td>Esperienza utente:<\/td>\n<td>Offri un&#8217;esperienza di gioco o di utilizzo delle app fluida, senza aggiornamenti software o problemi di compatibilit\u00e0.<\/td>\n<td>Gli aggiornamenti possono causare interruzioni.<\/td>\n<\/tr>\n<tr>\n<td>Distribuzione:<\/td>\n<td>Le PWA non devono passare attraverso gli store, ma direttamente attraverso un browser.<\/td>\n<td>Negli app store con regole o processi di approvazione.<\/td>\n<\/tr>\n<\/tbody>\n<\/table>\n<p><img loading=\"lazy\" decoding=\"async\" src=\"https:\/\/lootzinocasino.org\/wp-content\/uploads\/2025\/11\/Lootzino-Android-App.webp\" alt=\"Lootzino Android App\" width=\"1248\" height=\"536\" \/><\/p>\n<\/div><\/div><div style=\"clear: both\"><\/div><div class=\"d-flex justify-content-center\"><button data-item=\"decouvrez_link\" data-group=\"website_links\" class=\"goto fw-bold rounded-pill btn btn-orange\" aria-label=\"Scarica Lootzino\" >Scarica Lootzino<\/button><\/div><div class=\"scrollable-content-wrap my-5\"><div class=\"scrollable-content-inner\"><h2>Lootzino Casino App mobile iOS<\/h2>\n<p>Lootzino Casino ha un link PWA specifico per la schermata iniziale degli utenti iPhone e iPad. La configurazione \u00e8 semplice, basta toccare Aggiungi alla schermata iniziale nel menu di condivisione di Safari. L&#8217;app Lootzino pu\u00f2 essere scaricata e, una volta installata, consente l&#8217;accesso immediato a tutte le slot online, al casin\u00f2 live e ai giochi da tavolo, tutti ottimizzati per i dispositivi Apple.<\/p>\n<p>Il design \u00e8 orientato alle prestazioni e non ci sono ritardi o buffering durante il gioco. La grafica e le animazioni iOS sono personalizzate e la qualit\u00e0 visiva \u00e8 elevata. Ogni singola transazione \u00e8 crittografata e la verifica sia dei depositi che dei prelievi viene effettuata con elevati livelli di sicurezza, il che rende l&#8217;ambiente di gioco sicuro e protetto.<\/p>\n<p><img loading=\"lazy\" decoding=\"async\" src=\"https:\/\/lootzinocasino.org\/wp-content\/uploads\/2025\/11\/Lootzino-iOS-App.webp\" alt=\"Lootzino iOS App\" width=\"1248\" height=\"536\" \/><\/p>\n<\/div><\/div><div style=\"clear: both\"><\/div><div class=\"d-flex justify-content-center\"><button data-item=\"decouvrez_link\" data-group=\"website_links\" class=\"goto fw-bold rounded-pill btn btn-orange\" aria-label=\"Scarica l&#039;app Lootzino Casino\" >Scarica l&#039;app Lootzino Casino<\/button><\/div><div class=\"scrollable-content-wrap my-5\"><div class=\"scrollable-content-inner\"><h2>Applicazioni Windows e macOS<\/h2>\n<p>Lootzino Casino \u00e8 supportato anche da una versione desktop per Windows e macOS, oltre alla soluzione mobile. La nostra app desktop Lootzino offre una grafica superiore, schermi ad alta risoluzione e un&#8217;interfaccia semplificata per facilitare la gestione degli account e il gioco.<\/p>\n<p>I giocatori hanno accesso all&#8217;intera offerta di servizi online, che comprende slot machine, casin\u00f2 dal vivo, baccarat e poker, e possono contare su transazioni rapide. \u00c8 inoltre possibile creare scorciatoie sul desktop per accedervi immediatamente, il che aggiunge ulteriore praticit\u00e0. La nostra versione desktop ha le stesse caratteristiche e funzioni di sicurezza delle applicazioni mobili, come la presenza del team di assistenza nella chat live per fornire aiuto immediato.<\/p>\n<p><img loading=\"lazy\" decoding=\"async\" src=\"https:\/\/lootzinocasino.org\/wp-content\/uploads\/2025\/11\/Lootzino-Desktop.webp\" alt=\"Lootzino Desktop\" width=\"1248\" height=\"536\" \/><\/p>\n<\/div><\/div><div style=\"clear: both\"><\/div><div class=\"d-flex justify-content-center\"><button data-item=\"decouvrez_link\" data-group=\"website_links\" class=\"goto fw-bold rounded-pill btn btn-orange\" aria-label=\"Scarica Lootzino\" >Scarica Lootzino<\/button><\/div><div class=\"scrollable-content-wrap my-5\"><div class=\"scrollable-content-inner\"><h2>Loot Zino domande frequenti<\/h2>\n<h3>\u00c8 necessario creare un account per utilizzare l&#8217;app Loot Zino?<\/h3>\n<p>Per poter utilizzare tutte le funzionalit\u00e0 del sito, quali transazioni con denaro reale, gameplay e processo di verifica, \u00e8 necessario disporre di un account registrato. Il processo di registrazione all&#8217;app Lootzino \u00e8 rapido e semplice e offre un&#8217;esperienza di gioco personalizzata su tutti i dispositivi.<\/p>\n<h3>L&#8217;app Loot Zino Casino offre assistenza clienti?<\/h3>\n<p>Lavoriamo sempre per te, 24 ore su 24, 7 giorni su 7. Offriamo assistenza a tempo pieno tramite live chat, e-mail e le Loot Zino FAQ. Il team di assistenza si occuper\u00e0 di aiutarti con i problemi tecnici, la preparazione dell&#8217;account e le domande relative alle transazioni, in modo che la tua esperienza di gioco sia fluida.<\/p>\n<h3>Come posso aggiornare l&#8217;app Lootzino Casino?<\/h3>\n<p>Ai nostri utenti mobili Loot Zino: l&#8217;applicazione viene aggiornata automaticamente tramite l&#8217;app web o una PWA, senza necessit\u00e0 di alcun intervento manuale. Sarete costantemente aggiornati su tutte le nuove funzionalit\u00e0 e i miglioramenti di sicurezza.<\/p>\n<\/div><\/div><\/p>\n","protected":false},"excerpt":{"rendered":"<p>Piattaforma mobile Lootzino Lootzino App di nuova generazione offre giochi leggeri, senza installazione e mobili su varie piattaforme. L&#8217;abbiamo dotata delle tecnologie pi\u00f9 moderne e all&#8217;avanguardia e ha un design facile da usare. Funziona perfettamente su dispositivi mobili e desktop. Lootzino Casino garantisce ai nostri giocatori italiani la possibilit\u00e0 di scegliere tra un&#8217;ampia gamma di [&hellip;]<\/p>\n","protected":false},"author":1,"featured_media":0,"parent":0,"menu_order":0,"comment_status":"closed","ping_status":"closed","template":"template-builder.php","meta":{"_acf_changed":false,"inline_featured_image":false,"footnotes":""},"class_list":["post-1420","page","type-page","status-publish","hentry"],"acf":[],"yoast_head":"<!-- This site is optimized with the Yoast SEO plugin v27.3 - https:\/\/yoast.com\/product\/yoast-seo-wordpress\/ -->\n<title>Lootzino App | Piattaforme iOS e Android<\/title>\n<meta name=\"description\" content=\"L&#039;app Lootzino offre un&#039;esperienza di gioco fluida su Android, iOS, Windows e macOS, con account sincronizzati, aggiornamenti regolari e assistenza clienti integrata per un&#039;esperienza senza intoppi.\" \/>\n<meta name=\"robots\" content=\"index, follow, max-snippet:-1, max-image-preview:large, max-video-preview:-1\" \/>\n<link rel=\"canonical\" href=\"https:\/\/lootzinocasino.org\/it\/applicazione\/\" \/>\n<meta property=\"og:locale\" content=\"it_IT\" \/>\n<meta property=\"og:type\" content=\"article\" \/>\n<meta property=\"og:title\" content=\"Lootzino App | Piattaforme iOS e Android\" \/>\n<meta property=\"og:description\" content=\"L&#039;app Lootzino offre un&#039;esperienza di gioco fluida su Android, iOS, Windows e macOS, con account sincronizzati, aggiornamenti regolari e assistenza clienti integrata per un&#039;esperienza senza intoppi.\" \/>\n<meta property=\"og:url\" content=\"https:\/\/lootzinocasino.org\/it\/applicazione\/\" \/>\n<meta property=\"og:site_name\" content=\"lootzino\" \/>\n<meta property=\"article:modified_time\" content=\"2025-11-21T08:26:31+00:00\" \/>\n<meta name=\"twitter:card\" content=\"summary_large_image\" \/>\n<meta name=\"twitter:label1\" content=\"Est. reading time\" \/>\n\t<meta name=\"twitter:data1\" content=\"2 minutes\" \/>\n<script type=\"application\/ld+json\" class=\"yoast-schema-graph\">{\"@context\":\"https:\\\/\\\/schema.org\",\"@graph\":[{\"@type\":\"WebPage\",\"@id\":\"https:\\\/\\\/lootzinocasino.org\\\/it\\\/applicazione\\\/\",\"url\":\"https:\\\/\\\/lootzinocasino.org\\\/it\\\/applicazione\\\/\",\"name\":\"Lootzino App | Piattaforme iOS e Android\",\"isPartOf\":{\"@id\":\"https:\\\/\\\/lootzinocasino.org\\\/it\\\/#website\"},\"datePublished\":\"2025-11-20T13:16:27+00:00\",\"dateModified\":\"2025-11-21T08:26:31+00:00\",\"description\":\"L'app Lootzino offre un'esperienza di gioco fluida su Android, iOS, Windows e macOS, con account sincronizzati, aggiornamenti regolari e assistenza clienti integrata per un'esperienza senza intoppi.\",\"breadcrumb\":{\"@id\":\"https:\\\/\\\/lootzinocasino.org\\\/it\\\/applicazione\\\/#breadcrumb\"},\"inLanguage\":\"it-IT\",\"potentialAction\":[{\"@type\":\"ReadAction\",\"target\":[\"https:\\\/\\\/lootzinocasino.org\\\/it\\\/applicazione\\\/\"]}]},{\"@type\":\"BreadcrumbList\",\"@id\":\"https:\\\/\\\/lootzinocasino.org\\\/it\\\/applicazione\\\/#breadcrumb\",\"itemListElement\":[{\"@type\":\"ListItem\",\"position\":1,\"name\":\"Lootzino\",\"item\":\"https:\\\/\\\/lootzinocasino.org\\\/it\\\/\"},{\"@type\":\"ListItem\",\"position\":2,\"name\":\"Applicazione\"}]},{\"@type\":\"WebSite\",\"@id\":\"https:\\\/\\\/lootzinocasino.org\\\/it\\\/#website\",\"url\":\"https:\\\/\\\/lootzinocasino.org\\\/it\\\/\",\"name\":\"Lootzino\",\"description\":\"\",\"publisher\":{\"@id\":\"https:\\\/\\\/lootzinocasino.org\\\/it\\\/#organization\"},\"potentialAction\":[{\"@type\":\"SearchAction\",\"target\":{\"@type\":\"EntryPoint\",\"urlTemplate\":\"https:\\\/\\\/lootzinocasino.org\\\/it\\\/?s={search_term_string}\"},\"query-input\":{\"@type\":\"PropertyValueSpecification\",\"valueRequired\":true,\"valueName\":\"search_term_string\"}}],\"inLanguage\":\"it-IT\"},{\"@type\":\"Organization\",\"@id\":\"https:\\\/\\\/lootzinocasino.org\\\/it\\\/#organization\",\"name\":\"Lootzino\",\"url\":\"https:\\\/\\\/lootzinocasino.org\\\/it\\\/\",\"logo\":{\"@type\":\"ImageObject\",\"inLanguage\":\"it-IT\",\"@id\":\"https:\\\/\\\/lootzinocasino.org\\\/it\\\/#\\\/schema\\\/logo\\\/image\\\/\",\"url\":\"https:\\\/\\\/lootzinocasino.org\\\/wp-content\\\/uploads\\\/2025\\\/11\\\/lootzino.svg\",\"contentUrl\":\"https:\\\/\\\/lootzinocasino.org\\\/wp-content\\\/uploads\\\/2025\\\/11\\\/lootzino.svg\",\"width\":16,\"height\":20,\"caption\":\"Lootzino\"},\"image\":{\"@id\":\"https:\\\/\\\/lootzinocasino.org\\\/it\\\/#\\\/schema\\\/logo\\\/image\\\/\"}}]}<\/script>\n<!-- \/ Yoast SEO plugin. -->","yoast_head_json":{"title":"Lootzino App | Piattaforme iOS e Android","description":"L'app Lootzino offre un'esperienza di gioco fluida su Android, iOS, Windows e macOS, con account sincronizzati, aggiornamenti regolari e assistenza clienti integrata per un'esperienza senza intoppi.","robots":{"index":"index","follow":"follow","max-snippet":"max-snippet:-1","max-image-preview":"max-image-preview:large","max-video-preview":"max-video-preview:-1"},"canonical":"https:\/\/lootzinocasino.org\/it\/applicazione\/","og_locale":"it_IT","og_type":"article","og_title":"Lootzino App | Piattaforme iOS e Android","og_description":"L'app Lootzino offre un'esperienza di gioco fluida su Android, iOS, Windows e macOS, con account sincronizzati, aggiornamenti regolari e assistenza clienti integrata per un'esperienza senza intoppi.","og_url":"https:\/\/lootzinocasino.org\/it\/applicazione\/","og_site_name":"lootzino","article_modified_time":"2025-11-21T08:26:31+00:00","twitter_card":"summary_large_image","twitter_misc":{"Est. reading time":"2 minutes"},"schema":{"@context":"https:\/\/schema.org","@graph":[{"@type":"WebPage","@id":"https:\/\/lootzinocasino.org\/it\/applicazione\/","url":"https:\/\/lootzinocasino.org\/it\/applicazione\/","name":"Lootzino App | Piattaforme iOS e Android","isPartOf":{"@id":"https:\/\/lootzinocasino.org\/it\/#website"},"datePublished":"2025-11-20T13:16:27+00:00","dateModified":"2025-11-21T08:26:31+00:00","description":"L'app Lootzino offre un'esperienza di gioco fluida su Android, iOS, Windows e macOS, con account sincronizzati, aggiornamenti regolari e assistenza clienti integrata per un'esperienza senza intoppi.","breadcrumb":{"@id":"https:\/\/lootzinocasino.org\/it\/applicazione\/#breadcrumb"},"inLanguage":"it-IT","potentialAction":[{"@type":"ReadAction","target":["https:\/\/lootzinocasino.org\/it\/applicazione\/"]}]},{"@type":"BreadcrumbList","@id":"https:\/\/lootzinocasino.org\/it\/applicazione\/#breadcrumb","itemListElement":[{"@type":"ListItem","position":1,"name":"Lootzino","item":"https:\/\/lootzinocasino.org\/it\/"},{"@type":"ListItem","position":2,"name":"Applicazione"}]},{"@type":"WebSite","@id":"https:\/\/lootzinocasino.org\/it\/#website","url":"https:\/\/lootzinocasino.org\/it\/","name":"Lootzino","description":"","publisher":{"@id":"https:\/\/lootzinocasino.org\/it\/#organization"},"potentialAction":[{"@type":"SearchAction","target":{"@type":"EntryPoint","urlTemplate":"https:\/\/lootzinocasino.org\/it\/?s={search_term_string}"},"query-input":{"@type":"PropertyValueSpecification","valueRequired":true,"valueName":"search_term_string"}}],"inLanguage":"it-IT"},{"@type":"Organization","@id":"https:\/\/lootzinocasino.org\/it\/#organization","name":"Lootzino","url":"https:\/\/lootzinocasino.org\/it\/","logo":{"@type":"ImageObject","inLanguage":"it-IT","@id":"https:\/\/lootzinocasino.org\/it\/#\/schema\/logo\/image\/","url":"https:\/\/lootzinocasino.org\/wp-content\/uploads\/2025\/11\/lootzino.svg","contentUrl":"https:\/\/lootzinocasino.org\/wp-content\/uploads\/2025\/11\/lootzino.svg","width":16,"height":20,"caption":"Lootzino"},"image":{"@id":"https:\/\/lootzinocasino.org\/it\/#\/schema\/logo\/image\/"}}]}},"_links":{"self":[{"href":"https:\/\/lootzinocasino.org\/it\/wp-json\/wp\/v2\/pages\/1420","targetHints":{"allow":["GET"]}}],"collection":[{"href":"https:\/\/lootzinocasino.org\/it\/wp-json\/wp\/v2\/pages"}],"about":[{"href":"https:\/\/lootzinocasino.org\/it\/wp-json\/wp\/v2\/types\/page"}],"author":[{"embeddable":true,"href":"https:\/\/lootzinocasino.org\/it\/wp-json\/wp\/v2\/users\/1"}],"replies":[{"embeddable":true,"href":"https:\/\/lootzinocasino.org\/it\/wp-json\/wp\/v2\/comments?post=1420"}],"version-history":[{"count":2,"href":"https:\/\/lootzinocasino.org\/it\/wp-json\/wp\/v2\/pages\/1420\/revisions"}],"predecessor-version":[{"id":1713,"href":"https:\/\/lootzinocasino.org\/it\/wp-json\/wp\/v2\/pages\/1420\/revisions\/1713"}],"wp:attachment":[{"href":"https:\/\/lootzinocasino.org\/it\/wp-json\/wp\/v2\/media?parent=1420"}],"curies":[{"name":"wp","href":"https:\/\/api.w.org\/{rel}","templated":true}]}}