{"id":1467,"date":"2025-11-20T13:18:25","date_gmt":"2025-11-20T13:18:25","guid":{"rendered":"https:\/\/lootzinocasino.org\/login-and-registration\/"},"modified":"2025-11-21T08:28:20","modified_gmt":"2025-11-21T08:28:20","slug":"accesso-e-registrazione","status":"publish","type":"page","link":"https:\/\/lootzinocasino.org\/it\/accesso-e-registrazione\/","title":{"rendered":"Accesso e registrazione"},"content":{"rendered":"<h1>Accesso e registrazione all&#8217;account Lootzino<\/h1>\n<p>Il Lootzino Login \u00e8 la porta d&#8217;accesso al nostro vivace casin\u00f2 online. Lootzino \u00e8 stato creato per essere il luogo pi\u00f9 veloce e sicuro dove i nostri giocatori italiani possono giocare a una vasta gamma di giochi, gestire i propri conti e ottenere offerte esclusive con un accesso rapido.<\/p>\n<p>Il login non dovrebbe essere complicato e il nostro sito ti garantisce un&#8217;esperienza confortevole e stabile durante il processo di login a Lootzino Casino, supportato da un potente sistema di sicurezza e da un servizio di assistenza clienti attivo 24 ore su 24.<\/p>\n<p><div class=\"banner-wrap\" aria-label=\"Banner\"><img src=\"https:\/\/lootzinocasino.org\/wp-content\/uploads\/2025\/11\/Lootzino-banner-carousel-800\u0445400.webp\" class=\"w-100 d-none d-lg-block img-pc main-banner-img\" alt=\"Lootzino banner desktop\" fetchpriority=\"high\" decoding=\"async\"><img src=\"https:\/\/lootzinocasino.org\/wp-content\/uploads\/2025\/12\/Group-25.webp\" class=\"w-100 d-none d-md-block d-lg-none main-banner-img\" alt=\"Lootzino banner mobile\" fetchpriority=\"high\" decoding=\"async\"><img src=\"https:\/\/lootzinocasino.org\/wp-content\/uploads\/2025\/12\/Group-25.webp\" class=\"w-100 d-md-none\" alt=\"Lootzino banner mobile\" fetchpriority=\"high\" decoding=\"async\"><div class=\"banner-description\">\n<div class=\"banner-title\">Bonus di benvenuto<\/div>\n<p class=\"banner-header-title\">1500 \u20ac<\/p>\n<div class=\"banner-header-AdditionalText\">+ 250 Giri Gratuiti<\/div>\n<button data-item=\"homepage_banner_link\" class=\"goto m-button m-gradient-border m-button--primary m-button--large banner-button btn-orange\">\n            <div class=\"m-button-content\">\n                <span>Iscriviti ora<\/span>\n                <span><\/span>\n            <\/div>\n        <\/button>\n<\/div>\n<div class=\"WelcomePack\">\n<p><img loading=\"lazy\" decoding=\"async\" class=\"alignnone size-full wp-image-1337\" src=\"https:\/\/lootzinocasino.org\/wp-content\/uploads\/2025\/11\/welcome-crown.svg\" alt=\"crown\" width=\"25\" height=\"26\" \/><\/p>\n<div class=\"WelcomePack-Info\">Cashback settimanale fino al 25%<\/div>\n<p><img loading=\"lazy\" decoding=\"async\" class=\"alignnone size-full wp-image-1337\" src=\"https:\/\/lootzinocasino.org\/wp-content\/uploads\/2025\/11\/welcome-crown.svg\" alt=\"crown\" width=\"25\" height=\"26\" \/><\/p>\n<\/div>\n<\/div><div class=\"scrollable-content-wrap my-5\"><div class=\"scrollable-content-inner\"><h2>Registrazione di un nuovo utente su Loot Zino<\/h2>\n<p>Aprendo un conto su Loot Zino, tu, in qualit\u00e0 di giocatore, avrai automaticamente accesso a numerosi vantaggi. Ai nuovi membri viene offerto un ottimo pacchetto di benvenuto che include un bonus fino a 1.500 \u20ac e 200 giri gratuiti come complemento.<\/p>\n<p>La registrazione consiste nell&#8217;accesso alla gestione del tuo account personale, dove potrai controllare tutte le nostre promozioni in corso e selezionare i tornei a cui partecipare per tentare la fortuna. Il nostro sistema di registrazione \u00e8 semplice e veloce e richiede solo pochi minuti per iniziare a giocare, poich\u00e9 \u00e8 un metodo rapido per entrare a far parte della nostra ricca community.<\/p>\n<h2>Crea il tuo account su Lootzino Casino<\/h2>\n<p>Se hai gi\u00e0 completato i tentativi demo e desideri provare a investire e vincere denaro reale, allora \u00e8 giunto il momento di creare il tuo spazio personale su Lootzino Casino. Il passaggio Lootzino login seguir\u00e0 una volta completata la registrazione.<\/p>\n<p>Il processo di apertura di un conto presso Lootzino Casino inizia con una semplice procedura di registrazione.<\/p>\n<ol>\n<li>Nell&#8217;angolo in alto a destra della nostra home page di Lootzino Casino, troverai il pulsante di registrazione.<\/li>\n<li>Inserisci le informazioni necessarie (il tuo indirizzo e-mail e una password sicura).<\/li>\n<li>Conferma le tue informazioni spuntando la casella e accettando i nostri termini e condizioni.<\/li>\n<li>Dopo la registrazione, avrai la possibilit\u00e0 di iniziare subito a utilizzare il tuo account, con accesso a tutte le funzionalit\u00e0 e i vantaggi della piattaforma.<\/li>\n<\/ol>\n<p>Anche il processo di registrazione \u00e8 stato ottimizzato in modo da consentirti di iniziare a goderti i tuoi titoli preferiti il prima possibile. Nel caso in cui non riuscissi a farlo, disponiamo di un supporto multilingue, che consente a tutti i giocatori del mondo di registrarsi, in modo che il login a Lootzino non vada in crash.<\/p>\n<h2>Creazione e utilizzo di un account Loot Zino<\/h2>\n<p>\u00c8 facile accedere al tuo account Loot Zino. Vai nella parte in alto a destra del nostro sito e seleziona il pulsante Loot Zino &#8220;Accedi&#8221;. Inserisci l&#8217;indirizzo e-mail e la password registrati e verifica l&#8217;accesso. Una volta registrato, potrai aggiungere denaro, visualizzare la cronologia del tuo account e configurarne il profilo.<\/p>\n<p>Hai la possibilit\u00e0 di gestire in modo efficiente depositi e prelievi, limitare i depositi, visualizzare la cronologia di gioco e partecipare alle promozioni nella dashboard del tuo account. L&#8217;interfaccia della nostra piattaforma \u00e8 intuitiva, in modo che ogni opzione relativa alla gestione dell&#8217;account sia comoda e accessibile.<\/p>\n<p>Altre funzionalit\u00e0 includono l&#8217;invito di amici tramite link di riferimento, l&#8217;aggiornamento dei dati personali e l&#8217;attivazione dell&#8217;autenticazione a due fattori per una maggiore sicurezza. La combinazione di un design intuitivo e di solide funzionalit\u00e0 rende Lootzino login un punto di accesso affidabile per tutte le attivit\u00e0 di gioco.<\/p>\n<h3>Hai dimenticato la password?<\/h3>\n<p>Se hai difficolt\u00e0 ad accedere al tuo account Lootzino perch\u00e9 hai dimenticato la password o per altri motivi, il processo di recupero non richieder\u00e0 molto tempo.<\/p>\n<ol>\n<li>Clicca sul pulsante Lootzino Login.<\/li>\n<li>Seleziona l&#8217;opzione &#8220;Hai dimenticato la password?&#8221; e cliccaci sopra.<\/li>\n<li>Inserisci il tuo indirizzo e-mail registrato e riceverai un&#8217;e-mail con le istruzioni per reimpostare le tue credenziali in modo sicuro.<\/li>\n<li>Segui le istruzioni contenute nell&#8217;e-mail.<\/li>\n<li>Accedi nuovamente al tuo account.<\/li>\n<\/ol>\n<p>Il nostro team di assistenza \u00e8 disponibile anche tramite live chat o e-mail per aiutarti con il recupero dell&#8217;account o qualsiasi problema relativo al Lootzino login. Mantenere l&#8217;accesso al tuo account \u00e8 una priorit\u00e0 e i nostri protocolli di sicurezza proteggono le tue informazioni durante tutto il processo.<\/p>\n<h3>Loot Zino Casino Verifica dell&#8217;account e sicurezza<\/h3>\n<p>La verifica dell&#8217;account \u00e8 un passaggio fondamentale per garantire la sicurezza del tuo account Lootzino. Il processo di verifica, denominato KYC, prevede l&#8217;invio di documenti di identit\u00e0 validi, solitamente un passaporto o una patente di guida, e di un documento che attesti il tuo indirizzo, come una bolletta. Questo passaggio ci consente di confermare la tua identit\u00e0, aiuta a prevenire le frodi e ti consente di accedere a tutte le funzioni di prelievo.<\/p>\n<table>\n<tbody>\n<tr>\n<td>Lootzino Casino aspetto<\/td>\n<td>Pi\u00f9 dettagliato<\/td>\n<\/tr>\n<tr>\n<td>Documenti di verifica<\/td>\n<td>Documento di identit\u00e0 valido (passaporto, patente di guida), prova di residenza (bolletta o fattura relativa a un immobile)<\/td>\n<\/tr>\n<tr>\n<td>Tempistica per la verifica<\/td>\n<td>Circa 48 ore dopo l&#8217;invio<\/td>\n<\/tr>\n<tr>\n<td>Vantaggio per un giocatore<\/td>\n<td>Maggiore sicurezza, limiti di prelievo illimitati<\/td>\n<\/tr>\n<\/tbody>\n<\/table>\n<p>Il tempo di elaborazione tipico per la verifica dell&#8217;identit\u00e0 KYC \u00e8 di circa 48 ore dopo l&#8217;invio, pi\u00f9 o meno. Una volta verificato, il tuo account beneficer\u00e0 di una maggiore sicurezza, limiti di prelievo pi\u00f9 elevati e conformit\u00e0 agli standard legali. La nostra piattaforma utilizza una crittografia SSL avanzata per proteggere tutti i dati degli utenti e supporta diverse funzionalit\u00e0 di sicurezza, tra cui l&#8217;autenticazione a due fattori, quando disponibile.<\/p>\n<h2>Domande frequenti<\/h2>\n<h3>Come posso completare il processo di verifica dell&#8217;account Lootzino Casino?<\/h3>\n<p>Per completare la verifica, effettua il Lootzino login all&#8217;account e vai alla sezione dedicata alla verifica. Carica copie leggibili del tuo documento d&#8217;identit\u00e0 valido e della prova di residenza. Il nostro team di assistenza esaminer\u00e0 i tuoi documenti e ti avviser\u00e0 una volta verificato il tuo account, solitamente entro 48 ore. La verifica migliora la sicurezza dell&#8217;account, aumenta i limiti di prelievo e garantisce la conformit\u00e0 alle normative legali.<\/p>\n<h3>Come aggiornare la password o l&#8217;indirizzo e-mail?<\/h3>\n<p>Accedere e gestire le impostazioni del tuo account \u00e8 semplice tramite la tua dashboard. Se devi modificare la tua password, cerca &#8220;Hai dimenticato la password?&#8221; (vicino a Lootzino login). Per modificare il tuo indirizzo e-mail, segui alcuni semplici passaggi nell&#8217;area delle informazioni sull&#8217;account. Per motivi di sicurezza, \u00e8 consigliabile scegliere una password forte e originale che non utilizzi altrove. Inoltre, quando aggiungi un nuovo indirizzo e-mail, assicurati di confermarlo cliccando sul link che ti invieremo nella tua casella di posta.<\/p>\n<h3>Cosa devo fare se il mio account viene bloccato?<\/h3>\n<p>Se non riesci ad accedere al tuo account, contatta immediatamente il nostro team di assistenza. Gli account possono essere bloccati se vengono effettuati troppi tentativi di accesso errati o se si verifica un problema di sicurezza. Il nostro team verificher\u00e0 la tua identit\u00e0 e sbloccher\u00e0 il tuo account il pi\u00f9 rapidamente possibile. Ti informiamo che potremmo aver bisogno di ulteriori dettagli per assicurarci che sia davvero tu prima di restituirti l&#8217;accesso.<\/p>\n<h3>Come posso chiudere o sospendere temporaneamente il mio account?<\/h3>\n<p>Se desideri chiudere definitivamente il tuo account Lootzino Casino o semplicemente sospenderlo per un po&#8217;, contatta il nostro servizio di assistenza. Forniscici tutte le informazioni necessarie e spiegaci cosa desideri fare. Ricorda che chiudere il tuo account di solito significa che non potrai riaverlo, mentre sospenderlo ti permette di riattivarlo in un secondo momento se cambi idea. Gestiamo ogni richiesta con attenzione e ci assicuriamo che tutto sia fatto in modo sicuro.<\/p>\n<\/div><\/div><\/p>\n","protected":false},"excerpt":{"rendered":"<p>Accesso e registrazione all&#8217;account Lootzino Il Lootzino Login \u00e8 la porta d&#8217;accesso al nostro vivace casin\u00f2 online. Lootzino \u00e8 stato creato per essere il luogo pi\u00f9 veloce e sicuro dove i nostri giocatori italiani possono giocare a una vasta gamma di giochi, gestire i propri conti e ottenere offerte esclusive con un accesso rapido. Il [&hellip;]<\/p>\n","protected":false},"author":1,"featured_media":0,"parent":0,"menu_order":0,"comment_status":"closed","ping_status":"closed","template":"template-builder.php","meta":{"_acf_changed":false,"inline_featured_image":false,"footnotes":""},"class_list":["post-1467","page","type-page","status-publish","hentry"],"acf":[],"yoast_head":"<!-- This site is optimized with the Yoast SEO plugin v27.3 - https:\/\/yoast.com\/product\/yoast-seo-wordpress\/ -->\n<title>Lootzino Login e registrazione<\/title>\n<meta name=\"description\" content=\"Crea, gestisci e verifica il tuo account Lootzino Casino senza alcuno sforzo. Approfitta della registrazione rapida, del facile recupero dell&#039;account e della chiusura sicura con Lootzino Login, che protegge il tuo account 24 ore su 24.\" \/>\n<meta name=\"robots\" content=\"index, follow, max-snippet:-1, max-image-preview:large, max-video-preview:-1\" \/>\n<link rel=\"canonical\" href=\"https:\/\/lootzinocasino.org\/it\/accesso-e-registrazione\/\" \/>\n<meta property=\"og:locale\" content=\"it_IT\" \/>\n<meta property=\"og:type\" content=\"article\" \/>\n<meta property=\"og:title\" content=\"Lootzino Login e registrazione\" \/>\n<meta property=\"og:description\" content=\"Crea, gestisci e verifica il tuo account Lootzino Casino senza alcuno sforzo. Approfitta della registrazione rapida, del facile recupero dell&#039;account e della chiusura sicura con Lootzino Login, che protegge il tuo account 24 ore su 24.\" \/>\n<meta property=\"og:url\" content=\"https:\/\/lootzinocasino.org\/it\/accesso-e-registrazione\/\" \/>\n<meta property=\"og:site_name\" content=\"lootzino\" \/>\n<meta property=\"article:modified_time\" content=\"2025-11-21T08:28:20+00:00\" \/>\n<meta name=\"twitter:card\" content=\"summary_large_image\" \/>\n<meta name=\"twitter:label1\" content=\"Est. reading time\" \/>\n\t<meta name=\"twitter:data1\" content=\"1 minute\" \/>\n<script type=\"application\/ld+json\" class=\"yoast-schema-graph\">{\"@context\":\"https:\\\/\\\/schema.org\",\"@graph\":[{\"@type\":\"WebPage\",\"@id\":\"https:\\\/\\\/lootzinocasino.org\\\/it\\\/accesso-e-registrazione\\\/\",\"url\":\"https:\\\/\\\/lootzinocasino.org\\\/it\\\/accesso-e-registrazione\\\/\",\"name\":\"Lootzino Login e registrazione\",\"isPartOf\":{\"@id\":\"https:\\\/\\\/lootzinocasino.org\\\/it\\\/#website\"},\"datePublished\":\"2025-11-20T13:18:25+00:00\",\"dateModified\":\"2025-11-21T08:28:20+00:00\",\"description\":\"Crea, gestisci e verifica il tuo account Lootzino Casino senza alcuno sforzo. Approfitta della registrazione rapida, del facile recupero dell'account e della chiusura sicura con Lootzino Login, che protegge il tuo account 24 ore su 24.\",\"breadcrumb\":{\"@id\":\"https:\\\/\\\/lootzinocasino.org\\\/it\\\/accesso-e-registrazione\\\/#breadcrumb\"},\"inLanguage\":\"it-IT\",\"potentialAction\":[{\"@type\":\"ReadAction\",\"target\":[\"https:\\\/\\\/lootzinocasino.org\\\/it\\\/accesso-e-registrazione\\\/\"]}]},{\"@type\":\"BreadcrumbList\",\"@id\":\"https:\\\/\\\/lootzinocasino.org\\\/it\\\/accesso-e-registrazione\\\/#breadcrumb\",\"itemListElement\":[{\"@type\":\"ListItem\",\"position\":1,\"name\":\"Lootzino\",\"item\":\"https:\\\/\\\/lootzinocasino.org\\\/it\\\/\"},{\"@type\":\"ListItem\",\"position\":2,\"name\":\"Accesso e registrazione\"}]},{\"@type\":\"WebSite\",\"@id\":\"https:\\\/\\\/lootzinocasino.org\\\/it\\\/#website\",\"url\":\"https:\\\/\\\/lootzinocasino.org\\\/it\\\/\",\"name\":\"Lootzino\",\"description\":\"\",\"publisher\":{\"@id\":\"https:\\\/\\\/lootzinocasino.org\\\/it\\\/#organization\"},\"potentialAction\":[{\"@type\":\"SearchAction\",\"target\":{\"@type\":\"EntryPoint\",\"urlTemplate\":\"https:\\\/\\\/lootzinocasino.org\\\/it\\\/?s={search_term_string}\"},\"query-input\":{\"@type\":\"PropertyValueSpecification\",\"valueRequired\":true,\"valueName\":\"search_term_string\"}}],\"inLanguage\":\"it-IT\"},{\"@type\":\"Organization\",\"@id\":\"https:\\\/\\\/lootzinocasino.org\\\/it\\\/#organization\",\"name\":\"Lootzino\",\"url\":\"https:\\\/\\\/lootzinocasino.org\\\/it\\\/\",\"logo\":{\"@type\":\"ImageObject\",\"inLanguage\":\"it-IT\",\"@id\":\"https:\\\/\\\/lootzinocasino.org\\\/it\\\/#\\\/schema\\\/logo\\\/image\\\/\",\"url\":\"https:\\\/\\\/lootzinocasino.org\\\/wp-content\\\/uploads\\\/2025\\\/11\\\/lootzino.svg\",\"contentUrl\":\"https:\\\/\\\/lootzinocasino.org\\\/wp-content\\\/uploads\\\/2025\\\/11\\\/lootzino.svg\",\"width\":16,\"height\":20,\"caption\":\"Lootzino\"},\"image\":{\"@id\":\"https:\\\/\\\/lootzinocasino.org\\\/it\\\/#\\\/schema\\\/logo\\\/image\\\/\"}}]}<\/script>\n<!-- \/ Yoast SEO plugin. -->","yoast_head_json":{"title":"Lootzino Login e registrazione","description":"Crea, gestisci e verifica il tuo account Lootzino Casino senza alcuno sforzo. Approfitta della registrazione rapida, del facile recupero dell'account e della chiusura sicura con Lootzino Login, che protegge il tuo account 24 ore su 24.","robots":{"index":"index","follow":"follow","max-snippet":"max-snippet:-1","max-image-preview":"max-image-preview:large","max-video-preview":"max-video-preview:-1"},"canonical":"https:\/\/lootzinocasino.org\/it\/accesso-e-registrazione\/","og_locale":"it_IT","og_type":"article","og_title":"Lootzino Login e registrazione","og_description":"Crea, gestisci e verifica il tuo account Lootzino Casino senza alcuno sforzo. Approfitta della registrazione rapida, del facile recupero dell'account e della chiusura sicura con Lootzino Login, che protegge il tuo account 24 ore su 24.","og_url":"https:\/\/lootzinocasino.org\/it\/accesso-e-registrazione\/","og_site_name":"lootzino","article_modified_time":"2025-11-21T08:28:20+00:00","twitter_card":"summary_large_image","twitter_misc":{"Est. reading time":"1 minute"},"schema":{"@context":"https:\/\/schema.org","@graph":[{"@type":"WebPage","@id":"https:\/\/lootzinocasino.org\/it\/accesso-e-registrazione\/","url":"https:\/\/lootzinocasino.org\/it\/accesso-e-registrazione\/","name":"Lootzino Login e registrazione","isPartOf":{"@id":"https:\/\/lootzinocasino.org\/it\/#website"},"datePublished":"2025-11-20T13:18:25+00:00","dateModified":"2025-11-21T08:28:20+00:00","description":"Crea, gestisci e verifica il tuo account Lootzino Casino senza alcuno sforzo. Approfitta della registrazione rapida, del facile recupero dell'account e della chiusura sicura con Lootzino Login, che protegge il tuo account 24 ore su 24.","breadcrumb":{"@id":"https:\/\/lootzinocasino.org\/it\/accesso-e-registrazione\/#breadcrumb"},"inLanguage":"it-IT","potentialAction":[{"@type":"ReadAction","target":["https:\/\/lootzinocasino.org\/it\/accesso-e-registrazione\/"]}]},{"@type":"BreadcrumbList","@id":"https:\/\/lootzinocasino.org\/it\/accesso-e-registrazione\/#breadcrumb","itemListElement":[{"@type":"ListItem","position":1,"name":"Lootzino","item":"https:\/\/lootzinocasino.org\/it\/"},{"@type":"ListItem","position":2,"name":"Accesso e registrazione"}]},{"@type":"WebSite","@id":"https:\/\/lootzinocasino.org\/it\/#website","url":"https:\/\/lootzinocasino.org\/it\/","name":"Lootzino","description":"","publisher":{"@id":"https:\/\/lootzinocasino.org\/it\/#organization"},"potentialAction":[{"@type":"SearchAction","target":{"@type":"EntryPoint","urlTemplate":"https:\/\/lootzinocasino.org\/it\/?s={search_term_string}"},"query-input":{"@type":"PropertyValueSpecification","valueRequired":true,"valueName":"search_term_string"}}],"inLanguage":"it-IT"},{"@type":"Organization","@id":"https:\/\/lootzinocasino.org\/it\/#organization","name":"Lootzino","url":"https:\/\/lootzinocasino.org\/it\/","logo":{"@type":"ImageObject","inLanguage":"it-IT","@id":"https:\/\/lootzinocasino.org\/it\/#\/schema\/logo\/image\/","url":"https:\/\/lootzinocasino.org\/wp-content\/uploads\/2025\/11\/lootzino.svg","contentUrl":"https:\/\/lootzinocasino.org\/wp-content\/uploads\/2025\/11\/lootzino.svg","width":16,"height":20,"caption":"Lootzino"},"image":{"@id":"https:\/\/lootzinocasino.org\/it\/#\/schema\/logo\/image\/"}}]}},"_links":{"self":[{"href":"https:\/\/lootzinocasino.org\/it\/wp-json\/wp\/v2\/pages\/1467","targetHints":{"allow":["GET"]}}],"collection":[{"href":"https:\/\/lootzinocasino.org\/it\/wp-json\/wp\/v2\/pages"}],"about":[{"href":"https:\/\/lootzinocasino.org\/it\/wp-json\/wp\/v2\/types\/page"}],"author":[{"embeddable":true,"href":"https:\/\/lootzinocasino.org\/it\/wp-json\/wp\/v2\/users\/1"}],"replies":[{"embeddable":true,"href":"https:\/\/lootzinocasino.org\/it\/wp-json\/wp\/v2\/comments?post=1467"}],"version-history":[{"count":1,"href":"https:\/\/lootzinocasino.org\/it\/wp-json\/wp\/v2\/pages\/1467\/revisions"}],"predecessor-version":[{"id":1714,"href":"https:\/\/lootzinocasino.org\/it\/wp-json\/wp\/v2\/pages\/1467\/revisions\/1714"}],"wp:attachment":[{"href":"https:\/\/lootzinocasino.org\/it\/wp-json\/wp\/v2\/media?parent=1467"}],"curies":[{"name":"wp","href":"https:\/\/api.w.org\/{rel}","templated":true}]}}