{"id":1422,"date":"2025-11-20T13:16:27","date_gmt":"2025-11-20T13:16:27","guid":{"rendered":"https:\/\/lootzinocasino.org\/app\/"},"modified":"2025-11-21T09:07:45","modified_gmt":"2025-11-21T09:07:45","slug":"aplikacja","status":"publish","type":"page","link":"https:\/\/lootzinocasino.org\/pl\/aplikacja\/","title":{"rendered":"Aplikacja"},"content":{"rendered":"<h1>Platforma mobilna Lootzino<\/h1>\n<p>Lootzino App nowej generacji zapewnia lekkie, niewymagaj\u0105ce instalacji gry mobilne na r\u00f3\u017cnych platformach. Wyposa\u017cyli\u015bmy j\u0105 w najnowocze\u015bniejsze, najnowsze technologie i zaprojektowali\u015bmy w spos\u00f3b \u0142atwy w obs\u0142udze. Dzia\u0142a doskonale zar\u00f3wno na urz\u0105dzeniach mobilnych, jak i stacjonarnych.<\/p>\n<p>Lootzino Casino gwarantuje naszym polskim graczom szeroki wyb\u00f3r automat\u00f3w online, kasyn na \u017cywo i gier sto\u0142owych, a tak\u017ce doskona\u0142\u0105 grafik\u0119 i bezpieczne transakcje. Funkcjonalno\u015b\u0107 i niezawodno\u015b\u0107 naszej aplikacji sprawiaj\u0105, \u017ce wyr\u00f3\u017cnia si\u0119 ona jako jedna z najbardziej preferowanych aplikacji, kt\u00f3r\u0105 gracze wybieraj\u0105, nie rezygnuj\u0105c przy tym z wydajno\u015bci.<\/p>\n<div class=\"banner-wrap\" aria-label=\"Banner\"><img src=\"https:\/\/lootzinocasino.org\/wp-content\/uploads\/2025\/11\/Lootzino-banner-carousel-800\u0445400.webp\" class=\"w-100 d-none d-lg-block img-pc main-banner-img\" alt=\"Lootzino banner desktop\" fetchpriority=\"high\" decoding=\"async\"><img src=\"https:\/\/lootzinocasino.org\/wp-content\/uploads\/2025\/12\/Group-25.webp\" class=\"w-100 d-none d-md-block d-lg-none main-banner-img\" alt=\"Lootzino banner mobile\" fetchpriority=\"high\" decoding=\"async\"><img src=\"https:\/\/lootzinocasino.org\/wp-content\/uploads\/2025\/12\/Group-25.webp\" class=\"w-100 d-md-none\" alt=\"Lootzino banner mobile\" fetchpriority=\"high\" decoding=\"async\"><div class=\"banner-description\">\n<div class=\"banner-title\">Bonusy powitalne<\/div>\n<p class=\"banner-header-title\">1500 \u20ac<\/p>\n<div class=\"banner-header-AdditionalText\">+ 250 Darmowe obroty<\/div>\n<button data-item=\"homepage_banner_link\" class=\"goto m-button m-gradient-border m-button--primary m-button--large banner-button btn-orange\">\n            <div class=\"m-button-content\">\n                <span>Zarejestruj si\u0119 teraz<\/span>\n                <span><\/span>\n            <\/div>\n        <\/button>\n<\/div>\n<div class=\"WelcomePack\">\n<p><img loading=\"lazy\" decoding=\"async\" class=\"alignnone size-full wp-image-1595\" src=\"https:\/\/lootzinocasino.org\/wp-content\/uploads\/2025\/11\/welcome-crown.svg\" alt=\"\" width=\"25\" height=\"26\" \/><\/p>\n<div class=\"WelcomePack-Info\">Cotygodniowy zwrot got\u00f3wki do 25%<\/div>\n<p><img loading=\"lazy\" decoding=\"async\" class=\"alignnone size-full wp-image-1595\" src=\"https:\/\/lootzinocasino.org\/wp-content\/uploads\/2025\/11\/welcome-crown.svg\" alt=\"\" width=\"25\" height=\"26\" \/><\/p>\n<\/div>\n<\/div>\n<h2>Korzystanie z aplikacji Lootzino na urz\u0105dzeniach mobilnych<\/h2>\n<p>Zaawansowana technologicznie aplikacja Lootzino zmieni spos\u00f3b grania w gry kasynowe na telefonie, poniewa\u017c b\u0119dzie dobrze zoptymalizowana i zapewni komfort u\u017cytkowania na urz\u0105dzeniach mobilnych. Jest kompatybilna ze wszystkimi popularnymi gad\u017cetami i zosta\u0142a zaprojektowana tak, aby dzia\u0142a\u0107 szybko, oferowa\u0107 wspania\u0142\u0105 grafik\u0119 i wysok\u0105 pr\u0119dko\u015b\u0107.<\/p>\n<p>Nasza aplikacja Lootzino umo\u017cliwi graczom korzystanie z ulubionych gier w dowolnym miejscu, czy to w drodze do pracy, podczas przerwy, czy w zaciszu w\u0142asnego domu. Posiada przyjazny dla u\u017cytkownika interfejs, kt\u00f3ry u\u0142atwia gr\u0119, a najwy\u017cszy poziom bezpiecze\u0144stwa gwarantuje ochron\u0119 transakcji i danych osobowych.<\/p>\n<p>Kasyno mobilne Lootzino jest r\u00f3wnie\u017c przeno\u015bne, w przeciwie\u0144stwie do gry na komputerze stacjonarnym, co pozwala cieszy\u0107 si\u0119 nieprzerwan\u0105 rozgrywk\u0105 na smartfonach i tabletach bez utraty jako\u015bci grafiki. Oferujemy pe\u0142n\u0105 gam\u0119 gier w czasie rzeczywistym.<\/p>\n<p><div style=\"clear: both\"><\/div><div class=\"d-flex justify-content-center\"><button data-item=\"decouvrez_link\" data-group=\"website_links\" class=\"goto fw-bold rounded-pill btn btn-orange\" aria-label=\"Pobierz aplikacj\u0119 Lootzino Casino\" >Pobierz aplikacj\u0119 Lootzino Casino<\/button><\/div><div class=\"scrollable-content-wrap my-5\"><div class=\"scrollable-content-inner\"><h2>Loot Zino Aplikacja mobilna na Androida<\/h2>\n<p>Aplikacja Loot Zino na Androida jest teraz dost\u0119pna w formie progresywnej aplikacji internetowej (PWA), kt\u00f3ra stanowi nasze bezpieczne i proste rozwi\u0105zanie umo\u017cliwiaj\u0105ce otwarcie kasyna bez konieczno\u015bci pobierania pakiet\u00f3w APK. Zwi\u0119ksza to bezpiecze\u0144stwo i eliminuje konieczno\u015b\u0107 instalowania du\u017cych plik\u00f3w, kt\u00f3re zu\u017cywaj\u0105 bateri\u0119.<\/p>\n<p>PWA u\u0142atwi\u0142o proces instalacji i sprawi\u0142o, \u017ce automatyczna aktualizacja nowych funkcji i gier przebiega tak szybko, \u017ce nie musisz nawet nic robi\u0107. Twierdzimy, \u017ce proces instalacji jest prosty, poniewa\u017c u\u017cytkownik Lootzino Casino musi jedynie nacisn\u0105\u0107 okre\u015blony przycisk na stronie mobilnej, co powoduje umieszczenie ikony na stronie g\u0142\u00f3wnej, aby mo\u017cna by\u0142o \u0142atwo uzyska\u0107 do niej dost\u0119p.<\/p>\n<p>Wersja na Androida nie traci swojej funkcjonalno\u015bci, poniewa\u017c umo\u017cliwia dokonywanie transakcji za pomoc\u0105 prawdziwych pieni\u0119dzy, otrzymywanie powiadomie\u0144 o nowych ofertach oraz dost\u0119p do ca\u0142ej biblioteki gier, takich jak automaty online, kasyno na \u017cywo i gry sto\u0142owe. Przypomina funkcje platformy komputerowej, dzi\u0119ki czemu jest \u0142atwa w nawigacji i zrozumia\u0142a.<\/p>\n<p>Ale jakie s\u0105 g\u0142\u00f3wne cechy naszej aplikacji Lootzino? Wymie\u0144my je szybko:<\/p>\n<ul>\n<li>Interfejs w 100% responsywny, dostosowuj\u0105cy si\u0119 do ka\u017cdego rozmiaru ekranu.<\/li>\n<li>Szybka i dynamiczna rozgrywka nawet w godzinach szczytu.<\/li>\n<li>Niskie ograniczenia dost\u0119pu do automat\u00f3w online, kasyn na \u017cywo i gier typu crash.<\/li>\n<li>Korzystaj z bezpiecznych transakcji dzi\u0119ki technologii szyfrowania.<\/li>\n<li>Obs\u0142uga urz\u0105dze\u0144 z systemem Android i iOS.<\/li>\n<li>Dost\u0119p bez d\u0142ugiego pobierania i instalacji.<\/li>\n<\/ul>\n<p>Mamy nadziej\u0119, \u017ce teraz wyra\u017anie widzisz, jak \u015bwietn\u0105 decyzj\u0105 jest wypr\u00f3bowanie naszej aplikacji Lootzino.<\/p>\n<h3>Kasyno Lootzino PWA i APK<\/h3>\n<p>W Lootzino Casino staramy si\u0119 by\u0107 na bie\u017c\u0105co z najnowszymi trendami na \u015bwiecie. Przej\u015bcie na aplikacj\u0119 internetow\u0105 by\u0142o dla nas naturaln\u0105 decyzj\u0105. Zamierzamy ca\u0142kowicie zrezygnowa\u0107 z tradycyjnych plik\u00f3w APK, aby zminimalizowa\u0107 obawy zwi\u0105zane z bezpiecze\u0144stwem nieznanych plik\u00f3w do pobrania.<\/p>\n<p>Nasza wersja PWA gwarantuje szybkie \u0142adowanie. Jest r\u00f3wnie\u017c kompatybilna ze wszystkimi aktualnymi urz\u0105dzeniami z systemem Android. Aplikacj\u0119 Lootzino mo\u017cna zainstalowa\u0107 w przegl\u0105darce graczy i jest ona aktualizowana automatycznie, dzi\u0119ki czemu u\u017cytkownicy otrzymuj\u0105 nowe funkcje i aktualizacje zabezpiecze\u0144 bez konieczno\u015bci wykonywania jakichkolwiek czynno\u015bci r\u0119cznych. Taki system zapewnia p\u0142ynn\u0105 rozgrywk\u0119 bez konieczno\u015bci aktualizacji oprogramowania i problem\u00f3w z kompatybilno\u015bci\u0105 podczas procesu.<\/p>\n<p>Dlaczego PWA jest lepsze?<\/p>\n<table>\n<tbody>\n<tr>\n<td>Kasyno Lootzino oferuje<\/td>\n<td>PWA<\/td>\n<td>APK<\/td>\n<\/tr>\n<tr>\n<td>Bezpiecze\u0144stwo<\/td>\n<td>Lepsze bezpiecze\u0144stwo. \u017badnych nieznanych miejsc.<\/td>\n<td>Ryzyko zainfekowania z\u0142o\u015bliwym oprogramowaniem.<\/td>\n<\/tr>\n<tr>\n<td>Jak zainstalowa\u0107<\/td>\n<td>Instalowany bezpo\u015brednio z przegl\u0105darki internetowej.<\/td>\n<td>R\u0119cznie pobrane i zainstalowane.<\/td>\n<\/tr>\n<tr>\n<td>Aktualizacje<\/td>\n<td>Automatycznie w przegl\u0105darce.<\/td>\n<td>Zaktualizuj aplikacj\u0119 r\u0119cznie.<\/td>\n<\/tr>\n<tr>\n<td>Kompatybilno\u015b\u0107<\/td>\n<td>Dzia\u0142a z ka\u017cdym nowoczesnym telefonem z systemem Android i przegl\u0105dark\u0105.<\/td>\n<td>Problemy z r\u00f3\u017cnymi urz\u0105dzeniami lub aktualizacjami systemu operacyjnego.<\/td>\n<\/tr>\n<tr>\n<td>Szybko\u015b\u0107 \u0142adowania<\/td>\n<td>\u0141aduje si\u0119 bardzo szybko, co sprawia, \u017ce korzystanie z niego jest p\u0142ynne.<\/td>\n<td>Szybko\u015b\u0107 \u0142adowania mo\u017ce si\u0119 r\u00f3\u017cni\u0107 w zale\u017cno\u015bci od urz\u0105dzenia i wersji aplikacji.<\/td>\n<\/tr>\n<tr>\n<td>Konserwacja i aktualizacje:<\/td>\n<td>Nie ma potrzeby r\u0119cznego aktualizowania. Zawsze korzystaj\u0105 z najnowszej wersji.<\/td>\n<td>Wymaga r\u0119cznej aktualizacji.<\/td>\n<\/tr>\n<tr>\n<td>Do\u015bwiadczenie u\u017cytkownika:<\/td>\n<td>Zapewnij p\u0142ynne dzia\u0142anie gier i aplikacji, poniewa\u017c nie ma problem\u00f3w z aktualizacjami oprogramowania ani kompatybilno\u015bci\u0105.<\/td>\n<td>Aktualizacje mog\u0105 powodowa\u0107 zak\u0142\u00f3cenia.<\/td>\n<\/tr>\n<tr>\n<td>Dystrybucja:<\/td>\n<td>Aplikacje PWA nie musz\u0105 przechodzi\u0107 przez sklepy; s\u0105 uruchamiane bezpo\u015brednio w przegl\u0105darce.<\/td>\n<td>W sklepach z aplikacjami, w kt\u00f3rych obowi\u0105zuj\u0105 zasady lub procesy zatwierdzania.<\/td>\n<\/tr>\n<\/tbody>\n<\/table>\n<p><img loading=\"lazy\" decoding=\"async\" src=\"https:\/\/lootzinocasino.org\/wp-content\/uploads\/2025\/11\/Lootzino-Android-App.webp\" alt=\"Lootzino Android App\" width=\"1248\" height=\"536\" \/><\/p>\n<\/div><\/div><div style=\"clear: both\"><\/div><div class=\"d-flex justify-content-center\"><button data-item=\"decouvrez_link\" data-group=\"website_links\" class=\"goto fw-bold rounded-pill btn btn-orange\" aria-label=\"Pobierz Lootzino\" >Pobierz Lootzino<\/button><\/div><div class=\"scrollable-content-wrap my-5\"><div class=\"scrollable-content-inner\"><h2>Lootzino Casino Aplikacja mobilna na iOS<\/h2>\n<p>Kasyno Lootzino posiada specjalny link PWA dla u\u017cytkownik\u00f3w iPhone&#8217;\u00f3w i iPad\u00f3w. Konfiguracja jest prosta, wystarczy klikn\u0105\u0107 \u201eDodaj do ekranu g\u0142\u00f3wnego\u201d w menu udost\u0119pniania w przegl\u0105darce Safari. Aplikacj\u0119 Lootzino mo\u017cna pobra\u0107, a po zainstalowaniu zapewnia ona natychmiastowy dost\u0119p do wszystkich automat\u00f3w online, kasyna na \u017cywo i gier sto\u0142owych, kt\u00f3re s\u0105 zoptymalizowane pod k\u0105tem urz\u0105dze\u0144 Apple.<\/p>\n<p>Projekt jest zorientowany na wydajno\u015b\u0107 i nie ma \u017cadnych op\u00f3\u017anie\u0144 ani buforowania podczas gry. Grafika i animacje iOS s\u0105 dostosowane do indywidualnych potrzeb, a jako\u015b\u0107 wizualna jest wysoka. Ka\u017cda transakcja jest szyfrowana, a weryfikacja zar\u00f3wno wp\u0142at, jak i wyp\u0142at odbywa si\u0119 z zachowaniem wysokiego poziomu bezpiecze\u0144stwa, co sprawia, \u017ce \u015brodowisko gry jest bezpieczne.<\/p>\n<p><img loading=\"lazy\" decoding=\"async\" src=\"https:\/\/lootzinocasino.org\/wp-content\/uploads\/2025\/11\/Lootzino-iOS-App.webp\" alt=\"Lootzino iOS App\" width=\"1248\" height=\"536\" \/><\/p>\n<\/div><\/div><div style=\"clear: both\"><\/div><div class=\"d-flex justify-content-center\"><button data-item=\"decouvrez_link\" data-group=\"website_links\" class=\"goto fw-bold rounded-pill btn btn-orange\" aria-label=\"Pobierz aplikacj\u0119 Lootzino Casino\" >Pobierz aplikacj\u0119 Lootzino Casino<\/button><\/div><div class=\"scrollable-content-wrap my-5\"><div class=\"scrollable-content-inner\"><h2>Aplikacje dla system\u00f3w Windows i macOS<\/h2>\n<p>Kasyno Lootzino jest obs\u0142ugiwane r\u00f3wnie\u017c przez wersj\u0119 na komputery stacjonarne z systemem Windows i macOS, opr\u00f3cz rozwi\u0105zania mobilnego. Nasza aplikacja Lootzino na komputery stacjonarne ma doskona\u0142\u0105 grafik\u0119, ekrany o wysokiej rozdzielczo\u015bci i uproszczony interfejs, kt\u00f3ry u\u0142atwia zarz\u0105dzanie kontami i gr\u0119.<\/p>\n<p>Gracze maj\u0105 dost\u0119p do ca\u0142ej oferty us\u0142ug, obejmuj\u0105cej automaty online, kasyno na \u017cywo, bakarata i pokera, a tak\u017ce szybkie przetwarzanie transakcji. Mo\u017cna r\u00f3wnie\u017c utworzy\u0107 skr\u00f3ty na pulpicie, aby mie\u0107 do nich natychmiastowy dost\u0119p, co dodatkowo zwi\u0119ksza wygod\u0119. Nasza wersja na komputery stacjonarne ma takie same zabezpieczenia i funkcje jak aplikacje mobilne, np. dost\u0119pno\u015b\u0107 zespo\u0142u pomocy technicznej na czacie na \u017cywo, kt\u00f3ry zapewnia natychmiastow\u0105 pomoc.<\/p>\n<p><img loading=\"lazy\" decoding=\"async\" src=\"https:\/\/lootzinocasino.org\/wp-content\/uploads\/2025\/11\/Lootzino-Desktop.webp\" alt=\"Lootzino Desktop\" width=\"1248\" height=\"536\" \/><\/p>\n<\/div><\/div><div style=\"clear: both\"><\/div><div class=\"d-flex justify-content-center\"><button data-item=\"decouvrez_link\" data-group=\"website_links\" class=\"goto fw-bold rounded-pill btn btn-orange\" aria-label=\"Pobierz Lootzino\" >Pobierz Lootzino<\/button><\/div><div class=\"scrollable-content-wrap my-5\"><div class=\"scrollable-content-inner\"><h2>Loot Zino FAQ<\/h2>\n<h3>Czy do korzystania z aplikacji Loot Zino konieczne jest utworzenie konta?<\/h3>\n<p>Aby korzysta\u0107 ze wszystkich funkcji serwisu, takich jak transakcje prawdziwymi pieni\u0119dzmi, rozgrywka i proces weryfikacji, wymagane jest zarejestrowane konto. Aplikacja Lootzino proces rejestracji jest szybki i \u0142atwy i oferuje indywidualne wra\u017cenia z gry na wszystkich urz\u0105dzeniach.<\/p>\n<h3>Czy aplikacja Loot Zino Casino oferuje obs\u0142ug\u0119 klienta?<\/h3>\n<p>Pracujemy dla Ciebie przez ca\u0142\u0105 dob\u0119, siedem dni w tygodniu. Oferujemy ca\u0142odobowe wsparcie poprzez czat na \u017cywo, e-mail oraz sekcj\u0119 FAQ Loot Zino. Zesp\u00f3\u0142 wsparcia technicznego odpowiada za pomoc w przypadku problem\u00f3w technicznych, przygotowanie konta oraz pytania dotycz\u0105ce transakcji, aby zapewni\u0107 p\u0142ynn\u0105 rozgrywk\u0119.<\/p>\n<h3>Jak mog\u0119 zaktualizowa\u0107 aplikacj\u0119 Lootzino Casino?<\/h3>\n<p>Do u\u017cytkownik\u00f3w aplikacji mobilnej Loot Zino: aplikacja jest aktualizowana automatycznie za po\u015brednictwem aplikacji internetowej lub PWA, bez konieczno\u015bci wykonywania jakichkolwiek czynno\u015bci r\u0119cznych. Dzi\u0119ki temu masz sta\u0142y dost\u0119p do wszystkich nowych funkcji i ulepsze\u0144 bezpiecze\u0144stwa.<\/p>\n<\/div><\/div><\/p>\n","protected":false},"excerpt":{"rendered":"<p>Platforma mobilna Lootzino Lootzino App nowej generacji zapewnia lekkie, niewymagaj\u0105ce instalacji gry mobilne na r\u00f3\u017cnych platformach. Wyposa\u017cyli\u015bmy j\u0105 w najnowocze\u015bniejsze, najnowsze technologie i zaprojektowali\u015bmy w spos\u00f3b \u0142atwy w obs\u0142udze. Dzia\u0142a doskonale zar\u00f3wno na urz\u0105dzeniach mobilnych, jak i stacjonarnych. Lootzino Casino gwarantuje naszym polskim graczom szeroki wyb\u00f3r automat\u00f3w online, kasyn na \u017cywo i gier sto\u0142owych, a [&hellip;]<\/p>\n","protected":false},"author":1,"featured_media":0,"parent":0,"menu_order":0,"comment_status":"closed","ping_status":"closed","template":"template-builder.php","meta":{"_acf_changed":false,"inline_featured_image":false,"footnotes":""},"class_list":["post-1422","page","type-page","status-publish","hentry"],"acf":[],"yoast_head":"<!-- This site is optimized with the Yoast SEO plugin v27.3 - https:\/\/yoast.com\/product\/yoast-seo-wordpress\/ -->\n<title>Lootzino App | Platformy iOS i Android<\/title>\n<meta name=\"description\" content=\"Aplikacja Lootzino zapewnia p\u0142ynn\u0105 rozgrywk\u0119 w kasynie na systemach Android, iOS, Windows i macOS, oferuj\u0105c zsynchronizowane konta, regularne aktualizacje i wbudowan\u0105 obs\u0142ug\u0119 klienta, co zapewnia bezproblemowe korzystanie z aplikacji.\" \/>\n<meta name=\"robots\" content=\"index, follow, max-snippet:-1, max-image-preview:large, max-video-preview:-1\" \/>\n<link rel=\"canonical\" href=\"https:\/\/lootzinocasino.org\/pl\/aplikacja\/\" \/>\n<meta property=\"og:locale\" content=\"pl_PL\" \/>\n<meta property=\"og:type\" content=\"article\" \/>\n<meta property=\"og:title\" content=\"Lootzino App | Platformy iOS i Android\" \/>\n<meta property=\"og:description\" content=\"Aplikacja Lootzino zapewnia p\u0142ynn\u0105 rozgrywk\u0119 w kasynie na systemach Android, iOS, Windows i macOS, oferuj\u0105c zsynchronizowane konta, regularne aktualizacje i wbudowan\u0105 obs\u0142ug\u0119 klienta, co zapewnia bezproblemowe korzystanie z aplikacji.\" \/>\n<meta property=\"og:url\" content=\"https:\/\/lootzinocasino.org\/pl\/aplikacja\/\" \/>\n<meta property=\"og:site_name\" content=\"lootzino\" \/>\n<meta property=\"article:modified_time\" content=\"2025-11-21T09:07:45+00:00\" \/>\n<meta name=\"twitter:card\" content=\"summary_large_image\" \/>\n<meta name=\"twitter:label1\" content=\"Est. reading time\" \/>\n\t<meta name=\"twitter:data1\" content=\"1 minute\" \/>\n<script type=\"application\/ld+json\" class=\"yoast-schema-graph\">{\"@context\":\"https:\\\/\\\/schema.org\",\"@graph\":[{\"@type\":\"WebPage\",\"@id\":\"https:\\\/\\\/lootzinocasino.org\\\/pl\\\/aplikacja\\\/\",\"url\":\"https:\\\/\\\/lootzinocasino.org\\\/pl\\\/aplikacja\\\/\",\"name\":\"Lootzino App | Platformy iOS i Android\",\"isPartOf\":{\"@id\":\"https:\\\/\\\/lootzinocasino.org\\\/pl\\\/#website\"},\"datePublished\":\"2025-11-20T13:16:27+00:00\",\"dateModified\":\"2025-11-21T09:07:45+00:00\",\"description\":\"Aplikacja Lootzino zapewnia p\u0142ynn\u0105 rozgrywk\u0119 w kasynie na systemach Android, iOS, Windows i macOS, oferuj\u0105c zsynchronizowane konta, regularne aktualizacje i wbudowan\u0105 obs\u0142ug\u0119 klienta, co zapewnia bezproblemowe korzystanie z aplikacji.\",\"breadcrumb\":{\"@id\":\"https:\\\/\\\/lootzinocasino.org\\\/pl\\\/aplikacja\\\/#breadcrumb\"},\"inLanguage\":\"pl-PL\",\"potentialAction\":[{\"@type\":\"ReadAction\",\"target\":[\"https:\\\/\\\/lootzinocasino.org\\\/pl\\\/aplikacja\\\/\"]}]},{\"@type\":\"BreadcrumbList\",\"@id\":\"https:\\\/\\\/lootzinocasino.org\\\/pl\\\/aplikacja\\\/#breadcrumb\",\"itemListElement\":[{\"@type\":\"ListItem\",\"position\":1,\"name\":\"Lootzino\",\"item\":\"https:\\\/\\\/lootzinocasino.org\\\/pl\\\/\"},{\"@type\":\"ListItem\",\"position\":2,\"name\":\"Aplikacja\"}]},{\"@type\":\"WebSite\",\"@id\":\"https:\\\/\\\/lootzinocasino.org\\\/pl\\\/#website\",\"url\":\"https:\\\/\\\/lootzinocasino.org\\\/pl\\\/\",\"name\":\"Lootzino\",\"description\":\"\",\"publisher\":{\"@id\":\"https:\\\/\\\/lootzinocasino.org\\\/pl\\\/#organization\"},\"potentialAction\":[{\"@type\":\"SearchAction\",\"target\":{\"@type\":\"EntryPoint\",\"urlTemplate\":\"https:\\\/\\\/lootzinocasino.org\\\/pl\\\/?s={search_term_string}\"},\"query-input\":{\"@type\":\"PropertyValueSpecification\",\"valueRequired\":true,\"valueName\":\"search_term_string\"}}],\"inLanguage\":\"pl-PL\"},{\"@type\":\"Organization\",\"@id\":\"https:\\\/\\\/lootzinocasino.org\\\/pl\\\/#organization\",\"name\":\"Lootzino\",\"url\":\"https:\\\/\\\/lootzinocasino.org\\\/pl\\\/\",\"logo\":{\"@type\":\"ImageObject\",\"inLanguage\":\"pl-PL\",\"@id\":\"https:\\\/\\\/lootzinocasino.org\\\/pl\\\/#\\\/schema\\\/logo\\\/image\\\/\",\"url\":\"https:\\\/\\\/lootzinocasino.org\\\/wp-content\\\/uploads\\\/2025\\\/11\\\/lootzino.svg\",\"contentUrl\":\"https:\\\/\\\/lootzinocasino.org\\\/wp-content\\\/uploads\\\/2025\\\/11\\\/lootzino.svg\",\"width\":16,\"height\":20,\"caption\":\"Lootzino\"},\"image\":{\"@id\":\"https:\\\/\\\/lootzinocasino.org\\\/pl\\\/#\\\/schema\\\/logo\\\/image\\\/\"}}]}<\/script>\n<!-- \/ Yoast SEO plugin. -->","yoast_head_json":{"title":"Lootzino App | Platformy iOS i Android","description":"Aplikacja Lootzino zapewnia p\u0142ynn\u0105 rozgrywk\u0119 w kasynie na systemach Android, iOS, Windows i macOS, oferuj\u0105c zsynchronizowane konta, regularne aktualizacje i wbudowan\u0105 obs\u0142ug\u0119 klienta, co zapewnia bezproblemowe korzystanie z aplikacji.","robots":{"index":"index","follow":"follow","max-snippet":"max-snippet:-1","max-image-preview":"max-image-preview:large","max-video-preview":"max-video-preview:-1"},"canonical":"https:\/\/lootzinocasino.org\/pl\/aplikacja\/","og_locale":"pl_PL","og_type":"article","og_title":"Lootzino App | Platformy iOS i Android","og_description":"Aplikacja Lootzino zapewnia p\u0142ynn\u0105 rozgrywk\u0119 w kasynie na systemach Android, iOS, Windows i macOS, oferuj\u0105c zsynchronizowane konta, regularne aktualizacje i wbudowan\u0105 obs\u0142ug\u0119 klienta, co zapewnia bezproblemowe korzystanie z aplikacji.","og_url":"https:\/\/lootzinocasino.org\/pl\/aplikacja\/","og_site_name":"lootzino","article_modified_time":"2025-11-21T09:07:45+00:00","twitter_card":"summary_large_image","twitter_misc":{"Est. reading time":"1 minute"},"schema":{"@context":"https:\/\/schema.org","@graph":[{"@type":"WebPage","@id":"https:\/\/lootzinocasino.org\/pl\/aplikacja\/","url":"https:\/\/lootzinocasino.org\/pl\/aplikacja\/","name":"Lootzino App | Platformy iOS i Android","isPartOf":{"@id":"https:\/\/lootzinocasino.org\/pl\/#website"},"datePublished":"2025-11-20T13:16:27+00:00","dateModified":"2025-11-21T09:07:45+00:00","description":"Aplikacja Lootzino zapewnia p\u0142ynn\u0105 rozgrywk\u0119 w kasynie na systemach Android, iOS, Windows i macOS, oferuj\u0105c zsynchronizowane konta, regularne aktualizacje i wbudowan\u0105 obs\u0142ug\u0119 klienta, co zapewnia bezproblemowe korzystanie z aplikacji.","breadcrumb":{"@id":"https:\/\/lootzinocasino.org\/pl\/aplikacja\/#breadcrumb"},"inLanguage":"pl-PL","potentialAction":[{"@type":"ReadAction","target":["https:\/\/lootzinocasino.org\/pl\/aplikacja\/"]}]},{"@type":"BreadcrumbList","@id":"https:\/\/lootzinocasino.org\/pl\/aplikacja\/#breadcrumb","itemListElement":[{"@type":"ListItem","position":1,"name":"Lootzino","item":"https:\/\/lootzinocasino.org\/pl\/"},{"@type":"ListItem","position":2,"name":"Aplikacja"}]},{"@type":"WebSite","@id":"https:\/\/lootzinocasino.org\/pl\/#website","url":"https:\/\/lootzinocasino.org\/pl\/","name":"Lootzino","description":"","publisher":{"@id":"https:\/\/lootzinocasino.org\/pl\/#organization"},"potentialAction":[{"@type":"SearchAction","target":{"@type":"EntryPoint","urlTemplate":"https:\/\/lootzinocasino.org\/pl\/?s={search_term_string}"},"query-input":{"@type":"PropertyValueSpecification","valueRequired":true,"valueName":"search_term_string"}}],"inLanguage":"pl-PL"},{"@type":"Organization","@id":"https:\/\/lootzinocasino.org\/pl\/#organization","name":"Lootzino","url":"https:\/\/lootzinocasino.org\/pl\/","logo":{"@type":"ImageObject","inLanguage":"pl-PL","@id":"https:\/\/lootzinocasino.org\/pl\/#\/schema\/logo\/image\/","url":"https:\/\/lootzinocasino.org\/wp-content\/uploads\/2025\/11\/lootzino.svg","contentUrl":"https:\/\/lootzinocasino.org\/wp-content\/uploads\/2025\/11\/lootzino.svg","width":16,"height":20,"caption":"Lootzino"},"image":{"@id":"https:\/\/lootzinocasino.org\/pl\/#\/schema\/logo\/image\/"}}]}},"_links":{"self":[{"href":"https:\/\/lootzinocasino.org\/pl\/wp-json\/wp\/v2\/pages\/1422","targetHints":{"allow":["GET"]}}],"collection":[{"href":"https:\/\/lootzinocasino.org\/pl\/wp-json\/wp\/v2\/pages"}],"about":[{"href":"https:\/\/lootzinocasino.org\/pl\/wp-json\/wp\/v2\/types\/page"}],"author":[{"embeddable":true,"href":"https:\/\/lootzinocasino.org\/pl\/wp-json\/wp\/v2\/users\/1"}],"replies":[{"embeddable":true,"href":"https:\/\/lootzinocasino.org\/pl\/wp-json\/wp\/v2\/comments?post=1422"}],"version-history":[{"count":2,"href":"https:\/\/lootzinocasino.org\/pl\/wp-json\/wp\/v2\/pages\/1422\/revisions"}],"predecessor-version":[{"id":1769,"href":"https:\/\/lootzinocasino.org\/pl\/wp-json\/wp\/v2\/pages\/1422\/revisions\/1769"}],"wp:attachment":[{"href":"https:\/\/lootzinocasino.org\/pl\/wp-json\/wp\/v2\/media?parent=1422"}],"curies":[{"name":"wp","href":"https:\/\/api.w.org\/{rel}","templated":true}]}}