{"id":1468,"date":"2025-11-20T13:18:25","date_gmt":"2025-11-20T13:18:25","guid":{"rendered":"https:\/\/lootzinocasino.org\/login-and-registration\/"},"modified":"2025-11-21T09:08:46","modified_gmt":"2025-11-21T09:08:46","slug":"logowanie-i-rejestracja","status":"publish","type":"page","link":"https:\/\/lootzinocasino.org\/pl\/logowanie-i-rejestracja\/","title":{"rendered":"Logowanie i rejestracja"},"content":{"rendered":"<h1>Logowanie i rejestracja konta Lootzino<\/h1>\n<p>Lootzino Login to brama do p\u0142ynnej gry w naszym dynamicznym kasynie online. Lootzino zosta\u0142o stworzone, aby by\u0107 najszybszym i najbezpieczniejszym miejscem dla polskich graczy, gdzie mog\u0105 gra\u0107 w r\u00f3\u017cnorodne gry, zarz\u0105dza\u0107 swoimi kontami i uzyska\u0107 dost\u0119p do wyj\u0105tkowych ofert dzi\u0119ki szybkiemu logowaniu.<\/p>\n<p>Logowanie nie powinno by\u0107 skomplikowane, a nasza strona gwarantuje komfortowe i stabilne dzia\u0142anie podczas procesu logowania do Lootzino Casino, kt\u00f3re jest wspierane przez pot\u0119\u017cny system bezpiecze\u0144stwa i ca\u0142odobow\u0105 obs\u0142ug\u0119 klienta.<\/p>\n<p><div class=\"banner-wrap\" aria-label=\"Banner\"><img src=\"https:\/\/lootzinocasino.org\/wp-content\/uploads\/2025\/11\/Lootzino-banner-carousel-800\u0445400.webp\" class=\"w-100 d-none d-lg-block img-pc main-banner-img\" alt=\"Lootzino banner desktop\" fetchpriority=\"high\" decoding=\"async\"><img src=\"https:\/\/lootzinocasino.org\/wp-content\/uploads\/2025\/12\/Group-25.webp\" class=\"w-100 d-none d-md-block d-lg-none main-banner-img\" alt=\"Lootzino banner mobile\" fetchpriority=\"high\" decoding=\"async\"><img src=\"https:\/\/lootzinocasino.org\/wp-content\/uploads\/2025\/12\/Group-25.webp\" class=\"w-100 d-md-none\" alt=\"Lootzino banner mobile\" fetchpriority=\"high\" decoding=\"async\"><div class=\"banner-description\">\n<div class=\"banner-title\">Bonusy powitalne<\/div>\n<p class=\"banner-header-title\">1500 \u20ac<\/p>\n<div class=\"banner-header-AdditionalText\">+ 250 Darmowe obroty<\/div>\n<button data-item=\"homepage_banner_link\" class=\"goto m-button m-gradient-border m-button--primary m-button--large banner-button btn-orange\">\n            <div class=\"m-button-content\">\n                <span>Zarejestruj si\u0119 teraz<\/span>\n                <span><\/span>\n            <\/div>\n        <\/button>\n<\/div>\n<div class=\"WelcomePack\">\n<p><img loading=\"lazy\" decoding=\"async\" class=\"alignnone size-full wp-image-1595\" src=\"https:\/\/lootzinocasino.org\/wp-content\/uploads\/2025\/11\/welcome-crown.svg\" alt=\"\" width=\"25\" height=\"26\" \/><\/p>\n<div class=\"WelcomePack-Info\">Cotygodniowy zwrot got\u00f3wki do 25%<\/div>\n<p><img loading=\"lazy\" decoding=\"async\" class=\"alignnone size-full wp-image-1595\" src=\"https:\/\/lootzinocasino.org\/wp-content\/uploads\/2025\/11\/welcome-crown.svg\" alt=\"\" width=\"25\" height=\"26\" \/><\/p>\n<\/div>\n<\/div><div class=\"scrollable-content-wrap my-5\"><div class=\"scrollable-content-inner\"><h2>Rejestracja nowego u\u017cytkownika w Loot Zino<\/h2>\n<p>Otwieraj\u0105c dowolne konto w Loot Zino, jako gracz automatycznie zyskujesz dost\u0119p do kilku atrakcyjnych korzy\u015bci. Nowi cz\u0142onkowie otrzymuj\u0105 atrakcyjny pakiet powitalny, obejmuj\u0105cy bonus w wysoko\u015bci do 1500 \u20ac oraz 200 darmowych spin\u00f3w jako dodatek.<\/p>\n<p>Rejestracja polega na uzyskaniu dost\u0119pu do indywidualnego konta administracyjnego, gdzie mo\u017cna sprawdzi\u0107 wszystkie nasze aktualne promocje i wybra\u0107 turnieje, w kt\u00f3rych mo\u017cna spr\u00f3bowa\u0107 szcz\u0119\u015bcia. Nasz system rejestracji jest prosty i szybki, a rozpocz\u0119cie gry zajmuje tylko kilka minut, poniewa\u017c jest to szybka metoda do\u0142\u0105czenia do naszej bogatej spo\u0142eczno\u015bci.<\/p>\n<h2>Za\u0142\u00f3\u017c konto w kasynie Lootzino<\/h2>\n<p>Je\u015bli zako\u0144czy\u0142e\u015b ju\u017c pr\u00f3by demo i chcesz spr\u00f3bowa\u0107 inwestowa\u0107 i wygrywa\u0107 prawdziwe pieni\u0105dze, to najwy\u017cszy czas, aby stworzy\u0107 swoj\u0105 osobist\u0105 przestrze\u0144 w Lootzino Casino. Po zako\u0144czeniu rejestracji nast\u0105pi krok Lootzino login.<\/p>\n<p>Proces otwierania konta w Lootzino Casino rozpoczyna si\u0119 od prostej rejestracji.<\/p>\n<ol>\n<li>W prawym g\u00f3rnym rogu naszej strony g\u0142\u00f3wnej Lootzino Casino znajduje si\u0119 przycisk rejestracji.<\/li>\n<li>Wprowad\u017a niezb\u0119dne informacje (adres e-mail i bezpieczne has\u0142o).<\/li>\n<li>Potwierd\u017a swoje dane, zaznaczaj\u0105c pole i akceptuj\u0105c nasze warunki.<\/li>\n<li>Po rejestracji mo\u017cesz od razu zacz\u0105\u0107 korzysta\u0107 ze swojego konta, z dost\u0119pem do wszystkich funkcji i zalet platformy.<\/li>\n<\/ol>\n<p>Proces rejestracji jest r\u00f3wnie\u017c wydajny, dzi\u0119ki czemu mo\u017cesz jak najszybciej zacz\u0105\u0107 cieszy\u0107 si\u0119 ulubionymi tytu\u0142ami. Je\u015bli nie mo\u017cesz tego zrobi\u0107, oferujemy wsparcie wieloj\u0119zyczne, kt\u00f3re umo\u017cliwia rejestracj\u0119 wszystkim graczom na \u015bwiecie, dzi\u0119ki czemu logowanie do Lootzino nie ulegnie awarii.<\/p>\n<h2>Tworzenie i korzystanie z konta Loot Zino<\/h2>\n<p>Zalogowanie si\u0119 na konto Loot Zino jest bardzo proste. Przejd\u017a do prawego g\u00f3rnego rogu naszej strony i wybierz przycisk Loot Zino \u201eZaloguj si\u0119\u201d. Wpisz zarejestrowany adres e-mail i has\u0142o, a nast\u0119pnie zweryfikuj login. Po zarejestrowaniu si\u0119 mo\u017cesz dodawa\u0107 pieni\u0105dze, przegl\u0105da\u0107 histori\u0119 konta i profilowa\u0107 swoje konto.<\/p>\n<p>W panelu konta masz mo\u017cliwo\u015b\u0107 efektywnego zarz\u0105dzania wp\u0142atami i wyp\u0142atami, ograniczania wp\u0142at, przegl\u0105dania historii gry oraz udzia\u0142u w promocjach. Interfejs naszej platformy jest przyjazny dla u\u017cytkownika, dzi\u0119ki czemu wszystkie opcje zwi\u0105zane z zarz\u0105dzaniem kontem s\u0105 wygodne i \u0142atwo dost\u0119pne.<\/p>\n<p>Dodatkowe funkcje obejmuj\u0105 zapraszanie znajomych za pomoc\u0105 link\u00f3w polecaj\u0105cych, aktualizowanie danych osobowych oraz aktywowanie uwierzytelniania dwusk\u0142adnikowego w celu zwi\u0119kszenia bezpiecze\u0144stwa. Po\u0142\u0105czenie przyjaznego dla u\u017cytkownika projektu i solidnej funkcjonalno\u015bci sprawia, \u017ce Lootzino login jest niezawodnym punktem wej\u015bcia do wszystkich dzia\u0142a\u0144 zwi\u0105zanych z grami.<\/p>\n<h3>Nie pami\u0119tasz has\u0142a?<\/h3>\n<p>Je\u015bli napotkasz trudno\u015bci z dost\u0119pem do swojego konta Lootzino z powodu zapomnianego has\u0142a lub innych problem\u00f3w, proces odzyskiwania nie zajmie du\u017co czasu.<\/p>\n<ol>\n<li>Kliknij przycisk Lootzino login.<\/li>\n<li>Wybierz opcj\u0119 \u201eNie pami\u0119tasz has\u0142a?\u201d i kliknij j\u0105.<\/li>\n<li>Wpisz sw\u00f3j zarejestrowany adres e-mail, a dostaniesz wiadomo\u015b\u0107 z instrukcjami, jak bezpiecznie zresetowa\u0107 swoje dane logowania.<\/li>\n<li>Post\u0119puj zgodnie z instrukcjami zawartymi w wiadomo\u015bci e-mail.<\/li>\n<li>Zaloguj si\u0119 ponownie na swoje konto.<\/li>\n<\/ol>\n<p>Nasz zesp\u00f3\u0142 pomocy technicznej jest r\u00f3wnie\u017c dost\u0119pny za po\u015brednictwem czatu na \u017cywo lub poczty elektronicznej, aby pom\u00f3c w odzyskaniu konta lub rozwi\u0105za\u0107 wszelkie problemy zwi\u0105zane z logowaniem do serwisu Lootzino. Utrzymanie dost\u0119pu do konta jest dla nas priorytetem, a nasze protoko\u0142y bezpiecze\u0144stwa chroni\u0105 Twoje dane przez ca\u0142y czas trwania procesu.<\/p>\n<h3>Loot Zino Casino Weryfikacja konta i bezpiecze\u0144stwo<\/h3>\n<p>Weryfikacja konta jest niezb\u0119dnym krokiem w celu zapewnienia bezpiecze\u0144stwa Twojego konta Lootzino. Proces weryfikacji, zwany KYC, polega na przes\u0142aniu wa\u017cnych dokument\u00f3w to\u017csamo\u015bci, zazwyczaj paszportu lub prawa jazdy, oraz potwierdzenia adresu zamieszkania, np. rachunku za media. Ten krok pozwala nam potwierdzi\u0107 Twoj\u0105 to\u017csamo\u015b\u0107, zapobiega oszustwom i umo\u017cliwia pe\u0142ny dost\u0119p do funkcji wyp\u0142aty \u015brodk\u00f3w.<\/p>\n<table>\n<tbody>\n<tr>\n<td>Kasyno Lootzino aspekt<\/td>\n<td>Bardziej szczeg\u00f3\u0142owe<\/td>\n<\/tr>\n<tr>\n<td>Dokumenty weryfikacyjne<\/td>\n<td>Wa\u017cny dokument to\u017csamo\u015bci (paszport, prawo jazdy), potwierdzenie adresu zamieszkania (rachunek za media lub nieruchomo\u015b\u0107)<\/td>\n<\/tr>\n<tr>\n<td>Ramy czasowe kontroli<\/td>\n<td>Oko\u0142o 48 godzin po z\u0142o\u017ceniu wniosku<\/td>\n<\/tr>\n<tr>\n<td>Korzy\u015b\u0107 dla gracza<\/td>\n<td>Zwi\u0119kszone bezpiecze\u0144stwo, nieograniczone limity wyp\u0142at<\/td>\n<\/tr>\n<\/tbody>\n<\/table>\n<p>Typowy czas przetwarzania weryfikacji to\u017csamo\u015bci KYC wynosi oko\u0142o 48 godzin od momentu z\u0142o\u017cenia wniosku. Po weryfikacji Twoje konto zyskuje wi\u0119ksze bezpiecze\u0144stwo, wy\u017csze limity wyp\u0142at i zgodno\u015b\u0107 z normami prawnymi. Nasza platforma wykorzystuje zaawansowane szyfrowanie SSL w celu ochrony wszystkich danych u\u017cytkownik\u00f3w i obs\u0142uguje wiele funkcji bezpiecze\u0144stwa, w tym uwierzytelnianie dwusk\u0142adnikowe, je\u015bli jest dost\u0119pne.<\/p>\n<h2>Cz\u0119sto zadawane pytania<\/h2>\n<h3>Jak zako\u0144czy\u0107 proces weryfikacji konta w kasynie Lootzino?<\/h3>\n<p>Aby zako\u0144czy\u0107 weryfikacj\u0119, zaloguj si\u0119 na konto Lootzino login i przejd\u017a do sekcji weryfikacji. Prze\u015blij wyra\u017ane kopie wa\u017cnego dokumentu to\u017csamo\u015bci i potwierdzenia adresu zamieszkania. Nasz zesp\u00f3\u0142 pomocy technicznej sprawdzi Twoje dokumenty i powiadomi Ci\u0119 o weryfikacji konta, zazwyczaj w ci\u0105gu 48 godzin. Weryfikacja zwi\u0119ksza bezpiecze\u0144stwo konta, podnosi limity wyp\u0142at i zapewnia zgodno\u015b\u0107 z przepisami prawa.<\/p>\n<h3>Jak zaktualizowa\u0107 has\u0142o lub adres e-mail?<\/h3>\n<p>Dost\u0119p do ustawie\u0144 konta i zarz\u0105dzanie nimi jest proste dzi\u0119ki panelowi u\u017cytkownika. Je\u015bli chcesz zmieni\u0107 has\u0142o, po prostu znajd\u017a opcj\u0119 \u201eNie pami\u0119tasz has\u0142a?\u201d (obok Lootzino login). Aby zmieni\u0107 adres e-mail, wykonaj kilka prostych krok\u00f3w w obszarze informacji o koncie. Ze wzgl\u0119d\u00f3w bezpiecze\u0144stwa warto wybra\u0107 silne, oryginalne has\u0142o, kt\u00f3rego nie u\u017cywasz nigdzie indziej. Ponadto, dodaj\u0105c nowy adres e-mail, nale\u017cy go potwierdzi\u0107, klikaj\u0105c link wys\u0142any na skrzynk\u0119 odbiorcz\u0105.<\/p>\n<h3>Co nale\u017cy zrobi\u0107, je\u015bli moje konto zosta\u0142o zablokowane?<\/h3>\n<p>Je\u015bli stwierdzisz, \u017ce nie masz dost\u0119pu do swojego konta, skontaktuj si\u0119 natychmiast z naszym zespo\u0142em pomocy technicznej. Konta mog\u0105 zosta\u0107 zablokowane w przypadku zbyt wielu nieudanych pr\u00f3b logowania lub wyst\u0105pienia problemu zwi\u0105zanego z bezpiecze\u0144stwem. Nasz zesp\u00f3\u0142 sprawdzi Twoj\u0105 to\u017csamo\u015b\u0107, a nast\u0119pnie jak najszybciej odblokuje Twoje konto. Pami\u0119taj, \u017ce przed przywr\u00f3ceniem dost\u0119pu mo\u017cemy poprosi\u0107 Ci\u0119 o podanie dodatkowych informacji, aby upewni\u0107 si\u0119, \u017ce to naprawd\u0119 Ty.<\/p>\n<h3>Jak zamkn\u0105\u0107 lub tymczasowo zawiesi\u0107 swoje konto?<\/h3>\n<p>Je\u015bli chcesz ca\u0142kowicie zamkn\u0105\u0107 swoje konto w kasynie Lootzino lub po prostu zawiesi\u0107 je na jaki\u015b czas, skontaktuj si\u0119 z naszym dzia\u0142em pomocy technicznej. Podaj nam wszystkie informacje i wyja\u015bnij, co chcesz zrobi\u0107. Pami\u0119taj, \u017ce zamkni\u0119cie konta zazwyczaj oznacza, \u017ce nie mo\u017cesz go odzyska\u0107, ale zawieszenie konta pozwala na ponowne jego aktywowanie w p\u00f3\u017aniejszym terminie, je\u015bli zmienisz zdanie. Ka\u017cde zg\u0142oszenie rozpatrujemy z nale\u017cyt\u0105 staranno\u015bci\u0105 i dbamy o to, aby wszystko odby\u0142o si\u0119 w bezpieczny spos\u00f3b.<\/p>\n<\/div><\/div><\/p>\n","protected":false},"excerpt":{"rendered":"<p>Logowanie i rejestracja konta Lootzino Lootzino Login to brama do p\u0142ynnej gry w naszym dynamicznym kasynie online. Lootzino zosta\u0142o stworzone, aby by\u0107 najszybszym i najbezpieczniejszym miejscem dla polskich graczy, gdzie mog\u0105 gra\u0107 w r\u00f3\u017cnorodne gry, zarz\u0105dza\u0107 swoimi kontami i uzyska\u0107 dost\u0119p do wyj\u0105tkowych ofert dzi\u0119ki szybkiemu logowaniu. Logowanie nie powinno by\u0107 skomplikowane, a nasza strona [&hellip;]<\/p>\n","protected":false},"author":1,"featured_media":0,"parent":0,"menu_order":0,"comment_status":"closed","ping_status":"closed","template":"template-builder.php","meta":{"_acf_changed":false,"inline_featured_image":false,"footnotes":""},"class_list":["post-1468","page","type-page","status-publish","hentry"],"acf":[],"yoast_head":"<!-- This site is optimized with the Yoast SEO plugin v27.3 - https:\/\/yoast.com\/product\/yoast-seo-wordpress\/ -->\n<title>Lootzino Logowanie i rejestracja w serwisie<\/title>\n<meta name=\"description\" content=\"Bez wysi\u0142ku tw\u00f3rz, zarz\u0105dzaj i weryfikuj swoje konto w kasynie Lootzino. Ciesz si\u0119 szybk\u0105 rejestracj\u0105, \u0142atwym odzyskiwaniem konta i bezpiecznym zamkni\u0119ciem dzi\u0119ki Lootzino Login, zapewniaj\u0105cym ochron\u0119 Twojego konta przez ca\u0142\u0105 dob\u0119.\" \/>\n<meta name=\"robots\" content=\"index, follow, max-snippet:-1, max-image-preview:large, max-video-preview:-1\" \/>\n<link rel=\"canonical\" href=\"https:\/\/lootzinocasino.org\/pl\/logowanie-i-rejestracja\/\" \/>\n<meta property=\"og:locale\" content=\"pl_PL\" \/>\n<meta property=\"og:type\" content=\"article\" \/>\n<meta property=\"og:title\" content=\"Lootzino Logowanie i rejestracja w serwisie\" \/>\n<meta property=\"og:description\" content=\"Bez wysi\u0142ku tw\u00f3rz, zarz\u0105dzaj i weryfikuj swoje konto w kasynie Lootzino. Ciesz si\u0119 szybk\u0105 rejestracj\u0105, \u0142atwym odzyskiwaniem konta i bezpiecznym zamkni\u0119ciem dzi\u0119ki Lootzino Login, zapewniaj\u0105cym ochron\u0119 Twojego konta przez ca\u0142\u0105 dob\u0119.\" \/>\n<meta property=\"og:url\" content=\"https:\/\/lootzinocasino.org\/pl\/logowanie-i-rejestracja\/\" \/>\n<meta property=\"og:site_name\" content=\"lootzino\" \/>\n<meta property=\"article:modified_time\" content=\"2025-11-21T09:08:46+00:00\" \/>\n<meta name=\"twitter:card\" content=\"summary_large_image\" \/>\n<meta name=\"twitter:label1\" content=\"Est. reading time\" \/>\n\t<meta name=\"twitter:data1\" content=\"1 minute\" \/>\n<script type=\"application\/ld+json\" class=\"yoast-schema-graph\">{\"@context\":\"https:\\\/\\\/schema.org\",\"@graph\":[{\"@type\":\"WebPage\",\"@id\":\"https:\\\/\\\/lootzinocasino.org\\\/pl\\\/logowanie-i-rejestracja\\\/\",\"url\":\"https:\\\/\\\/lootzinocasino.org\\\/pl\\\/logowanie-i-rejestracja\\\/\",\"name\":\"Lootzino Logowanie i rejestracja w serwisie\",\"isPartOf\":{\"@id\":\"https:\\\/\\\/lootzinocasino.org\\\/pl\\\/#website\"},\"datePublished\":\"2025-11-20T13:18:25+00:00\",\"dateModified\":\"2025-11-21T09:08:46+00:00\",\"description\":\"Bez wysi\u0142ku tw\u00f3rz, zarz\u0105dzaj i weryfikuj swoje konto w kasynie Lootzino. Ciesz si\u0119 szybk\u0105 rejestracj\u0105, \u0142atwym odzyskiwaniem konta i bezpiecznym zamkni\u0119ciem dzi\u0119ki Lootzino Login, zapewniaj\u0105cym ochron\u0119 Twojego konta przez ca\u0142\u0105 dob\u0119.\",\"breadcrumb\":{\"@id\":\"https:\\\/\\\/lootzinocasino.org\\\/pl\\\/logowanie-i-rejestracja\\\/#breadcrumb\"},\"inLanguage\":\"pl-PL\",\"potentialAction\":[{\"@type\":\"ReadAction\",\"target\":[\"https:\\\/\\\/lootzinocasino.org\\\/pl\\\/logowanie-i-rejestracja\\\/\"]}]},{\"@type\":\"BreadcrumbList\",\"@id\":\"https:\\\/\\\/lootzinocasino.org\\\/pl\\\/logowanie-i-rejestracja\\\/#breadcrumb\",\"itemListElement\":[{\"@type\":\"ListItem\",\"position\":1,\"name\":\"Lootzino\",\"item\":\"https:\\\/\\\/lootzinocasino.org\\\/pl\\\/\"},{\"@type\":\"ListItem\",\"position\":2,\"name\":\"Logowanie i rejestracja\"}]},{\"@type\":\"WebSite\",\"@id\":\"https:\\\/\\\/lootzinocasino.org\\\/pl\\\/#website\",\"url\":\"https:\\\/\\\/lootzinocasino.org\\\/pl\\\/\",\"name\":\"Lootzino\",\"description\":\"\",\"publisher\":{\"@id\":\"https:\\\/\\\/lootzinocasino.org\\\/pl\\\/#organization\"},\"potentialAction\":[{\"@type\":\"SearchAction\",\"target\":{\"@type\":\"EntryPoint\",\"urlTemplate\":\"https:\\\/\\\/lootzinocasino.org\\\/pl\\\/?s={search_term_string}\"},\"query-input\":{\"@type\":\"PropertyValueSpecification\",\"valueRequired\":true,\"valueName\":\"search_term_string\"}}],\"inLanguage\":\"pl-PL\"},{\"@type\":\"Organization\",\"@id\":\"https:\\\/\\\/lootzinocasino.org\\\/pl\\\/#organization\",\"name\":\"Lootzino\",\"url\":\"https:\\\/\\\/lootzinocasino.org\\\/pl\\\/\",\"logo\":{\"@type\":\"ImageObject\",\"inLanguage\":\"pl-PL\",\"@id\":\"https:\\\/\\\/lootzinocasino.org\\\/pl\\\/#\\\/schema\\\/logo\\\/image\\\/\",\"url\":\"https:\\\/\\\/lootzinocasino.org\\\/wp-content\\\/uploads\\\/2025\\\/11\\\/lootzino.svg\",\"contentUrl\":\"https:\\\/\\\/lootzinocasino.org\\\/wp-content\\\/uploads\\\/2025\\\/11\\\/lootzino.svg\",\"width\":16,\"height\":20,\"caption\":\"Lootzino\"},\"image\":{\"@id\":\"https:\\\/\\\/lootzinocasino.org\\\/pl\\\/#\\\/schema\\\/logo\\\/image\\\/\"}}]}<\/script>\n<!-- \/ Yoast SEO plugin. -->","yoast_head_json":{"title":"Lootzino Logowanie i rejestracja w serwisie","description":"Bez wysi\u0142ku tw\u00f3rz, zarz\u0105dzaj i weryfikuj swoje konto w kasynie Lootzino. Ciesz si\u0119 szybk\u0105 rejestracj\u0105, \u0142atwym odzyskiwaniem konta i bezpiecznym zamkni\u0119ciem dzi\u0119ki Lootzino Login, zapewniaj\u0105cym ochron\u0119 Twojego konta przez ca\u0142\u0105 dob\u0119.","robots":{"index":"index","follow":"follow","max-snippet":"max-snippet:-1","max-image-preview":"max-image-preview:large","max-video-preview":"max-video-preview:-1"},"canonical":"https:\/\/lootzinocasino.org\/pl\/logowanie-i-rejestracja\/","og_locale":"pl_PL","og_type":"article","og_title":"Lootzino Logowanie i rejestracja w serwisie","og_description":"Bez wysi\u0142ku tw\u00f3rz, zarz\u0105dzaj i weryfikuj swoje konto w kasynie Lootzino. Ciesz si\u0119 szybk\u0105 rejestracj\u0105, \u0142atwym odzyskiwaniem konta i bezpiecznym zamkni\u0119ciem dzi\u0119ki Lootzino Login, zapewniaj\u0105cym ochron\u0119 Twojego konta przez ca\u0142\u0105 dob\u0119.","og_url":"https:\/\/lootzinocasino.org\/pl\/logowanie-i-rejestracja\/","og_site_name":"lootzino","article_modified_time":"2025-11-21T09:08:46+00:00","twitter_card":"summary_large_image","twitter_misc":{"Est. reading time":"1 minute"},"schema":{"@context":"https:\/\/schema.org","@graph":[{"@type":"WebPage","@id":"https:\/\/lootzinocasino.org\/pl\/logowanie-i-rejestracja\/","url":"https:\/\/lootzinocasino.org\/pl\/logowanie-i-rejestracja\/","name":"Lootzino Logowanie i rejestracja w serwisie","isPartOf":{"@id":"https:\/\/lootzinocasino.org\/pl\/#website"},"datePublished":"2025-11-20T13:18:25+00:00","dateModified":"2025-11-21T09:08:46+00:00","description":"Bez wysi\u0142ku tw\u00f3rz, zarz\u0105dzaj i weryfikuj swoje konto w kasynie Lootzino. Ciesz si\u0119 szybk\u0105 rejestracj\u0105, \u0142atwym odzyskiwaniem konta i bezpiecznym zamkni\u0119ciem dzi\u0119ki Lootzino Login, zapewniaj\u0105cym ochron\u0119 Twojego konta przez ca\u0142\u0105 dob\u0119.","breadcrumb":{"@id":"https:\/\/lootzinocasino.org\/pl\/logowanie-i-rejestracja\/#breadcrumb"},"inLanguage":"pl-PL","potentialAction":[{"@type":"ReadAction","target":["https:\/\/lootzinocasino.org\/pl\/logowanie-i-rejestracja\/"]}]},{"@type":"BreadcrumbList","@id":"https:\/\/lootzinocasino.org\/pl\/logowanie-i-rejestracja\/#breadcrumb","itemListElement":[{"@type":"ListItem","position":1,"name":"Lootzino","item":"https:\/\/lootzinocasino.org\/pl\/"},{"@type":"ListItem","position":2,"name":"Logowanie i rejestracja"}]},{"@type":"WebSite","@id":"https:\/\/lootzinocasino.org\/pl\/#website","url":"https:\/\/lootzinocasino.org\/pl\/","name":"Lootzino","description":"","publisher":{"@id":"https:\/\/lootzinocasino.org\/pl\/#organization"},"potentialAction":[{"@type":"SearchAction","target":{"@type":"EntryPoint","urlTemplate":"https:\/\/lootzinocasino.org\/pl\/?s={search_term_string}"},"query-input":{"@type":"PropertyValueSpecification","valueRequired":true,"valueName":"search_term_string"}}],"inLanguage":"pl-PL"},{"@type":"Organization","@id":"https:\/\/lootzinocasino.org\/pl\/#organization","name":"Lootzino","url":"https:\/\/lootzinocasino.org\/pl\/","logo":{"@type":"ImageObject","inLanguage":"pl-PL","@id":"https:\/\/lootzinocasino.org\/pl\/#\/schema\/logo\/image\/","url":"https:\/\/lootzinocasino.org\/wp-content\/uploads\/2025\/11\/lootzino.svg","contentUrl":"https:\/\/lootzinocasino.org\/wp-content\/uploads\/2025\/11\/lootzino.svg","width":16,"height":20,"caption":"Lootzino"},"image":{"@id":"https:\/\/lootzinocasino.org\/pl\/#\/schema\/logo\/image\/"}}]}},"_links":{"self":[{"href":"https:\/\/lootzinocasino.org\/pl\/wp-json\/wp\/v2\/pages\/1468","targetHints":{"allow":["GET"]}}],"collection":[{"href":"https:\/\/lootzinocasino.org\/pl\/wp-json\/wp\/v2\/pages"}],"about":[{"href":"https:\/\/lootzinocasino.org\/pl\/wp-json\/wp\/v2\/types\/page"}],"author":[{"embeddable":true,"href":"https:\/\/lootzinocasino.org\/pl\/wp-json\/wp\/v2\/users\/1"}],"replies":[{"embeddable":true,"href":"https:\/\/lootzinocasino.org\/pl\/wp-json\/wp\/v2\/comments?post=1468"}],"version-history":[{"count":1,"href":"https:\/\/lootzinocasino.org\/pl\/wp-json\/wp\/v2\/pages\/1468\/revisions"}],"predecessor-version":[{"id":1770,"href":"https:\/\/lootzinocasino.org\/pl\/wp-json\/wp\/v2\/pages\/1468\/revisions\/1770"}],"wp:attachment":[{"href":"https:\/\/lootzinocasino.org\/pl\/wp-json\/wp\/v2\/media?parent=1468"}],"curies":[{"name":"wp","href":"https:\/\/api.w.org\/{rel}","templated":true}]}}